{"id":10527,"date":"2023-05-29T18:07:26","date_gmt":"2023-05-29T17:07:26","guid":{"rendered":"https:\/\/scandesign-old.yashicadev.cz\/?post_type=product&#038;p=10527"},"modified":"2024-01-12T09:40:23","modified_gmt":"2024-01-12T08:40:23","slug":"dekoracni-hovezi-kuze-41-m2-cernobila-sul-a-pepr-454","status":"publish","type":"product","link":"https:\/\/scandesign-old.yashicadev.cz\/de\/produkt\/dekoracni-hovezi-kuze-41-m2-cernobila-sul-a-pepr-454\/","title":{"rendered":"Dekora\u010dn\u00ed hov\u011bz\u00ed k\u016f\u017ee 4,1 m2 \u010dernob\u00edl\u00e1 s\u016fl a pep\u0159 454"},"content":{"rendered":"","protected":false},"excerpt":{"rendered":"<p>Kr\u00e1sn\u011b vybarven\u00e1 k\u016f\u017ee s&nbsp;m\u011bkk\u00fdm chlupem dlouh\u00fdm cca 2 cm. M\u011bkce \u010din\u011bn\u00e1. Top kousek. Foto konkr\u00e9tn\u00edho kusu.<\/p>\n","protected":false},"featured_media":12063,"template":"","meta":{"_acf_changed":false},"product_brand":[],"product_cat":[16],"product_tag":[],"class_list":{"0":"post-10527","1":"product","2":"type-product","3":"status-publish","4":"has-post-thumbnail","6":"product_cat-ovci-kuze","8":"first","9":"instock","10":"taxable","11":"shipping-taxable","12":"purchasable","13":"product-type-simple"},"acf":[],"yoast_head":"<!-- This site is optimized with the Yoast SEO plugin v24.6 - https:\/\/yoast.com\/wordpress\/plugins\/seo\/ -->\n<title>Dekora\u010dn\u00ed hov\u011bz\u00ed k\u016f\u017ee 4,1 m2 \u010dernob\u00edl\u00e1 s\u016fl a pep\u0159 454 - Scandesign - Ko\u017ee\u0161iny pro V\u00e1\u0161 domov<\/title>\n<meta name=\"robots\" content=\"index, follow, max-snippet:-1, max-image-preview:large, max-video-preview:-1\" \/>\n<link rel=\"canonical\" href=\"https:\/\/scandesign-old.yashicadev.cz\/de\/produkt\/dekoracni-hovezi-kuze-41-m2-cernobila-sul-a-pepr-454\/\" \/>\n<meta property=\"og:locale\" content=\"de_DE\" \/>\n<meta property=\"og:type\" content=\"article\" \/>\n<meta property=\"og:title\" content=\"Dekora\u010dn\u00ed hov\u011bz\u00ed k\u016f\u017ee 4,1 m2 \u010dernob\u00edl\u00e1 s\u016fl a pep\u0159 454 - Scandesign - Ko\u017ee\u0161iny pro V\u00e1\u0161 domov\" \/>\n<meta property=\"og:description\" content=\"Kr\u00e1sn\u011b vybarven\u00e1 k\u016f\u017ee s m\u011bkk\u00fdm chlupem dlouh\u00fdm cca 2 cm. M\u011bkce \u010din\u011bn\u00e1. Top kousek. Foto konkr\u00e9tn\u00edho kusu.\" \/>\n<meta property=\"og:url\" content=\"https:\/\/scandesign-old.yashicadev.cz\/de\/produkt\/dekoracni-hovezi-kuze-41-m2-cernobila-sul-a-pepr-454\/\" \/>\n<meta property=\"og:site_name\" content=\"Scandesign - Ko\u017ee\u0161iny pro V\u00e1\u0161 domov\" \/>\n<meta property=\"article:modified_time\" content=\"2024-01-12T08:40:23+00:00\" \/>\n<meta property=\"og:image\" content=\"https:\/\/scandesign-old.yashicadev.cz\/wp-content\/uploads\/2023\/05\/IMG_1754.jpg\" \/>\n\t<meta property=\"og:image:width\" content=\"1200\" \/>\n\t<meta property=\"og:image:height\" content=\"900\" \/>\n\t<meta property=\"og:image:type\" content=\"image\/jpeg\" \/>\n<meta name=\"twitter:card\" content=\"summary_large_image\" \/>\n<meta name=\"twitter:label1\" content=\"Gesch\u00e4tzte Lesezeit\" \/>\n\t<meta name=\"twitter:data1\" content=\"1\u00a0Minute\" \/>\n<script type=\"application\/ld+json\" class=\"yoast-schema-graph\">{\"@context\":\"https:\/\/schema.org\",\"@graph\":[{\"@type\":\"WebPage\",\"@id\":\"https:\/\/scandesign-old.yashicadev.cz\/de\/produkt\/dekoracni-hovezi-kuze-41-m2-cernobila-sul-a-pepr-454\/\",\"url\":\"https:\/\/scandesign-old.yashicadev.cz\/de\/produkt\/dekoracni-hovezi-kuze-41-m2-cernobila-sul-a-pepr-454\/\",\"name\":\"Dekora\u010dn\u00ed hov\u011bz\u00ed k\u016f\u017ee 4,1 m2 \u010dernob\u00edl\u00e1 s\u016fl a pep\u0159 454 - Scandesign - Ko\u017ee\u0161iny pro V\u00e1\u0161 domov\",\"isPartOf\":{\"@id\":\"https:\/\/scandesign-old.yashicadev.cz\/de\/#website\"},\"primaryImageOfPage\":{\"@id\":\"https:\/\/scandesign-old.yashicadev.cz\/de\/produkt\/dekoracni-hovezi-kuze-41-m2-cernobila-sul-a-pepr-454\/#primaryimage\"},\"image\":{\"@id\":\"https:\/\/scandesign-old.yashicadev.cz\/de\/produkt\/dekoracni-hovezi-kuze-41-m2-cernobila-sul-a-pepr-454\/#primaryimage\"},\"thumbnailUrl\":\"https:\/\/scandesign-old.yashicadev.cz\/wp-content\/uploads\/2023\/05\/IMG_1754.jpg\",\"datePublished\":\"2023-05-29T17:07:26+00:00\",\"dateModified\":\"2024-01-12T08:40:23+00:00\",\"breadcrumb\":{\"@id\":\"https:\/\/scandesign-old.yashicadev.cz\/de\/produkt\/dekoracni-hovezi-kuze-41-m2-cernobila-sul-a-pepr-454\/#breadcrumb\"},\"inLanguage\":\"de\",\"potentialAction\":[{\"@type\":\"ReadAction\",\"target\":[\"https:\/\/scandesign-old.yashicadev.cz\/de\/produkt\/dekoracni-hovezi-kuze-41-m2-cernobila-sul-a-pepr-454\/\"]}]},{\"@type\":\"ImageObject\",\"inLanguage\":\"de\",\"@id\":\"https:\/\/scandesign-old.yashicadev.cz\/de\/produkt\/dekoracni-hovezi-kuze-41-m2-cernobila-sul-a-pepr-454\/#primaryimage\",\"url\":\"https:\/\/scandesign-old.yashicadev.cz\/wp-content\/uploads\/2023\/05\/IMG_1754.jpg\",\"contentUrl\":\"https:\/\/scandesign-old.yashicadev.cz\/wp-content\/uploads\/2023\/05\/IMG_1754.jpg\",\"width\":1200,\"height\":900},{\"@type\":\"BreadcrumbList\",\"@id\":\"https:\/\/scandesign-old.yashicadev.cz\/de\/produkt\/dekoracni-hovezi-kuze-41-m2-cernobila-sul-a-pepr-454\/#breadcrumb\",\"itemListElement\":[{\"@type\":\"ListItem\",\"position\":1,\"name\":\"Home\",\"item\":\"https:\/\/scandesign-old.yashicadev.cz\/\"},{\"@type\":\"ListItem\",\"position\":2,\"name\":\"Obchod\",\"item\":\"https:\/\/scandesign-old.yashicadev.cz\/obchod\/\"},{\"@type\":\"ListItem\",\"position\":3,\"name\":\"Dekora\u010dn\u00ed hov\u011bz\u00ed k\u016f\u017ee 4,1 m2 \u010dernob\u00edl\u00e1 s\u016fl a pep\u0159 454\"}]},{\"@type\":\"WebSite\",\"@id\":\"https:\/\/scandesign-old.yashicadev.cz\/de\/#website\",\"url\":\"https:\/\/scandesign-old.yashicadev.cz\/de\/\",\"name\":\"Scandesign - Ko\u017ee\u0161iny pro V\u00e1\u0161 domov\",\"description\":\"Bytov\u00e9 dopl\u0148ky z hov\u011bz\u00ed a ov\u010d\u00ed k\u016f\u017ee\",\"publisher\":{\"@id\":\"https:\/\/scandesign-old.yashicadev.cz\/de\/#organization\"},\"potentialAction\":[{\"@type\":\"SearchAction\",\"target\":{\"@type\":\"EntryPoint\",\"urlTemplate\":\"https:\/\/scandesign-old.yashicadev.cz\/de\/?s={search_term_string}\"},\"query-input\":{\"@type\":\"PropertyValueSpecification\",\"valueRequired\":true,\"valueName\":\"search_term_string\"}}],\"inLanguage\":\"de\"},{\"@type\":\"Organization\",\"@id\":\"https:\/\/scandesign-old.yashicadev.cz\/de\/#organization\",\"name\":\"Scandesign\",\"url\":\"https:\/\/scandesign-old.yashicadev.cz\/de\/\",\"logo\":{\"@type\":\"ImageObject\",\"inLanguage\":\"de\",\"@id\":\"https:\/\/scandesign-old.yashicadev.cz\/de\/#\/schema\/logo\/image\/\",\"url\":\"https:\/\/scandesign-old.yashicadev.cz\/wp-content\/uploads\/2019\/06\/logo.jpg\",\"contentUrl\":\"https:\/\/scandesign-old.yashicadev.cz\/wp-content\/uploads\/2019\/06\/logo.jpg\",\"width\":439,\"height\":79,\"caption\":\"Scandesign\"},\"image\":{\"@id\":\"https:\/\/scandesign-old.yashicadev.cz\/de\/#\/schema\/logo\/image\/\"}}]}<\/script>\n<!-- \/ Yoast SEO plugin. -->","yoast_head_json":{"title":"Dekora\u010dn\u00ed hov\u011bz\u00ed k\u016f\u017ee 4,1 m2 \u010dernob\u00edl\u00e1 s\u016fl a pep\u0159 454 - Scandesign - Ko\u017ee\u0161iny pro V\u00e1\u0161 domov","robots":{"index":"index","follow":"follow","max-snippet":"max-snippet:-1","max-image-preview":"max-image-preview:large","max-video-preview":"max-video-preview:-1"},"canonical":"https:\/\/scandesign-old.yashicadev.cz\/de\/produkt\/dekoracni-hovezi-kuze-41-m2-cernobila-sul-a-pepr-454\/","og_locale":"de_DE","og_type":"article","og_title":"Dekora\u010dn\u00ed hov\u011bz\u00ed k\u016f\u017ee 4,1 m2 \u010dernob\u00edl\u00e1 s\u016fl a pep\u0159 454 - Scandesign - Ko\u017ee\u0161iny pro V\u00e1\u0161 domov","og_description":"Kr\u00e1sn\u011b vybarven\u00e1 k\u016f\u017ee s m\u011bkk\u00fdm chlupem dlouh\u00fdm cca 2 cm. M\u011bkce \u010din\u011bn\u00e1. Top kousek. Foto konkr\u00e9tn\u00edho kusu.","og_url":"https:\/\/scandesign-old.yashicadev.cz\/de\/produkt\/dekoracni-hovezi-kuze-41-m2-cernobila-sul-a-pepr-454\/","og_site_name":"Scandesign - Ko\u017ee\u0161iny pro V\u00e1\u0161 domov","article_modified_time":"2024-01-12T08:40:23+00:00","og_image":[{"width":1200,"height":900,"url":"https:\/\/scandesign-old.yashicadev.cz\/wp-content\/uploads\/2023\/05\/IMG_1754.jpg","type":"image\/jpeg"}],"twitter_card":"summary_large_image","twitter_misc":{"Gesch\u00e4tzte Lesezeit":"1\u00a0Minute"},"schema":{"@context":"https:\/\/schema.org","@graph":[{"@type":"WebPage","@id":"https:\/\/scandesign-old.yashicadev.cz\/de\/produkt\/dekoracni-hovezi-kuze-41-m2-cernobila-sul-a-pepr-454\/","url":"https:\/\/scandesign-old.yashicadev.cz\/de\/produkt\/dekoracni-hovezi-kuze-41-m2-cernobila-sul-a-pepr-454\/","name":"Dekora\u010dn\u00ed hov\u011bz\u00ed k\u016f\u017ee 4,1 m2 \u010dernob\u00edl\u00e1 s\u016fl a pep\u0159 454 - Scandesign - Ko\u017ee\u0161iny pro V\u00e1\u0161 domov","isPartOf":{"@id":"https:\/\/scandesign-old.yashicadev.cz\/de\/#website"},"primaryImageOfPage":{"@id":"https:\/\/scandesign-old.yashicadev.cz\/de\/produkt\/dekoracni-hovezi-kuze-41-m2-cernobila-sul-a-pepr-454\/#primaryimage"},"image":{"@id":"https:\/\/scandesign-old.yashicadev.cz\/de\/produkt\/dekoracni-hovezi-kuze-41-m2-cernobila-sul-a-pepr-454\/#primaryimage"},"thumbnailUrl":"https:\/\/scandesign-old.yashicadev.cz\/wp-content\/uploads\/2023\/05\/IMG_1754.jpg","datePublished":"2023-05-29T17:07:26+00:00","dateModified":"2024-01-12T08:40:23+00:00","breadcrumb":{"@id":"https:\/\/scandesign-old.yashicadev.cz\/de\/produkt\/dekoracni-hovezi-kuze-41-m2-cernobila-sul-a-pepr-454\/#breadcrumb"},"inLanguage":"de","potentialAction":[{"@type":"ReadAction","target":["https:\/\/scandesign-old.yashicadev.cz\/de\/produkt\/dekoracni-hovezi-kuze-41-m2-cernobila-sul-a-pepr-454\/"]}]},{"@type":"ImageObject","inLanguage":"de","@id":"https:\/\/scandesign-old.yashicadev.cz\/de\/produkt\/dekoracni-hovezi-kuze-41-m2-cernobila-sul-a-pepr-454\/#primaryimage","url":"https:\/\/scandesign-old.yashicadev.cz\/wp-content\/uploads\/2023\/05\/IMG_1754.jpg","contentUrl":"https:\/\/scandesign-old.yashicadev.cz\/wp-content\/uploads\/2023\/05\/IMG_1754.jpg","width":1200,"height":900},{"@type":"BreadcrumbList","@id":"https:\/\/scandesign-old.yashicadev.cz\/de\/produkt\/dekoracni-hovezi-kuze-41-m2-cernobila-sul-a-pepr-454\/#breadcrumb","itemListElement":[{"@type":"ListItem","position":1,"name":"Home","item":"https:\/\/scandesign-old.yashicadev.cz\/"},{"@type":"ListItem","position":2,"name":"Obchod","item":"https:\/\/scandesign-old.yashicadev.cz\/obchod\/"},{"@type":"ListItem","position":3,"name":"Dekora\u010dn\u00ed hov\u011bz\u00ed k\u016f\u017ee 4,1 m2 \u010dernob\u00edl\u00e1 s\u016fl a pep\u0159 454"}]},{"@type":"WebSite","@id":"https:\/\/scandesign-old.yashicadev.cz\/de\/#website","url":"https:\/\/scandesign-old.yashicadev.cz\/de\/","name":"Scandesign - Ko\u017ee\u0161iny pro V\u00e1\u0161 domov","description":"Bytov\u00e9 dopl\u0148ky z hov\u011bz\u00ed a ov\u010d\u00ed k\u016f\u017ee","publisher":{"@id":"https:\/\/scandesign-old.yashicadev.cz\/de\/#organization"},"potentialAction":[{"@type":"SearchAction","target":{"@type":"EntryPoint","urlTemplate":"https:\/\/scandesign-old.yashicadev.cz\/de\/?s={search_term_string}"},"query-input":{"@type":"PropertyValueSpecification","valueRequired":true,"valueName":"search_term_string"}}],"inLanguage":"de"},{"@type":"Organization","@id":"https:\/\/scandesign-old.yashicadev.cz\/de\/#organization","name":"Scandesign","url":"https:\/\/scandesign-old.yashicadev.cz\/de\/","logo":{"@type":"ImageObject","inLanguage":"de","@id":"https:\/\/scandesign-old.yashicadev.cz\/de\/#\/schema\/logo\/image\/","url":"https:\/\/scandesign-old.yashicadev.cz\/wp-content\/uploads\/2019\/06\/logo.jpg","contentUrl":"https:\/\/scandesign-old.yashicadev.cz\/wp-content\/uploads\/2019\/06\/logo.jpg","width":439,"height":79,"caption":"Scandesign"},"image":{"@id":"https:\/\/scandesign-old.yashicadev.cz\/de\/#\/schema\/logo\/image\/"}}]}},"_links":{"self":[{"href":"https:\/\/scandesign-old.yashicadev.cz\/de\/wp-json\/wp\/v2\/product\/10527"}],"collection":[{"href":"https:\/\/scandesign-old.yashicadev.cz\/de\/wp-json\/wp\/v2\/product"}],"about":[{"href":"https:\/\/scandesign-old.yashicadev.cz\/de\/wp-json\/wp\/v2\/types\/product"}],"wp:featuredmedia":[{"embeddable":true,"href":"https:\/\/scandesign-old.yashicadev.cz\/de\/wp-json\/wp\/v2\/media\/12063"}],"wp:attachment":[{"href":"https:\/\/scandesign-old.yashicadev.cz\/de\/wp-json\/wp\/v2\/media?parent=10527"}],"wp:term":[{"taxonomy":"product_brand","embeddable":true,"href":"https:\/\/scandesign-old.yashicadev.cz\/de\/wp-json\/wp\/v2\/product_brand?post=10527"},{"taxonomy":"product_cat","embeddable":true,"href":"https:\/\/scandesign-old.yashicadev.cz\/de\/wp-json\/wp\/v2\/product_cat?post=10527"},{"taxonomy":"product_tag","embeddable":true,"href":"https:\/\/scandesign-old.yashicadev.cz\/de\/wp-json\/wp\/v2\/product_tag?post=10527"}],"curies":[{"name":"wp","href":"https:\/\/api.w.org\/{rel}","templated":true}]}}