{"id":1147,"date":"2019-05-23T20:40:46","date_gmt":"2019-05-23T19:40:46","guid":{"rendered":"https:\/\/scandesign-old.yashicadev.cz\/?post_type=product&#038;p=1147"},"modified":"2024-12-16T19:57:08","modified_gmt":"2024-12-16T18:57:08","slug":"islandska-jehneci-kuze-hnedocerna-prirodni-dlouhy-chlup","status":"publish","type":"product","link":"https:\/\/scandesign-old.yashicadev.cz\/de\/produkt\/islandska-jehneci-kuze-hnedocerna-prirodni-dlouhy-chlup\/","title":{"rendered":"Islandsk\u00e1 jehn\u011b\u010d\u00ed k\u016f\u017ee, hn\u011bdo\u010dern\u00e1, p\u0159\u00edrodn\u00ed, dlouh\u00fd chlup, velikost II"},"content":{"rendered":"","protected":false},"excerpt":{"rendered":"<p>Luxusn\u00ed bytov\u00fd dopln\u011bk. P\u0159\u00edrodn\u00ed jehn\u011b\u010d\u00ed k\u016f\u017ee nejvy\u0161\u0161\u00ed kvality, hebk\u00e1 a p\u0159\u00edjemn\u00e1 na dotek. Charakteristick\u00e1 p\u0159\u00edjemnou v\u016fn\u00ed. Nad\u00fdchan\u00fd, jemn\u00fd, dlouh\u00fd chlup. Vyj\u00edme\u010dn\u00fd bytov\u00fd dopln\u011bk, kter\u00fd z\u00fatuln\u00ed v\u00e1\u0161 interi\u00e9r. Kvalitn\u011b vy\u010din\u011bn\u00e1 ko\u017ee\u0161ina p\u0159edstavuj\u00edc\u00ed funk\u010dn\u00ed, estetick\u00fd a trvanliv\u00fd produkt.<\/p>\n<p>Chlup o d\u00e9lce 10 &#8211; 20 cm.<\/p>\n","protected":false},"featured_media":11350,"template":"","meta":{"_acf_changed":false},"product_brand":[],"product_cat":[23],"product_tag":[],"class_list":{"0":"post-1147","1":"product","2":"type-product","3":"status-publish","4":"has-post-thumbnail","6":"product_cat-predlozky","8":"first","9":"instock","10":"sale","11":"taxable","12":"shipping-taxable","13":"purchasable","14":"product-type-simple"},"acf":[],"yoast_head":"<!-- This site is optimized with the Yoast SEO plugin v24.6 - https:\/\/yoast.com\/wordpress\/plugins\/seo\/ -->\n<title>Islandsk\u00e1 jehn\u011b\u010d\u00ed k\u016f\u017ee, hn\u011bdo\u010dern\u00e1, p\u0159\u00edrodn\u00ed, dlouh\u00fd chlup, velikost II - Scandesign - Ko\u017ee\u0161iny pro V\u00e1\u0161 domov<\/title>\n<meta name=\"robots\" content=\"index, follow, max-snippet:-1, max-image-preview:large, max-video-preview:-1\" \/>\n<link rel=\"canonical\" href=\"https:\/\/scandesign-old.yashicadev.cz\/de\/produkt\/islandska-jehneci-kuze-hnedocerna-prirodni-dlouhy-chlup\/\" \/>\n<meta property=\"og:locale\" content=\"de_DE\" \/>\n<meta property=\"og:type\" content=\"article\" \/>\n<meta property=\"og:title\" content=\"Islandsk\u00e1 jehn\u011b\u010d\u00ed k\u016f\u017ee, hn\u011bdo\u010dern\u00e1, p\u0159\u00edrodn\u00ed, dlouh\u00fd chlup, velikost II - Scandesign - Ko\u017ee\u0161iny pro V\u00e1\u0161 domov\" \/>\n<meta property=\"og:description\" content=\"Luxusn\u00ed bytov\u00fd dopln\u011bk. P\u0159\u00edrodn\u00ed jehn\u011b\u010d\u00ed k\u016f\u017ee nejvy\u0161\u0161\u00ed kvality, hebk\u00e1 a p\u0159\u00edjemn\u00e1 na dotek. Charakteristick\u00e1 p\u0159\u00edjemnou v\u016fn\u00ed. Nad\u00fdchan\u00fd, jemn\u00fd, dlouh\u00fd chlup. Vyj\u00edme\u010dn\u00fd bytov\u00fd dopln\u011bk, kter\u00fd z\u00fatuln\u00ed v\u00e1\u0161 interi\u00e9r. Kvalitn\u011b vy\u010din\u011bn\u00e1 ko\u017ee\u0161ina p\u0159edstavuj\u00edc\u00ed funk\u010dn\u00ed, estetick\u00fd a trvanliv\u00fd produkt.  Chlup o d\u00e9lce 10 - 20 cm.\" \/>\n<meta property=\"og:url\" content=\"https:\/\/scandesign-old.yashicadev.cz\/de\/produkt\/islandska-jehneci-kuze-hnedocerna-prirodni-dlouhy-chlup\/\" \/>\n<meta property=\"og:site_name\" content=\"Scandesign - Ko\u017ee\u0161iny pro V\u00e1\u0161 domov\" \/>\n<meta property=\"article:modified_time\" content=\"2024-12-16T18:57:08+00:00\" \/>\n<meta property=\"og:image\" content=\"https:\/\/scandesign-old.yashicadev.cz\/wp-content\/uploads\/2019\/05\/IMG_1023.jpg\" \/>\n\t<meta property=\"og:image:width\" content=\"1200\" \/>\n\t<meta property=\"og:image:height\" content=\"900\" \/>\n\t<meta property=\"og:image:type\" content=\"image\/jpeg\" \/>\n<meta name=\"twitter:card\" content=\"summary_large_image\" \/>\n<meta name=\"twitter:label1\" content=\"Gesch\u00e4tzte Lesezeit\" \/>\n\t<meta name=\"twitter:data1\" content=\"1\u00a0Minute\" \/>\n<script type=\"application\/ld+json\" class=\"yoast-schema-graph\">{\"@context\":\"https:\/\/schema.org\",\"@graph\":[{\"@type\":\"WebPage\",\"@id\":\"https:\/\/scandesign-old.yashicadev.cz\/de\/produkt\/islandska-jehneci-kuze-hnedocerna-prirodni-dlouhy-chlup\/\",\"url\":\"https:\/\/scandesign-old.yashicadev.cz\/de\/produkt\/islandska-jehneci-kuze-hnedocerna-prirodni-dlouhy-chlup\/\",\"name\":\"Islandsk\u00e1 jehn\u011b\u010d\u00ed k\u016f\u017ee, hn\u011bdo\u010dern\u00e1, p\u0159\u00edrodn\u00ed, dlouh\u00fd chlup, velikost II - Scandesign - Ko\u017ee\u0161iny pro V\u00e1\u0161 domov\",\"isPartOf\":{\"@id\":\"https:\/\/scandesign-old.yashicadev.cz\/de\/#website\"},\"primaryImageOfPage\":{\"@id\":\"https:\/\/scandesign-old.yashicadev.cz\/de\/produkt\/islandska-jehneci-kuze-hnedocerna-prirodni-dlouhy-chlup\/#primaryimage\"},\"image\":{\"@id\":\"https:\/\/scandesign-old.yashicadev.cz\/de\/produkt\/islandska-jehneci-kuze-hnedocerna-prirodni-dlouhy-chlup\/#primaryimage\"},\"thumbnailUrl\":\"https:\/\/scandesign-old.yashicadev.cz\/wp-content\/uploads\/2019\/05\/IMG_1023.jpg\",\"datePublished\":\"2019-05-23T19:40:46+00:00\",\"dateModified\":\"2024-12-16T18:57:08+00:00\",\"breadcrumb\":{\"@id\":\"https:\/\/scandesign-old.yashicadev.cz\/de\/produkt\/islandska-jehneci-kuze-hnedocerna-prirodni-dlouhy-chlup\/#breadcrumb\"},\"inLanguage\":\"de\",\"potentialAction\":[{\"@type\":\"ReadAction\",\"target\":[\"https:\/\/scandesign-old.yashicadev.cz\/de\/produkt\/islandska-jehneci-kuze-hnedocerna-prirodni-dlouhy-chlup\/\"]}]},{\"@type\":\"ImageObject\",\"inLanguage\":\"de\",\"@id\":\"https:\/\/scandesign-old.yashicadev.cz\/de\/produkt\/islandska-jehneci-kuze-hnedocerna-prirodni-dlouhy-chlup\/#primaryimage\",\"url\":\"https:\/\/scandesign-old.yashicadev.cz\/wp-content\/uploads\/2019\/05\/IMG_1023.jpg\",\"contentUrl\":\"https:\/\/scandesign-old.yashicadev.cz\/wp-content\/uploads\/2019\/05\/IMG_1023.jpg\",\"width\":1200,\"height\":900},{\"@type\":\"BreadcrumbList\",\"@id\":\"https:\/\/scandesign-old.yashicadev.cz\/de\/produkt\/islandska-jehneci-kuze-hnedocerna-prirodni-dlouhy-chlup\/#breadcrumb\",\"itemListElement\":[{\"@type\":\"ListItem\",\"position\":1,\"name\":\"Home\",\"item\":\"https:\/\/scandesign-old.yashicadev.cz\/\"},{\"@type\":\"ListItem\",\"position\":2,\"name\":\"Obchod\",\"item\":\"https:\/\/scandesign-old.yashicadev.cz\/obchod\/\"},{\"@type\":\"ListItem\",\"position\":3,\"name\":\"Islandsk\u00e1 jehn\u011b\u010d\u00ed k\u016f\u017ee, hn\u011bdo\u010dern\u00e1, p\u0159\u00edrodn\u00ed, dlouh\u00fd chlup, velikost II\"}]},{\"@type\":\"WebSite\",\"@id\":\"https:\/\/scandesign-old.yashicadev.cz\/de\/#website\",\"url\":\"https:\/\/scandesign-old.yashicadev.cz\/de\/\",\"name\":\"Scandesign - Ko\u017ee\u0161iny pro V\u00e1\u0161 domov\",\"description\":\"Bytov\u00e9 dopl\u0148ky z hov\u011bz\u00ed a ov\u010d\u00ed k\u016f\u017ee\",\"publisher\":{\"@id\":\"https:\/\/scandesign-old.yashicadev.cz\/de\/#organization\"},\"potentialAction\":[{\"@type\":\"SearchAction\",\"target\":{\"@type\":\"EntryPoint\",\"urlTemplate\":\"https:\/\/scandesign-old.yashicadev.cz\/de\/?s={search_term_string}\"},\"query-input\":{\"@type\":\"PropertyValueSpecification\",\"valueRequired\":true,\"valueName\":\"search_term_string\"}}],\"inLanguage\":\"de\"},{\"@type\":\"Organization\",\"@id\":\"https:\/\/scandesign-old.yashicadev.cz\/de\/#organization\",\"name\":\"Scandesign\",\"url\":\"https:\/\/scandesign-old.yashicadev.cz\/de\/\",\"logo\":{\"@type\":\"ImageObject\",\"inLanguage\":\"de\",\"@id\":\"https:\/\/scandesign-old.yashicadev.cz\/de\/#\/schema\/logo\/image\/\",\"url\":\"https:\/\/scandesign-old.yashicadev.cz\/wp-content\/uploads\/2019\/06\/logo.jpg\",\"contentUrl\":\"https:\/\/scandesign-old.yashicadev.cz\/wp-content\/uploads\/2019\/06\/logo.jpg\",\"width\":439,\"height\":79,\"caption\":\"Scandesign\"},\"image\":{\"@id\":\"https:\/\/scandesign-old.yashicadev.cz\/de\/#\/schema\/logo\/image\/\"}}]}<\/script>\n<!-- \/ Yoast SEO plugin. -->","yoast_head_json":{"title":"Islandsk\u00e1 jehn\u011b\u010d\u00ed k\u016f\u017ee, hn\u011bdo\u010dern\u00e1, p\u0159\u00edrodn\u00ed, dlouh\u00fd chlup, velikost II - Scandesign - Ko\u017ee\u0161iny pro V\u00e1\u0161 domov","robots":{"index":"index","follow":"follow","max-snippet":"max-snippet:-1","max-image-preview":"max-image-preview:large","max-video-preview":"max-video-preview:-1"},"canonical":"https:\/\/scandesign-old.yashicadev.cz\/de\/produkt\/islandska-jehneci-kuze-hnedocerna-prirodni-dlouhy-chlup\/","og_locale":"de_DE","og_type":"article","og_title":"Islandsk\u00e1 jehn\u011b\u010d\u00ed k\u016f\u017ee, hn\u011bdo\u010dern\u00e1, p\u0159\u00edrodn\u00ed, dlouh\u00fd chlup, velikost II - Scandesign - Ko\u017ee\u0161iny pro V\u00e1\u0161 domov","og_description":"Luxusn\u00ed bytov\u00fd dopln\u011bk. P\u0159\u00edrodn\u00ed jehn\u011b\u010d\u00ed k\u016f\u017ee nejvy\u0161\u0161\u00ed kvality, hebk\u00e1 a p\u0159\u00edjemn\u00e1 na dotek. Charakteristick\u00e1 p\u0159\u00edjemnou v\u016fn\u00ed. Nad\u00fdchan\u00fd, jemn\u00fd, dlouh\u00fd chlup. Vyj\u00edme\u010dn\u00fd bytov\u00fd dopln\u011bk, kter\u00fd z\u00fatuln\u00ed v\u00e1\u0161 interi\u00e9r. Kvalitn\u011b vy\u010din\u011bn\u00e1 ko\u017ee\u0161ina p\u0159edstavuj\u00edc\u00ed funk\u010dn\u00ed, estetick\u00fd a trvanliv\u00fd produkt.  Chlup o d\u00e9lce 10 - 20 cm.","og_url":"https:\/\/scandesign-old.yashicadev.cz\/de\/produkt\/islandska-jehneci-kuze-hnedocerna-prirodni-dlouhy-chlup\/","og_site_name":"Scandesign - Ko\u017ee\u0161iny pro V\u00e1\u0161 domov","article_modified_time":"2024-12-16T18:57:08+00:00","og_image":[{"width":1200,"height":900,"url":"https:\/\/scandesign-old.yashicadev.cz\/wp-content\/uploads\/2019\/05\/IMG_1023.jpg","type":"image\/jpeg"}],"twitter_card":"summary_large_image","twitter_misc":{"Gesch\u00e4tzte Lesezeit":"1\u00a0Minute"},"schema":{"@context":"https:\/\/schema.org","@graph":[{"@type":"WebPage","@id":"https:\/\/scandesign-old.yashicadev.cz\/de\/produkt\/islandska-jehneci-kuze-hnedocerna-prirodni-dlouhy-chlup\/","url":"https:\/\/scandesign-old.yashicadev.cz\/de\/produkt\/islandska-jehneci-kuze-hnedocerna-prirodni-dlouhy-chlup\/","name":"Islandsk\u00e1 jehn\u011b\u010d\u00ed k\u016f\u017ee, hn\u011bdo\u010dern\u00e1, p\u0159\u00edrodn\u00ed, dlouh\u00fd chlup, velikost II - Scandesign - Ko\u017ee\u0161iny pro V\u00e1\u0161 domov","isPartOf":{"@id":"https:\/\/scandesign-old.yashicadev.cz\/de\/#website"},"primaryImageOfPage":{"@id":"https:\/\/scandesign-old.yashicadev.cz\/de\/produkt\/islandska-jehneci-kuze-hnedocerna-prirodni-dlouhy-chlup\/#primaryimage"},"image":{"@id":"https:\/\/scandesign-old.yashicadev.cz\/de\/produkt\/islandska-jehneci-kuze-hnedocerna-prirodni-dlouhy-chlup\/#primaryimage"},"thumbnailUrl":"https:\/\/scandesign-old.yashicadev.cz\/wp-content\/uploads\/2019\/05\/IMG_1023.jpg","datePublished":"2019-05-23T19:40:46+00:00","dateModified":"2024-12-16T18:57:08+00:00","breadcrumb":{"@id":"https:\/\/scandesign-old.yashicadev.cz\/de\/produkt\/islandska-jehneci-kuze-hnedocerna-prirodni-dlouhy-chlup\/#breadcrumb"},"inLanguage":"de","potentialAction":[{"@type":"ReadAction","target":["https:\/\/scandesign-old.yashicadev.cz\/de\/produkt\/islandska-jehneci-kuze-hnedocerna-prirodni-dlouhy-chlup\/"]}]},{"@type":"ImageObject","inLanguage":"de","@id":"https:\/\/scandesign-old.yashicadev.cz\/de\/produkt\/islandska-jehneci-kuze-hnedocerna-prirodni-dlouhy-chlup\/#primaryimage","url":"https:\/\/scandesign-old.yashicadev.cz\/wp-content\/uploads\/2019\/05\/IMG_1023.jpg","contentUrl":"https:\/\/scandesign-old.yashicadev.cz\/wp-content\/uploads\/2019\/05\/IMG_1023.jpg","width":1200,"height":900},{"@type":"BreadcrumbList","@id":"https:\/\/scandesign-old.yashicadev.cz\/de\/produkt\/islandska-jehneci-kuze-hnedocerna-prirodni-dlouhy-chlup\/#breadcrumb","itemListElement":[{"@type":"ListItem","position":1,"name":"Home","item":"https:\/\/scandesign-old.yashicadev.cz\/"},{"@type":"ListItem","position":2,"name":"Obchod","item":"https:\/\/scandesign-old.yashicadev.cz\/obchod\/"},{"@type":"ListItem","position":3,"name":"Islandsk\u00e1 jehn\u011b\u010d\u00ed k\u016f\u017ee, hn\u011bdo\u010dern\u00e1, p\u0159\u00edrodn\u00ed, dlouh\u00fd chlup, velikost II"}]},{"@type":"WebSite","@id":"https:\/\/scandesign-old.yashicadev.cz\/de\/#website","url":"https:\/\/scandesign-old.yashicadev.cz\/de\/","name":"Scandesign - Ko\u017ee\u0161iny pro V\u00e1\u0161 domov","description":"Bytov\u00e9 dopl\u0148ky z hov\u011bz\u00ed a ov\u010d\u00ed k\u016f\u017ee","publisher":{"@id":"https:\/\/scandesign-old.yashicadev.cz\/de\/#organization"},"potentialAction":[{"@type":"SearchAction","target":{"@type":"EntryPoint","urlTemplate":"https:\/\/scandesign-old.yashicadev.cz\/de\/?s={search_term_string}"},"query-input":{"@type":"PropertyValueSpecification","valueRequired":true,"valueName":"search_term_string"}}],"inLanguage":"de"},{"@type":"Organization","@id":"https:\/\/scandesign-old.yashicadev.cz\/de\/#organization","name":"Scandesign","url":"https:\/\/scandesign-old.yashicadev.cz\/de\/","logo":{"@type":"ImageObject","inLanguage":"de","@id":"https:\/\/scandesign-old.yashicadev.cz\/de\/#\/schema\/logo\/image\/","url":"https:\/\/scandesign-old.yashicadev.cz\/wp-content\/uploads\/2019\/06\/logo.jpg","contentUrl":"https:\/\/scandesign-old.yashicadev.cz\/wp-content\/uploads\/2019\/06\/logo.jpg","width":439,"height":79,"caption":"Scandesign"},"image":{"@id":"https:\/\/scandesign-old.yashicadev.cz\/de\/#\/schema\/logo\/image\/"}}]}},"_links":{"self":[{"href":"https:\/\/scandesign-old.yashicadev.cz\/de\/wp-json\/wp\/v2\/product\/1147"}],"collection":[{"href":"https:\/\/scandesign-old.yashicadev.cz\/de\/wp-json\/wp\/v2\/product"}],"about":[{"href":"https:\/\/scandesign-old.yashicadev.cz\/de\/wp-json\/wp\/v2\/types\/product"}],"wp:featuredmedia":[{"embeddable":true,"href":"https:\/\/scandesign-old.yashicadev.cz\/de\/wp-json\/wp\/v2\/media\/11350"}],"wp:attachment":[{"href":"https:\/\/scandesign-old.yashicadev.cz\/de\/wp-json\/wp\/v2\/media?parent=1147"}],"wp:term":[{"taxonomy":"product_brand","embeddable":true,"href":"https:\/\/scandesign-old.yashicadev.cz\/de\/wp-json\/wp\/v2\/product_brand?post=1147"},{"taxonomy":"product_cat","embeddable":true,"href":"https:\/\/scandesign-old.yashicadev.cz\/de\/wp-json\/wp\/v2\/product_cat?post=1147"},{"taxonomy":"product_tag","embeddable":true,"href":"https:\/\/scandesign-old.yashicadev.cz\/de\/wp-json\/wp\/v2\/product_tag?post=1147"}],"curies":[{"name":"wp","href":"https:\/\/api.w.org\/{rel}","templated":true}]}}