{"id":16104,"date":"2024-12-08T13:26:02","date_gmt":"2024-12-08T12:26:02","guid":{"rendered":"https:\/\/scandesign-old.yashicadev.cz\/?post_type=product&#038;p=16104"},"modified":"2025-01-08T15:25:09","modified_gmt":"2025-01-08T14:25:09","slug":"luxusni-taburet-lavice-henrik-sedy","status":"publish","type":"product","link":"https:\/\/scandesign-old.yashicadev.cz\/de\/produkt\/luxusni-taburet-lavice-henrik-sedy\/","title":{"rendered":"Luxusn\u00ed ko\u017een\u00fd taburet &#8211; lavice &#8211; Henrik \u0161ed\u00fd"},"content":{"rendered":"","protected":false},"excerpt":{"rendered":"<p>Luxusn\u00ed lavice \u010daloun\u011bn\u00e1 hov\u011bz\u00ed k\u016f\u017e\u00ed. M\u011bkk\u00fd, hust\u00fd chlup dlouh\u00fd cca 2 cm. D\u0159ev\u011bn\u00fd korpus s&nbsp;molitanov\u00fdm sed\u00e1kem tlou\u0161\u0165ky 4 cm zajist\u00ed pohodln\u00e9 posezen\u00ed. Ocelov\u00e1 konstrukce v&nbsp;\u010dern\u00e9 barv\u011b Komaxit.<\/p>\n<p>Foto konkr\u00e9tn\u00edho kusu.<\/p>\n<p>&nbsp;<\/p>\n","protected":false},"featured_media":16105,"template":"","meta":{"_acf_changed":false},"product_brand":[],"product_cat":[20],"product_tag":[],"class_list":{"0":"post-16104","1":"product","2":"type-product","3":"status-publish","4":"has-post-thumbnail","6":"product_cat-taburety","8":"first","9":"instock","10":"sale","11":"taxable","12":"shipping-taxable","13":"purchasable","14":"product-type-simple"},"acf":[],"yoast_head":"<!-- This site is optimized with the Yoast SEO plugin v24.6 - https:\/\/yoast.com\/wordpress\/plugins\/seo\/ -->\n<title>Luxusn\u00ed ko\u017een\u00fd taburet - lavice - Henrik \u0161ed\u00fd - Scandesign - Ko\u017ee\u0161iny pro V\u00e1\u0161 domov<\/title>\n<meta name=\"robots\" content=\"index, follow, max-snippet:-1, max-image-preview:large, max-video-preview:-1\" \/>\n<link rel=\"canonical\" href=\"https:\/\/scandesign-old.yashicadev.cz\/de\/produkt\/luxusni-taburet-lavice-henrik-sedy\/\" \/>\n<meta property=\"og:locale\" content=\"de_DE\" \/>\n<meta property=\"og:type\" content=\"article\" \/>\n<meta property=\"og:title\" content=\"Luxusn\u00ed ko\u017een\u00fd taburet - lavice - Henrik \u0161ed\u00fd - Scandesign - Ko\u017ee\u0161iny pro V\u00e1\u0161 domov\" \/>\n<meta property=\"og:description\" content=\"Luxusn\u00ed lavice \u010daloun\u011bn\u00e1 hov\u011bz\u00ed k\u016f\u017e\u00ed. M\u011bkk\u00fd, hust\u00fd chlup dlouh\u00fd cca 2 cm. D\u0159ev\u011bn\u00fd korpus s molitanov\u00fdm sed\u00e1kem tlou\u0161\u0165ky 4 cm zajist\u00ed pohodln\u00e9 posezen\u00ed. Ocelov\u00e1 konstrukce v \u010dern\u00e9 barv\u011b Komaxit.  Foto konkr\u00e9tn\u00edho kusu.  &nbsp;\" \/>\n<meta property=\"og:url\" content=\"https:\/\/scandesign-old.yashicadev.cz\/de\/produkt\/luxusni-taburet-lavice-henrik-sedy\/\" \/>\n<meta property=\"og:site_name\" content=\"Scandesign - Ko\u017ee\u0161iny pro V\u00e1\u0161 domov\" \/>\n<meta property=\"article:modified_time\" content=\"2025-01-08T14:25:09+00:00\" \/>\n<meta property=\"og:image\" content=\"https:\/\/scandesign-old.yashicadev.cz\/wp-content\/uploads\/2024\/12\/IMG_4936.png\" \/>\n\t<meta property=\"og:image:width\" content=\"1093\" \/>\n\t<meta property=\"og:image:height\" content=\"820\" \/>\n\t<meta property=\"og:image:type\" content=\"image\/png\" \/>\n<meta name=\"twitter:card\" content=\"summary_large_image\" \/>\n<meta name=\"twitter:label1\" content=\"Gesch\u00e4tzte Lesezeit\" \/>\n\t<meta name=\"twitter:data1\" content=\"1\u00a0Minute\" \/>\n<script type=\"application\/ld+json\" class=\"yoast-schema-graph\">{\"@context\":\"https:\/\/schema.org\",\"@graph\":[{\"@type\":\"WebPage\",\"@id\":\"https:\/\/scandesign-old.yashicadev.cz\/de\/produkt\/luxusni-taburet-lavice-henrik-sedy\/\",\"url\":\"https:\/\/scandesign-old.yashicadev.cz\/de\/produkt\/luxusni-taburet-lavice-henrik-sedy\/\",\"name\":\"Luxusn\u00ed ko\u017een\u00fd taburet - lavice - Henrik \u0161ed\u00fd - Scandesign - Ko\u017ee\u0161iny pro V\u00e1\u0161 domov\",\"isPartOf\":{\"@id\":\"https:\/\/scandesign-old.yashicadev.cz\/de\/#website\"},\"primaryImageOfPage\":{\"@id\":\"https:\/\/scandesign-old.yashicadev.cz\/de\/produkt\/luxusni-taburet-lavice-henrik-sedy\/#primaryimage\"},\"image\":{\"@id\":\"https:\/\/scandesign-old.yashicadev.cz\/de\/produkt\/luxusni-taburet-lavice-henrik-sedy\/#primaryimage\"},\"thumbnailUrl\":\"https:\/\/scandesign-old.yashicadev.cz\/wp-content\/uploads\/2024\/12\/IMG_4936.png\",\"datePublished\":\"2024-12-08T12:26:02+00:00\",\"dateModified\":\"2025-01-08T14:25:09+00:00\",\"breadcrumb\":{\"@id\":\"https:\/\/scandesign-old.yashicadev.cz\/de\/produkt\/luxusni-taburet-lavice-henrik-sedy\/#breadcrumb\"},\"inLanguage\":\"de\",\"potentialAction\":[{\"@type\":\"ReadAction\",\"target\":[\"https:\/\/scandesign-old.yashicadev.cz\/de\/produkt\/luxusni-taburet-lavice-henrik-sedy\/\"]}]},{\"@type\":\"ImageObject\",\"inLanguage\":\"de\",\"@id\":\"https:\/\/scandesign-old.yashicadev.cz\/de\/produkt\/luxusni-taburet-lavice-henrik-sedy\/#primaryimage\",\"url\":\"https:\/\/scandesign-old.yashicadev.cz\/wp-content\/uploads\/2024\/12\/IMG_4936.png\",\"contentUrl\":\"https:\/\/scandesign-old.yashicadev.cz\/wp-content\/uploads\/2024\/12\/IMG_4936.png\",\"width\":1093,\"height\":820},{\"@type\":\"BreadcrumbList\",\"@id\":\"https:\/\/scandesign-old.yashicadev.cz\/de\/produkt\/luxusni-taburet-lavice-henrik-sedy\/#breadcrumb\",\"itemListElement\":[{\"@type\":\"ListItem\",\"position\":1,\"name\":\"Home\",\"item\":\"https:\/\/scandesign-old.yashicadev.cz\/\"},{\"@type\":\"ListItem\",\"position\":2,\"name\":\"Obchod\",\"item\":\"https:\/\/scandesign-old.yashicadev.cz\/obchod\/\"},{\"@type\":\"ListItem\",\"position\":3,\"name\":\"Luxusn\u00ed ko\u017een\u00fd taburet &#8211; lavice &#8211; Henrik \u0161ed\u00fd\"}]},{\"@type\":\"WebSite\",\"@id\":\"https:\/\/scandesign-old.yashicadev.cz\/de\/#website\",\"url\":\"https:\/\/scandesign-old.yashicadev.cz\/de\/\",\"name\":\"Scandesign - Ko\u017ee\u0161iny pro V\u00e1\u0161 domov\",\"description\":\"Bytov\u00e9 dopl\u0148ky z hov\u011bz\u00ed a ov\u010d\u00ed k\u016f\u017ee\",\"publisher\":{\"@id\":\"https:\/\/scandesign-old.yashicadev.cz\/de\/#organization\"},\"potentialAction\":[{\"@type\":\"SearchAction\",\"target\":{\"@type\":\"EntryPoint\",\"urlTemplate\":\"https:\/\/scandesign-old.yashicadev.cz\/de\/?s={search_term_string}\"},\"query-input\":{\"@type\":\"PropertyValueSpecification\",\"valueRequired\":true,\"valueName\":\"search_term_string\"}}],\"inLanguage\":\"de\"},{\"@type\":\"Organization\",\"@id\":\"https:\/\/scandesign-old.yashicadev.cz\/de\/#organization\",\"name\":\"Scandesign\",\"url\":\"https:\/\/scandesign-old.yashicadev.cz\/de\/\",\"logo\":{\"@type\":\"ImageObject\",\"inLanguage\":\"de\",\"@id\":\"https:\/\/scandesign-old.yashicadev.cz\/de\/#\/schema\/logo\/image\/\",\"url\":\"https:\/\/scandesign-old.yashicadev.cz\/wp-content\/uploads\/2019\/06\/logo.jpg\",\"contentUrl\":\"https:\/\/scandesign-old.yashicadev.cz\/wp-content\/uploads\/2019\/06\/logo.jpg\",\"width\":439,\"height\":79,\"caption\":\"Scandesign\"},\"image\":{\"@id\":\"https:\/\/scandesign-old.yashicadev.cz\/de\/#\/schema\/logo\/image\/\"}}]}<\/script>\n<!-- \/ Yoast SEO plugin. -->","yoast_head_json":{"title":"Luxusn\u00ed ko\u017een\u00fd taburet - lavice - Henrik \u0161ed\u00fd - Scandesign - Ko\u017ee\u0161iny pro V\u00e1\u0161 domov","robots":{"index":"index","follow":"follow","max-snippet":"max-snippet:-1","max-image-preview":"max-image-preview:large","max-video-preview":"max-video-preview:-1"},"canonical":"https:\/\/scandesign-old.yashicadev.cz\/de\/produkt\/luxusni-taburet-lavice-henrik-sedy\/","og_locale":"de_DE","og_type":"article","og_title":"Luxusn\u00ed ko\u017een\u00fd taburet - lavice - Henrik \u0161ed\u00fd - Scandesign - Ko\u017ee\u0161iny pro V\u00e1\u0161 domov","og_description":"Luxusn\u00ed lavice \u010daloun\u011bn\u00e1 hov\u011bz\u00ed k\u016f\u017e\u00ed. M\u011bkk\u00fd, hust\u00fd chlup dlouh\u00fd cca 2 cm. D\u0159ev\u011bn\u00fd korpus s molitanov\u00fdm sed\u00e1kem tlou\u0161\u0165ky 4 cm zajist\u00ed pohodln\u00e9 posezen\u00ed. Ocelov\u00e1 konstrukce v \u010dern\u00e9 barv\u011b Komaxit.  Foto konkr\u00e9tn\u00edho kusu.  &nbsp;","og_url":"https:\/\/scandesign-old.yashicadev.cz\/de\/produkt\/luxusni-taburet-lavice-henrik-sedy\/","og_site_name":"Scandesign - Ko\u017ee\u0161iny pro V\u00e1\u0161 domov","article_modified_time":"2025-01-08T14:25:09+00:00","og_image":[{"width":1093,"height":820,"url":"https:\/\/scandesign-old.yashicadev.cz\/wp-content\/uploads\/2024\/12\/IMG_4936.png","type":"image\/png"}],"twitter_card":"summary_large_image","twitter_misc":{"Gesch\u00e4tzte Lesezeit":"1\u00a0Minute"},"schema":{"@context":"https:\/\/schema.org","@graph":[{"@type":"WebPage","@id":"https:\/\/scandesign-old.yashicadev.cz\/de\/produkt\/luxusni-taburet-lavice-henrik-sedy\/","url":"https:\/\/scandesign-old.yashicadev.cz\/de\/produkt\/luxusni-taburet-lavice-henrik-sedy\/","name":"Luxusn\u00ed ko\u017een\u00fd taburet - lavice - Henrik \u0161ed\u00fd - Scandesign - Ko\u017ee\u0161iny pro V\u00e1\u0161 domov","isPartOf":{"@id":"https:\/\/scandesign-old.yashicadev.cz\/de\/#website"},"primaryImageOfPage":{"@id":"https:\/\/scandesign-old.yashicadev.cz\/de\/produkt\/luxusni-taburet-lavice-henrik-sedy\/#primaryimage"},"image":{"@id":"https:\/\/scandesign-old.yashicadev.cz\/de\/produkt\/luxusni-taburet-lavice-henrik-sedy\/#primaryimage"},"thumbnailUrl":"https:\/\/scandesign-old.yashicadev.cz\/wp-content\/uploads\/2024\/12\/IMG_4936.png","datePublished":"2024-12-08T12:26:02+00:00","dateModified":"2025-01-08T14:25:09+00:00","breadcrumb":{"@id":"https:\/\/scandesign-old.yashicadev.cz\/de\/produkt\/luxusni-taburet-lavice-henrik-sedy\/#breadcrumb"},"inLanguage":"de","potentialAction":[{"@type":"ReadAction","target":["https:\/\/scandesign-old.yashicadev.cz\/de\/produkt\/luxusni-taburet-lavice-henrik-sedy\/"]}]},{"@type":"ImageObject","inLanguage":"de","@id":"https:\/\/scandesign-old.yashicadev.cz\/de\/produkt\/luxusni-taburet-lavice-henrik-sedy\/#primaryimage","url":"https:\/\/scandesign-old.yashicadev.cz\/wp-content\/uploads\/2024\/12\/IMG_4936.png","contentUrl":"https:\/\/scandesign-old.yashicadev.cz\/wp-content\/uploads\/2024\/12\/IMG_4936.png","width":1093,"height":820},{"@type":"BreadcrumbList","@id":"https:\/\/scandesign-old.yashicadev.cz\/de\/produkt\/luxusni-taburet-lavice-henrik-sedy\/#breadcrumb","itemListElement":[{"@type":"ListItem","position":1,"name":"Home","item":"https:\/\/scandesign-old.yashicadev.cz\/"},{"@type":"ListItem","position":2,"name":"Obchod","item":"https:\/\/scandesign-old.yashicadev.cz\/obchod\/"},{"@type":"ListItem","position":3,"name":"Luxusn\u00ed ko\u017een\u00fd taburet &#8211; lavice &#8211; Henrik \u0161ed\u00fd"}]},{"@type":"WebSite","@id":"https:\/\/scandesign-old.yashicadev.cz\/de\/#website","url":"https:\/\/scandesign-old.yashicadev.cz\/de\/","name":"Scandesign - Ko\u017ee\u0161iny pro V\u00e1\u0161 domov","description":"Bytov\u00e9 dopl\u0148ky z hov\u011bz\u00ed a ov\u010d\u00ed k\u016f\u017ee","publisher":{"@id":"https:\/\/scandesign-old.yashicadev.cz\/de\/#organization"},"potentialAction":[{"@type":"SearchAction","target":{"@type":"EntryPoint","urlTemplate":"https:\/\/scandesign-old.yashicadev.cz\/de\/?s={search_term_string}"},"query-input":{"@type":"PropertyValueSpecification","valueRequired":true,"valueName":"search_term_string"}}],"inLanguage":"de"},{"@type":"Organization","@id":"https:\/\/scandesign-old.yashicadev.cz\/de\/#organization","name":"Scandesign","url":"https:\/\/scandesign-old.yashicadev.cz\/de\/","logo":{"@type":"ImageObject","inLanguage":"de","@id":"https:\/\/scandesign-old.yashicadev.cz\/de\/#\/schema\/logo\/image\/","url":"https:\/\/scandesign-old.yashicadev.cz\/wp-content\/uploads\/2019\/06\/logo.jpg","contentUrl":"https:\/\/scandesign-old.yashicadev.cz\/wp-content\/uploads\/2019\/06\/logo.jpg","width":439,"height":79,"caption":"Scandesign"},"image":{"@id":"https:\/\/scandesign-old.yashicadev.cz\/de\/#\/schema\/logo\/image\/"}}]}},"_links":{"self":[{"href":"https:\/\/scandesign-old.yashicadev.cz\/de\/wp-json\/wp\/v2\/product\/16104"}],"collection":[{"href":"https:\/\/scandesign-old.yashicadev.cz\/de\/wp-json\/wp\/v2\/product"}],"about":[{"href":"https:\/\/scandesign-old.yashicadev.cz\/de\/wp-json\/wp\/v2\/types\/product"}],"wp:featuredmedia":[{"embeddable":true,"href":"https:\/\/scandesign-old.yashicadev.cz\/de\/wp-json\/wp\/v2\/media\/16105"}],"wp:attachment":[{"href":"https:\/\/scandesign-old.yashicadev.cz\/de\/wp-json\/wp\/v2\/media?parent=16104"}],"wp:term":[{"taxonomy":"product_brand","embeddable":true,"href":"https:\/\/scandesign-old.yashicadev.cz\/de\/wp-json\/wp\/v2\/product_brand?post=16104"},{"taxonomy":"product_cat","embeddable":true,"href":"https:\/\/scandesign-old.yashicadev.cz\/de\/wp-json\/wp\/v2\/product_cat?post=16104"},{"taxonomy":"product_tag","embeddable":true,"href":"https:\/\/scandesign-old.yashicadev.cz\/de\/wp-json\/wp\/v2\/product_tag?post=16104"}],"curies":[{"name":"wp","href":"https:\/\/api.w.org\/{rel}","templated":true}]}}