{"id":8404,"date":"2021-11-17T15:19:16","date_gmt":"2021-11-17T14:19:16","guid":{"rendered":"https:\/\/scandesign-old.yashicadev.cz\/?post_type=product&#038;p=8404"},"modified":"2022-08-13T19:53:18","modified_gmt":"2022-08-13T18:53:18","slug":"kozeny-polstar-exotic-tricolor-50x50-1","status":"publish","type":"product","link":"https:\/\/scandesign-old.yashicadev.cz\/de\/produkt\/kozeny-polstar-exotic-tricolor-50x50-1\/","title":{"rendered":"Ko\u017een\u00fd pol\u0161t\u00e1\u0159 &#8211; exotic tricolor 50&#215;50 -1"},"content":{"rendered":"","protected":false},"excerpt":{"rendered":"<p>Dekora\u010dn\u00ed ko\u017een\u00fd pol\u0161t\u00e1\u0159ek. Oboustrann\u00fd. Strany z&nbsp;jednoho d\u00edlce. Kr\u00e1sn\u011b m\u011bkk\u00fd chlup o d\u00e9lce cca 2 cm. Vyroben z&nbsp;nejkvalitn\u011bj\u0161\u00ed k\u016f\u017ee. V\u00fdpl\u0148 z&nbsp;polyesteru &#8211; dut\u00e9 vl\u00e1kno. Skladem 3 t\u00e9m\u011b\u0159 identick\u00e9 kusy. Na obr\u00e1zc\u00edch pol\u0161t\u00e1\u0159 z&nbsp;obou stran.<\/p>\n","protected":false},"featured_media":8405,"template":"","meta":{"_acf_changed":false},"product_brand":[],"product_cat":[21],"product_tag":[],"class_list":{"0":"post-8404","1":"product","2":"type-product","3":"status-publish","4":"has-post-thumbnail","6":"product_cat-polstare","8":"first","9":"instock","10":"taxable","11":"shipping-taxable","12":"purchasable","13":"product-type-simple"},"acf":[],"yoast_head":"<!-- This site is optimized with the Yoast SEO plugin v24.6 - https:\/\/yoast.com\/wordpress\/plugins\/seo\/ -->\n<title>Ko\u017een\u00fd pol\u0161t\u00e1\u0159 - exotic tricolor 50x50 -1 - Scandesign - Ko\u017ee\u0161iny pro V\u00e1\u0161 domov<\/title>\n<meta name=\"robots\" content=\"index, follow, max-snippet:-1, max-image-preview:large, max-video-preview:-1\" \/>\n<link rel=\"canonical\" href=\"https:\/\/scandesign-old.yashicadev.cz\/de\/produkt\/kozeny-polstar-exotic-tricolor-50x50-1\/\" \/>\n<meta property=\"og:locale\" content=\"de_DE\" \/>\n<meta property=\"og:type\" content=\"article\" \/>\n<meta property=\"og:title\" content=\"Ko\u017een\u00fd pol\u0161t\u00e1\u0159 - exotic tricolor 50x50 -1 - Scandesign - Ko\u017ee\u0161iny pro V\u00e1\u0161 domov\" \/>\n<meta property=\"og:description\" content=\"Dekora\u010dn\u00ed ko\u017een\u00fd pol\u0161t\u00e1\u0159ek. Oboustrann\u00fd. Strany z jednoho d\u00edlce. Kr\u00e1sn\u011b m\u011bkk\u00fd chlup o d\u00e9lce cca 2 cm. Vyroben z nejkvalitn\u011bj\u0161\u00ed k\u016f\u017ee. V\u00fdpl\u0148 z polyesteru - dut\u00e9 vl\u00e1kno. Skladem 3 t\u00e9m\u011b\u0159 identick\u00e9 kusy. Na obr\u00e1zc\u00edch pol\u0161t\u00e1\u0159 z obou stran.\" \/>\n<meta property=\"og:url\" content=\"https:\/\/scandesign-old.yashicadev.cz\/de\/produkt\/kozeny-polstar-exotic-tricolor-50x50-1\/\" \/>\n<meta property=\"og:site_name\" content=\"Scandesign - Ko\u017ee\u0161iny pro V\u00e1\u0161 domov\" \/>\n<meta property=\"article:modified_time\" content=\"2022-08-13T18:53:18+00:00\" \/>\n<meta property=\"og:image\" content=\"https:\/\/scandesign-old.yashicadev.cz\/wp-content\/uploads\/2021\/11\/IMG_0002b_cut.jpg\" \/>\n\t<meta property=\"og:image:width\" content=\"1200\" \/>\n\t<meta property=\"og:image:height\" content=\"800\" \/>\n\t<meta property=\"og:image:type\" content=\"image\/jpeg\" \/>\n<meta name=\"twitter:card\" content=\"summary_large_image\" \/>\n<script type=\"application\/ld+json\" class=\"yoast-schema-graph\">{\"@context\":\"https:\/\/schema.org\",\"@graph\":[{\"@type\":\"WebPage\",\"@id\":\"https:\/\/scandesign-old.yashicadev.cz\/de\/produkt\/kozeny-polstar-exotic-tricolor-50x50-1\/\",\"url\":\"https:\/\/scandesign-old.yashicadev.cz\/de\/produkt\/kozeny-polstar-exotic-tricolor-50x50-1\/\",\"name\":\"Ko\u017een\u00fd pol\u0161t\u00e1\u0159 - exotic tricolor 50x50 -1 - Scandesign - Ko\u017ee\u0161iny pro V\u00e1\u0161 domov\",\"isPartOf\":{\"@id\":\"https:\/\/scandesign-old.yashicadev.cz\/de\/#website\"},\"primaryImageOfPage\":{\"@id\":\"https:\/\/scandesign-old.yashicadev.cz\/de\/produkt\/kozeny-polstar-exotic-tricolor-50x50-1\/#primaryimage\"},\"image\":{\"@id\":\"https:\/\/scandesign-old.yashicadev.cz\/de\/produkt\/kozeny-polstar-exotic-tricolor-50x50-1\/#primaryimage\"},\"thumbnailUrl\":\"https:\/\/scandesign-old.yashicadev.cz\/wp-content\/uploads\/2021\/11\/IMG_0002b_cut.jpg\",\"datePublished\":\"2021-11-17T14:19:16+00:00\",\"dateModified\":\"2022-08-13T18:53:18+00:00\",\"breadcrumb\":{\"@id\":\"https:\/\/scandesign-old.yashicadev.cz\/de\/produkt\/kozeny-polstar-exotic-tricolor-50x50-1\/#breadcrumb\"},\"inLanguage\":\"de\",\"potentialAction\":[{\"@type\":\"ReadAction\",\"target\":[\"https:\/\/scandesign-old.yashicadev.cz\/de\/produkt\/kozeny-polstar-exotic-tricolor-50x50-1\/\"]}]},{\"@type\":\"ImageObject\",\"inLanguage\":\"de\",\"@id\":\"https:\/\/scandesign-old.yashicadev.cz\/de\/produkt\/kozeny-polstar-exotic-tricolor-50x50-1\/#primaryimage\",\"url\":\"https:\/\/scandesign-old.yashicadev.cz\/wp-content\/uploads\/2021\/11\/IMG_0002b_cut.jpg\",\"contentUrl\":\"https:\/\/scandesign-old.yashicadev.cz\/wp-content\/uploads\/2021\/11\/IMG_0002b_cut.jpg\",\"width\":1200,\"height\":800},{\"@type\":\"BreadcrumbList\",\"@id\":\"https:\/\/scandesign-old.yashicadev.cz\/de\/produkt\/kozeny-polstar-exotic-tricolor-50x50-1\/#breadcrumb\",\"itemListElement\":[{\"@type\":\"ListItem\",\"position\":1,\"name\":\"Home\",\"item\":\"https:\/\/scandesign-old.yashicadev.cz\/\"},{\"@type\":\"ListItem\",\"position\":2,\"name\":\"Obchod\",\"item\":\"https:\/\/scandesign-old.yashicadev.cz\/obchod\/\"},{\"@type\":\"ListItem\",\"position\":3,\"name\":\"Ko\u017een\u00fd pol\u0161t\u00e1\u0159 &#8211; exotic tricolor 50&#215;50 -1\"}]},{\"@type\":\"WebSite\",\"@id\":\"https:\/\/scandesign-old.yashicadev.cz\/de\/#website\",\"url\":\"https:\/\/scandesign-old.yashicadev.cz\/de\/\",\"name\":\"Scandesign - Ko\u017ee\u0161iny pro V\u00e1\u0161 domov\",\"description\":\"Bytov\u00e9 dopl\u0148ky z hov\u011bz\u00ed a ov\u010d\u00ed k\u016f\u017ee\",\"publisher\":{\"@id\":\"https:\/\/scandesign-old.yashicadev.cz\/de\/#organization\"},\"potentialAction\":[{\"@type\":\"SearchAction\",\"target\":{\"@type\":\"EntryPoint\",\"urlTemplate\":\"https:\/\/scandesign-old.yashicadev.cz\/de\/?s={search_term_string}\"},\"query-input\":{\"@type\":\"PropertyValueSpecification\",\"valueRequired\":true,\"valueName\":\"search_term_string\"}}],\"inLanguage\":\"de\"},{\"@type\":\"Organization\",\"@id\":\"https:\/\/scandesign-old.yashicadev.cz\/de\/#organization\",\"name\":\"Scandesign\",\"url\":\"https:\/\/scandesign-old.yashicadev.cz\/de\/\",\"logo\":{\"@type\":\"ImageObject\",\"inLanguage\":\"de\",\"@id\":\"https:\/\/scandesign-old.yashicadev.cz\/de\/#\/schema\/logo\/image\/\",\"url\":\"https:\/\/scandesign-old.yashicadev.cz\/wp-content\/uploads\/2019\/06\/logo.jpg\",\"contentUrl\":\"https:\/\/scandesign-old.yashicadev.cz\/wp-content\/uploads\/2019\/06\/logo.jpg\",\"width\":439,\"height\":79,\"caption\":\"Scandesign\"},\"image\":{\"@id\":\"https:\/\/scandesign-old.yashicadev.cz\/de\/#\/schema\/logo\/image\/\"}}]}<\/script>\n<!-- \/ Yoast SEO plugin. -->","yoast_head_json":{"title":"Ko\u017een\u00fd pol\u0161t\u00e1\u0159 - exotic tricolor 50x50 -1 - Scandesign - Ko\u017ee\u0161iny pro V\u00e1\u0161 domov","robots":{"index":"index","follow":"follow","max-snippet":"max-snippet:-1","max-image-preview":"max-image-preview:large","max-video-preview":"max-video-preview:-1"},"canonical":"https:\/\/scandesign-old.yashicadev.cz\/de\/produkt\/kozeny-polstar-exotic-tricolor-50x50-1\/","og_locale":"de_DE","og_type":"article","og_title":"Ko\u017een\u00fd pol\u0161t\u00e1\u0159 - exotic tricolor 50x50 -1 - Scandesign - Ko\u017ee\u0161iny pro V\u00e1\u0161 domov","og_description":"Dekora\u010dn\u00ed ko\u017een\u00fd pol\u0161t\u00e1\u0159ek. Oboustrann\u00fd. Strany z jednoho d\u00edlce. Kr\u00e1sn\u011b m\u011bkk\u00fd chlup o d\u00e9lce cca 2 cm. Vyroben z nejkvalitn\u011bj\u0161\u00ed k\u016f\u017ee. V\u00fdpl\u0148 z polyesteru - dut\u00e9 vl\u00e1kno. Skladem 3 t\u00e9m\u011b\u0159 identick\u00e9 kusy. Na obr\u00e1zc\u00edch pol\u0161t\u00e1\u0159 z obou stran.","og_url":"https:\/\/scandesign-old.yashicadev.cz\/de\/produkt\/kozeny-polstar-exotic-tricolor-50x50-1\/","og_site_name":"Scandesign - Ko\u017ee\u0161iny pro V\u00e1\u0161 domov","article_modified_time":"2022-08-13T18:53:18+00:00","og_image":[{"width":1200,"height":800,"url":"https:\/\/scandesign-old.yashicadev.cz\/wp-content\/uploads\/2021\/11\/IMG_0002b_cut.jpg","type":"image\/jpeg"}],"twitter_card":"summary_large_image","schema":{"@context":"https:\/\/schema.org","@graph":[{"@type":"WebPage","@id":"https:\/\/scandesign-old.yashicadev.cz\/de\/produkt\/kozeny-polstar-exotic-tricolor-50x50-1\/","url":"https:\/\/scandesign-old.yashicadev.cz\/de\/produkt\/kozeny-polstar-exotic-tricolor-50x50-1\/","name":"Ko\u017een\u00fd pol\u0161t\u00e1\u0159 - exotic tricolor 50x50 -1 - Scandesign - Ko\u017ee\u0161iny pro V\u00e1\u0161 domov","isPartOf":{"@id":"https:\/\/scandesign-old.yashicadev.cz\/de\/#website"},"primaryImageOfPage":{"@id":"https:\/\/scandesign-old.yashicadev.cz\/de\/produkt\/kozeny-polstar-exotic-tricolor-50x50-1\/#primaryimage"},"image":{"@id":"https:\/\/scandesign-old.yashicadev.cz\/de\/produkt\/kozeny-polstar-exotic-tricolor-50x50-1\/#primaryimage"},"thumbnailUrl":"https:\/\/scandesign-old.yashicadev.cz\/wp-content\/uploads\/2021\/11\/IMG_0002b_cut.jpg","datePublished":"2021-11-17T14:19:16+00:00","dateModified":"2022-08-13T18:53:18+00:00","breadcrumb":{"@id":"https:\/\/scandesign-old.yashicadev.cz\/de\/produkt\/kozeny-polstar-exotic-tricolor-50x50-1\/#breadcrumb"},"inLanguage":"de","potentialAction":[{"@type":"ReadAction","target":["https:\/\/scandesign-old.yashicadev.cz\/de\/produkt\/kozeny-polstar-exotic-tricolor-50x50-1\/"]}]},{"@type":"ImageObject","inLanguage":"de","@id":"https:\/\/scandesign-old.yashicadev.cz\/de\/produkt\/kozeny-polstar-exotic-tricolor-50x50-1\/#primaryimage","url":"https:\/\/scandesign-old.yashicadev.cz\/wp-content\/uploads\/2021\/11\/IMG_0002b_cut.jpg","contentUrl":"https:\/\/scandesign-old.yashicadev.cz\/wp-content\/uploads\/2021\/11\/IMG_0002b_cut.jpg","width":1200,"height":800},{"@type":"BreadcrumbList","@id":"https:\/\/scandesign-old.yashicadev.cz\/de\/produkt\/kozeny-polstar-exotic-tricolor-50x50-1\/#breadcrumb","itemListElement":[{"@type":"ListItem","position":1,"name":"Home","item":"https:\/\/scandesign-old.yashicadev.cz\/"},{"@type":"ListItem","position":2,"name":"Obchod","item":"https:\/\/scandesign-old.yashicadev.cz\/obchod\/"},{"@type":"ListItem","position":3,"name":"Ko\u017een\u00fd pol\u0161t\u00e1\u0159 &#8211; exotic tricolor 50&#215;50 -1"}]},{"@type":"WebSite","@id":"https:\/\/scandesign-old.yashicadev.cz\/de\/#website","url":"https:\/\/scandesign-old.yashicadev.cz\/de\/","name":"Scandesign - Ko\u017ee\u0161iny pro V\u00e1\u0161 domov","description":"Bytov\u00e9 dopl\u0148ky z hov\u011bz\u00ed a ov\u010d\u00ed k\u016f\u017ee","publisher":{"@id":"https:\/\/scandesign-old.yashicadev.cz\/de\/#organization"},"potentialAction":[{"@type":"SearchAction","target":{"@type":"EntryPoint","urlTemplate":"https:\/\/scandesign-old.yashicadev.cz\/de\/?s={search_term_string}"},"query-input":{"@type":"PropertyValueSpecification","valueRequired":true,"valueName":"search_term_string"}}],"inLanguage":"de"},{"@type":"Organization","@id":"https:\/\/scandesign-old.yashicadev.cz\/de\/#organization","name":"Scandesign","url":"https:\/\/scandesign-old.yashicadev.cz\/de\/","logo":{"@type":"ImageObject","inLanguage":"de","@id":"https:\/\/scandesign-old.yashicadev.cz\/de\/#\/schema\/logo\/image\/","url":"https:\/\/scandesign-old.yashicadev.cz\/wp-content\/uploads\/2019\/06\/logo.jpg","contentUrl":"https:\/\/scandesign-old.yashicadev.cz\/wp-content\/uploads\/2019\/06\/logo.jpg","width":439,"height":79,"caption":"Scandesign"},"image":{"@id":"https:\/\/scandesign-old.yashicadev.cz\/de\/#\/schema\/logo\/image\/"}}]}},"_links":{"self":[{"href":"https:\/\/scandesign-old.yashicadev.cz\/de\/wp-json\/wp\/v2\/product\/8404"}],"collection":[{"href":"https:\/\/scandesign-old.yashicadev.cz\/de\/wp-json\/wp\/v2\/product"}],"about":[{"href":"https:\/\/scandesign-old.yashicadev.cz\/de\/wp-json\/wp\/v2\/types\/product"}],"wp:featuredmedia":[{"embeddable":true,"href":"https:\/\/scandesign-old.yashicadev.cz\/de\/wp-json\/wp\/v2\/media\/8405"}],"wp:attachment":[{"href":"https:\/\/scandesign-old.yashicadev.cz\/de\/wp-json\/wp\/v2\/media?parent=8404"}],"wp:term":[{"taxonomy":"product_brand","embeddable":true,"href":"https:\/\/scandesign-old.yashicadev.cz\/de\/wp-json\/wp\/v2\/product_brand?post=8404"},{"taxonomy":"product_cat","embeddable":true,"href":"https:\/\/scandesign-old.yashicadev.cz\/de\/wp-json\/wp\/v2\/product_cat?post=8404"},{"taxonomy":"product_tag","embeddable":true,"href":"https:\/\/scandesign-old.yashicadev.cz\/de\/wp-json\/wp\/v2\/product_tag?post=8404"}],"curies":[{"name":"wp","href":"https:\/\/api.w.org\/{rel}","templated":true}]}}