{"id":9323,"date":"2022-05-22T20:56:32","date_gmt":"2022-05-22T19:56:32","guid":{"rendered":"https:\/\/scandesign-old.yashicadev.cz\/?post_type=product&#038;p=9323"},"modified":"2025-03-04T19:53:36","modified_gmt":"2025-03-04T18:53:36","slug":"tibetska-ovci-kozesina-duo-tone","status":"publish","type":"product","link":"https:\/\/scandesign-old.yashicadev.cz\/de\/produkt\/tibetska-ovci-kozesina-duo-tone\/","title":{"rendered":"Tibetsk\u00e1 ov\u010d\u00ed ko\u017ee\u0161ina, duo tone"},"content":{"rendered":"","protected":false},"excerpt":{"rendered":"<p>Luxusn\u00ed bytov\u00fd dopln\u011bk. Barven\u00e1 ko\u017ee\u0161ina z&nbsp;tibetsk\u00e9 ovce. Velmi jemn\u00e1 use\u0148, stejn\u011b jako chlup, kter\u00fd je po nata\u017een\u00ed dlouh\u00fd cca 10 cm. Ko\u017ee\u0161ina nejvy\u0161\u0161\u00ed kvality, hebk\u00e1 a p\u0159\u00edjemn\u00e1 na dotek. V\u00fdjime\u010dn\u00fd bytov\u00fd dopln\u011bk, kter\u00fd z\u00fatuln\u00ed v\u00e1\u0161 interi\u00e9r. Kvalitn\u011b vy\u010din\u011bn\u00e1 ko\u017ee\u0161ina p\u0159edstavuj\u00edc\u00ed funk\u010dn\u00ed, estetick\u00fd a trvanliv\u00fd produkt.<\/p>\n<p>Jedna velikost.<\/p>\n<p>&nbsp;<\/p>\n<p>&nbsp;<\/p>\n","protected":false},"featured_media":11552,"template":"","meta":{"_acf_changed":false},"product_brand":[],"product_cat":[23],"product_tag":[],"class_list":{"0":"post-9323","1":"product","2":"type-product","3":"status-publish","4":"has-post-thumbnail","6":"product_cat-predlozky","8":"first","9":"instock","10":"sale","11":"taxable","12":"shipping-taxable","13":"purchasable","14":"product-type-simple"},"acf":[],"yoast_head":"<!-- This site is optimized with the Yoast SEO plugin v24.6 - https:\/\/yoast.com\/wordpress\/plugins\/seo\/ -->\n<title>Tibetsk\u00e1 ov\u010d\u00ed ko\u017ee\u0161ina, duo tone - Scandesign - Ko\u017ee\u0161iny pro V\u00e1\u0161 domov<\/title>\n<meta name=\"robots\" content=\"index, follow, max-snippet:-1, max-image-preview:large, max-video-preview:-1\" \/>\n<link rel=\"canonical\" href=\"https:\/\/scandesign-old.yashicadev.cz\/de\/produkt\/tibetska-ovci-kozesina-duo-tone\/\" \/>\n<meta property=\"og:locale\" content=\"de_DE\" \/>\n<meta property=\"og:type\" content=\"article\" \/>\n<meta property=\"og:title\" content=\"Tibetsk\u00e1 ov\u010d\u00ed ko\u017ee\u0161ina, duo tone - Scandesign - Ko\u017ee\u0161iny pro V\u00e1\u0161 domov\" \/>\n<meta property=\"og:description\" content=\"Luxusn\u00ed bytov\u00fd dopln\u011bk. Barven\u00e1 ko\u017ee\u0161ina z tibetsk\u00e9 ovce. Velmi jemn\u00e1 use\u0148, stejn\u011b jako chlup, kter\u00fd je po nata\u017een\u00ed dlouh\u00fd cca 10 cm. Ko\u017ee\u0161ina nejvy\u0161\u0161\u00ed kvality, hebk\u00e1 a p\u0159\u00edjemn\u00e1 na dotek. V\u00fdjime\u010dn\u00fd bytov\u00fd dopln\u011bk, kter\u00fd z\u00fatuln\u00ed v\u00e1\u0161 interi\u00e9r. Kvalitn\u011b vy\u010din\u011bn\u00e1 ko\u017ee\u0161ina p\u0159edstavuj\u00edc\u00ed funk\u010dn\u00ed, estetick\u00fd a trvanliv\u00fd produkt.  Jedna velikost.  &nbsp;  &nbsp;\" \/>\n<meta property=\"og:url\" content=\"https:\/\/scandesign-old.yashicadev.cz\/de\/produkt\/tibetska-ovci-kozesina-duo-tone\/\" \/>\n<meta property=\"og:site_name\" content=\"Scandesign - Ko\u017ee\u0161iny pro V\u00e1\u0161 domov\" \/>\n<meta property=\"article:modified_time\" content=\"2025-03-04T18:53:36+00:00\" \/>\n<meta property=\"og:image\" content=\"https:\/\/scandesign-old.yashicadev.cz\/wp-content\/uploads\/2022\/05\/IMG_1268-e1704143974386.jpg\" \/>\n\t<meta property=\"og:image:width\" content=\"1146\" \/>\n\t<meta property=\"og:image:height\" content=\"858\" \/>\n\t<meta property=\"og:image:type\" content=\"image\/jpeg\" \/>\n<meta name=\"twitter:card\" content=\"summary_large_image\" \/>\n<meta name=\"twitter:label1\" content=\"Gesch\u00e4tzte Lesezeit\" \/>\n\t<meta name=\"twitter:data1\" content=\"1\u00a0Minute\" \/>\n<script type=\"application\/ld+json\" class=\"yoast-schema-graph\">{\"@context\":\"https:\/\/schema.org\",\"@graph\":[{\"@type\":\"WebPage\",\"@id\":\"https:\/\/scandesign-old.yashicadev.cz\/de\/produkt\/tibetska-ovci-kozesina-duo-tone\/\",\"url\":\"https:\/\/scandesign-old.yashicadev.cz\/de\/produkt\/tibetska-ovci-kozesina-duo-tone\/\",\"name\":\"Tibetsk\u00e1 ov\u010d\u00ed ko\u017ee\u0161ina, duo tone - Scandesign - Ko\u017ee\u0161iny pro V\u00e1\u0161 domov\",\"isPartOf\":{\"@id\":\"https:\/\/scandesign-old.yashicadev.cz\/de\/#website\"},\"primaryImageOfPage\":{\"@id\":\"https:\/\/scandesign-old.yashicadev.cz\/de\/produkt\/tibetska-ovci-kozesina-duo-tone\/#primaryimage\"},\"image\":{\"@id\":\"https:\/\/scandesign-old.yashicadev.cz\/de\/produkt\/tibetska-ovci-kozesina-duo-tone\/#primaryimage\"},\"thumbnailUrl\":\"https:\/\/scandesign-old.yashicadev.cz\/wp-content\/uploads\/2022\/05\/IMG_1268-e1704143974386.jpg\",\"datePublished\":\"2022-05-22T19:56:32+00:00\",\"dateModified\":\"2025-03-04T18:53:36+00:00\",\"breadcrumb\":{\"@id\":\"https:\/\/scandesign-old.yashicadev.cz\/de\/produkt\/tibetska-ovci-kozesina-duo-tone\/#breadcrumb\"},\"inLanguage\":\"de\",\"potentialAction\":[{\"@type\":\"ReadAction\",\"target\":[\"https:\/\/scandesign-old.yashicadev.cz\/de\/produkt\/tibetska-ovci-kozesina-duo-tone\/\"]}]},{\"@type\":\"ImageObject\",\"inLanguage\":\"de\",\"@id\":\"https:\/\/scandesign-old.yashicadev.cz\/de\/produkt\/tibetska-ovci-kozesina-duo-tone\/#primaryimage\",\"url\":\"https:\/\/scandesign-old.yashicadev.cz\/wp-content\/uploads\/2022\/05\/IMG_1268-e1704143974386.jpg\",\"contentUrl\":\"https:\/\/scandesign-old.yashicadev.cz\/wp-content\/uploads\/2022\/05\/IMG_1268-e1704143974386.jpg\",\"width\":1146,\"height\":858},{\"@type\":\"BreadcrumbList\",\"@id\":\"https:\/\/scandesign-old.yashicadev.cz\/de\/produkt\/tibetska-ovci-kozesina-duo-tone\/#breadcrumb\",\"itemListElement\":[{\"@type\":\"ListItem\",\"position\":1,\"name\":\"Home\",\"item\":\"https:\/\/scandesign-old.yashicadev.cz\/\"},{\"@type\":\"ListItem\",\"position\":2,\"name\":\"Obchod\",\"item\":\"https:\/\/scandesign-old.yashicadev.cz\/obchod\/\"},{\"@type\":\"ListItem\",\"position\":3,\"name\":\"Tibetsk\u00e1 ov\u010d\u00ed ko\u017ee\u0161ina, duo tone\"}]},{\"@type\":\"WebSite\",\"@id\":\"https:\/\/scandesign-old.yashicadev.cz\/de\/#website\",\"url\":\"https:\/\/scandesign-old.yashicadev.cz\/de\/\",\"name\":\"Scandesign - Ko\u017ee\u0161iny pro V\u00e1\u0161 domov\",\"description\":\"Bytov\u00e9 dopl\u0148ky z hov\u011bz\u00ed a ov\u010d\u00ed k\u016f\u017ee\",\"publisher\":{\"@id\":\"https:\/\/scandesign-old.yashicadev.cz\/de\/#organization\"},\"potentialAction\":[{\"@type\":\"SearchAction\",\"target\":{\"@type\":\"EntryPoint\",\"urlTemplate\":\"https:\/\/scandesign-old.yashicadev.cz\/de\/?s={search_term_string}\"},\"query-input\":{\"@type\":\"PropertyValueSpecification\",\"valueRequired\":true,\"valueName\":\"search_term_string\"}}],\"inLanguage\":\"de\"},{\"@type\":\"Organization\",\"@id\":\"https:\/\/scandesign-old.yashicadev.cz\/de\/#organization\",\"name\":\"Scandesign\",\"url\":\"https:\/\/scandesign-old.yashicadev.cz\/de\/\",\"logo\":{\"@type\":\"ImageObject\",\"inLanguage\":\"de\",\"@id\":\"https:\/\/scandesign-old.yashicadev.cz\/de\/#\/schema\/logo\/image\/\",\"url\":\"https:\/\/scandesign-old.yashicadev.cz\/wp-content\/uploads\/2019\/06\/logo.jpg\",\"contentUrl\":\"https:\/\/scandesign-old.yashicadev.cz\/wp-content\/uploads\/2019\/06\/logo.jpg\",\"width\":439,\"height\":79,\"caption\":\"Scandesign\"},\"image\":{\"@id\":\"https:\/\/scandesign-old.yashicadev.cz\/de\/#\/schema\/logo\/image\/\"}}]}<\/script>\n<!-- \/ Yoast SEO plugin. -->","yoast_head_json":{"title":"Tibetsk\u00e1 ov\u010d\u00ed ko\u017ee\u0161ina, duo tone - Scandesign - Ko\u017ee\u0161iny pro V\u00e1\u0161 domov","robots":{"index":"index","follow":"follow","max-snippet":"max-snippet:-1","max-image-preview":"max-image-preview:large","max-video-preview":"max-video-preview:-1"},"canonical":"https:\/\/scandesign-old.yashicadev.cz\/de\/produkt\/tibetska-ovci-kozesina-duo-tone\/","og_locale":"de_DE","og_type":"article","og_title":"Tibetsk\u00e1 ov\u010d\u00ed ko\u017ee\u0161ina, duo tone - Scandesign - Ko\u017ee\u0161iny pro V\u00e1\u0161 domov","og_description":"Luxusn\u00ed bytov\u00fd dopln\u011bk. Barven\u00e1 ko\u017ee\u0161ina z tibetsk\u00e9 ovce. Velmi jemn\u00e1 use\u0148, stejn\u011b jako chlup, kter\u00fd je po nata\u017een\u00ed dlouh\u00fd cca 10 cm. Ko\u017ee\u0161ina nejvy\u0161\u0161\u00ed kvality, hebk\u00e1 a p\u0159\u00edjemn\u00e1 na dotek. V\u00fdjime\u010dn\u00fd bytov\u00fd dopln\u011bk, kter\u00fd z\u00fatuln\u00ed v\u00e1\u0161 interi\u00e9r. Kvalitn\u011b vy\u010din\u011bn\u00e1 ko\u017ee\u0161ina p\u0159edstavuj\u00edc\u00ed funk\u010dn\u00ed, estetick\u00fd a trvanliv\u00fd produkt.  Jedna velikost.  &nbsp;  &nbsp;","og_url":"https:\/\/scandesign-old.yashicadev.cz\/de\/produkt\/tibetska-ovci-kozesina-duo-tone\/","og_site_name":"Scandesign - Ko\u017ee\u0161iny pro V\u00e1\u0161 domov","article_modified_time":"2025-03-04T18:53:36+00:00","og_image":[{"width":1146,"height":858,"url":"https:\/\/scandesign-old.yashicadev.cz\/wp-content\/uploads\/2022\/05\/IMG_1268-e1704143974386.jpg","type":"image\/jpeg"}],"twitter_card":"summary_large_image","twitter_misc":{"Gesch\u00e4tzte Lesezeit":"1\u00a0Minute"},"schema":{"@context":"https:\/\/schema.org","@graph":[{"@type":"WebPage","@id":"https:\/\/scandesign-old.yashicadev.cz\/de\/produkt\/tibetska-ovci-kozesina-duo-tone\/","url":"https:\/\/scandesign-old.yashicadev.cz\/de\/produkt\/tibetska-ovci-kozesina-duo-tone\/","name":"Tibetsk\u00e1 ov\u010d\u00ed ko\u017ee\u0161ina, duo tone - Scandesign - Ko\u017ee\u0161iny pro V\u00e1\u0161 domov","isPartOf":{"@id":"https:\/\/scandesign-old.yashicadev.cz\/de\/#website"},"primaryImageOfPage":{"@id":"https:\/\/scandesign-old.yashicadev.cz\/de\/produkt\/tibetska-ovci-kozesina-duo-tone\/#primaryimage"},"image":{"@id":"https:\/\/scandesign-old.yashicadev.cz\/de\/produkt\/tibetska-ovci-kozesina-duo-tone\/#primaryimage"},"thumbnailUrl":"https:\/\/scandesign-old.yashicadev.cz\/wp-content\/uploads\/2022\/05\/IMG_1268-e1704143974386.jpg","datePublished":"2022-05-22T19:56:32+00:00","dateModified":"2025-03-04T18:53:36+00:00","breadcrumb":{"@id":"https:\/\/scandesign-old.yashicadev.cz\/de\/produkt\/tibetska-ovci-kozesina-duo-tone\/#breadcrumb"},"inLanguage":"de","potentialAction":[{"@type":"ReadAction","target":["https:\/\/scandesign-old.yashicadev.cz\/de\/produkt\/tibetska-ovci-kozesina-duo-tone\/"]}]},{"@type":"ImageObject","inLanguage":"de","@id":"https:\/\/scandesign-old.yashicadev.cz\/de\/produkt\/tibetska-ovci-kozesina-duo-tone\/#primaryimage","url":"https:\/\/scandesign-old.yashicadev.cz\/wp-content\/uploads\/2022\/05\/IMG_1268-e1704143974386.jpg","contentUrl":"https:\/\/scandesign-old.yashicadev.cz\/wp-content\/uploads\/2022\/05\/IMG_1268-e1704143974386.jpg","width":1146,"height":858},{"@type":"BreadcrumbList","@id":"https:\/\/scandesign-old.yashicadev.cz\/de\/produkt\/tibetska-ovci-kozesina-duo-tone\/#breadcrumb","itemListElement":[{"@type":"ListItem","position":1,"name":"Home","item":"https:\/\/scandesign-old.yashicadev.cz\/"},{"@type":"ListItem","position":2,"name":"Obchod","item":"https:\/\/scandesign-old.yashicadev.cz\/obchod\/"},{"@type":"ListItem","position":3,"name":"Tibetsk\u00e1 ov\u010d\u00ed ko\u017ee\u0161ina, duo tone"}]},{"@type":"WebSite","@id":"https:\/\/scandesign-old.yashicadev.cz\/de\/#website","url":"https:\/\/scandesign-old.yashicadev.cz\/de\/","name":"Scandesign - Ko\u017ee\u0161iny pro V\u00e1\u0161 domov","description":"Bytov\u00e9 dopl\u0148ky z hov\u011bz\u00ed a ov\u010d\u00ed k\u016f\u017ee","publisher":{"@id":"https:\/\/scandesign-old.yashicadev.cz\/de\/#organization"},"potentialAction":[{"@type":"SearchAction","target":{"@type":"EntryPoint","urlTemplate":"https:\/\/scandesign-old.yashicadev.cz\/de\/?s={search_term_string}"},"query-input":{"@type":"PropertyValueSpecification","valueRequired":true,"valueName":"search_term_string"}}],"inLanguage":"de"},{"@type":"Organization","@id":"https:\/\/scandesign-old.yashicadev.cz\/de\/#organization","name":"Scandesign","url":"https:\/\/scandesign-old.yashicadev.cz\/de\/","logo":{"@type":"ImageObject","inLanguage":"de","@id":"https:\/\/scandesign-old.yashicadev.cz\/de\/#\/schema\/logo\/image\/","url":"https:\/\/scandesign-old.yashicadev.cz\/wp-content\/uploads\/2019\/06\/logo.jpg","contentUrl":"https:\/\/scandesign-old.yashicadev.cz\/wp-content\/uploads\/2019\/06\/logo.jpg","width":439,"height":79,"caption":"Scandesign"},"image":{"@id":"https:\/\/scandesign-old.yashicadev.cz\/de\/#\/schema\/logo\/image\/"}}]}},"_links":{"self":[{"href":"https:\/\/scandesign-old.yashicadev.cz\/de\/wp-json\/wp\/v2\/product\/9323"}],"collection":[{"href":"https:\/\/scandesign-old.yashicadev.cz\/de\/wp-json\/wp\/v2\/product"}],"about":[{"href":"https:\/\/scandesign-old.yashicadev.cz\/de\/wp-json\/wp\/v2\/types\/product"}],"wp:featuredmedia":[{"embeddable":true,"href":"https:\/\/scandesign-old.yashicadev.cz\/de\/wp-json\/wp\/v2\/media\/11552"}],"wp:attachment":[{"href":"https:\/\/scandesign-old.yashicadev.cz\/de\/wp-json\/wp\/v2\/media?parent=9323"}],"wp:term":[{"taxonomy":"product_brand","embeddable":true,"href":"https:\/\/scandesign-old.yashicadev.cz\/de\/wp-json\/wp\/v2\/product_brand?post=9323"},{"taxonomy":"product_cat","embeddable":true,"href":"https:\/\/scandesign-old.yashicadev.cz\/de\/wp-json\/wp\/v2\/product_cat?post=9323"},{"taxonomy":"product_tag","embeddable":true,"href":"https:\/\/scandesign-old.yashicadev.cz\/de\/wp-json\/wp\/v2\/product_tag?post=9323"}],"curies":[{"name":"wp","href":"https:\/\/api.w.org\/{rel}","templated":true}]}}