{"id":988,"date":"2019-05-21T19:01:19","date_gmt":"2019-05-21T18:01:19","guid":{"rendered":"https:\/\/scandesign-old.yashicadev.cz\/?post_type=product&#038;p=988"},"modified":"2024-10-20T18:38:59","modified_gmt":"2024-10-20T17:38:59","slug":"sedaci-pytel-bean-bag-bilocerny-strizeny","status":"publish","type":"product","link":"https:\/\/scandesign-old.yashicadev.cz\/de\/produkt\/sedaci-pytel-bean-bag-bilocerny-strizeny\/","title":{"rendered":"Sedac\u00ed pytel &#8211; bean bag &#8211; b\u00edlo\u010dern\u00fd, st\u0159i\u017een\u00fd"},"content":{"rendered":"<div class=\"wp-menu-arrow\"><\/div>\n<div class=\"wp-menu-name\"><\/div>\n<p>&nbsp;<\/p>\n","protected":false},"excerpt":{"rendered":"<p>Sedac\u00ed pytel ze st\u0159i\u017een\u00e9 islandsk\u00e9 jehn\u011b\u010d\u00ed k\u016f\u017ee. V\u00fdpl\u0148 z&nbsp;polystyr\u00e9nov\u00fdch kuli\u010dek Styrofoam. Jedine\u010dn\u00fd, luxusn\u00ed v\u00fdrobek z&nbsp;t\u00e9 nejjemn\u011bj\u0161\u00ed ov\u010d\u00ed k\u016f\u017ee, kter\u00fd V\u00e1s bude opravdu h\u00fd\u010dkat. D\u00edky ide\u00e1ln\u00edmu rozm\u011bru se do pytle pohodln\u011b posad\u00edte a kdy\u017e jej nebudete pou\u017e\u00edvat, nebude p\u0159ek\u00e1\u017eet.<br \/>\nRozm\u011bry v&nbsp;z\u00e1vislosti na natvarov\u00e1n\u00ed.<\/p>\n<p>Chlup o d\u00e9lce 5 cm.<\/p>\n","protected":false},"featured_media":989,"template":"","meta":{"_acf_changed":false},"product_brand":[],"product_cat":[26],"product_tag":[],"class_list":{"0":"post-988","1":"product","2":"type-product","3":"status-publish","4":"has-post-thumbnail","6":"product_cat-sedaci-pytle","8":"first","9":"onbackorder","10":"taxable","11":"shipping-taxable","12":"purchasable","13":"product-type-simple"},"acf":[],"yoast_head":"<!-- This site is optimized with the Yoast SEO plugin v24.6 - https:\/\/yoast.com\/wordpress\/plugins\/seo\/ -->\n<title>Sedac\u00ed pytel - bean bag - b\u00edlo\u010dern\u00fd, st\u0159i\u017een\u00fd - Scandesign - Ko\u017ee\u0161iny pro V\u00e1\u0161 domov<\/title>\n<meta name=\"robots\" content=\"index, follow, max-snippet:-1, max-image-preview:large, max-video-preview:-1\" \/>\n<link rel=\"canonical\" href=\"https:\/\/scandesign-old.yashicadev.cz\/de\/produkt\/sedaci-pytel-bean-bag-bilocerny-strizeny\/\" \/>\n<meta property=\"og:locale\" content=\"de_DE\" \/>\n<meta property=\"og:type\" content=\"article\" \/>\n<meta property=\"og:title\" content=\"Sedac\u00ed pytel - bean bag - b\u00edlo\u010dern\u00fd, st\u0159i\u017een\u00fd - Scandesign - Ko\u017ee\u0161iny pro V\u00e1\u0161 domov\" \/>\n<meta property=\"og:description\" content=\"Sedac\u00ed pytel ze st\u0159i\u017een\u00e9 islandsk\u00e9 jehn\u011b\u010d\u00ed k\u016f\u017ee. V\u00fdpl\u0148 z polystyr\u00e9nov\u00fdch kuli\u010dek Styrofoam. Jedine\u010dn\u00fd, luxusn\u00ed v\u00fdrobek z t\u00e9 nejjemn\u011bj\u0161\u00ed ov\u010d\u00ed k\u016f\u017ee, kter\u00fd V\u00e1s bude opravdu h\u00fd\u010dkat. D\u00edky ide\u00e1ln\u00edmu rozm\u011bru se do pytle pohodln\u011b posad\u00edte a kdy\u017e jej nebudete pou\u017e\u00edvat, nebude p\u0159ek\u00e1\u017eet. Rozm\u011bry v z\u00e1vislosti na natvarov\u00e1n\u00ed.  Chlup o d\u00e9lce 5 cm.\" \/>\n<meta property=\"og:url\" content=\"https:\/\/scandesign-old.yashicadev.cz\/de\/produkt\/sedaci-pytel-bean-bag-bilocerny-strizeny\/\" \/>\n<meta property=\"og:site_name\" content=\"Scandesign - Ko\u017ee\u0161iny pro V\u00e1\u0161 domov\" \/>\n<meta property=\"article:modified_time\" content=\"2024-10-20T17:38:59+00:00\" \/>\n<meta property=\"og:image\" content=\"https:\/\/scandesign-old.yashicadev.cz\/wp-content\/uploads\/2019\/05\/b\u00edlo\u010dern\u00fd_kr\u00e1tk\u00fd.jpg\" \/>\n\t<meta property=\"og:image:width\" content=\"1200\" \/>\n\t<meta property=\"og:image:height\" content=\"797\" \/>\n\t<meta property=\"og:image:type\" content=\"image\/jpeg\" \/>\n<meta name=\"twitter:card\" content=\"summary_large_image\" \/>\n<meta name=\"twitter:label1\" content=\"Gesch\u00e4tzte Lesezeit\" \/>\n\t<meta name=\"twitter:data1\" content=\"1\u00a0Minute\" \/>\n<script type=\"application\/ld+json\" class=\"yoast-schema-graph\">{\"@context\":\"https:\/\/schema.org\",\"@graph\":[{\"@type\":\"WebPage\",\"@id\":\"https:\/\/scandesign-old.yashicadev.cz\/de\/produkt\/sedaci-pytel-bean-bag-bilocerny-strizeny\/\",\"url\":\"https:\/\/scandesign-old.yashicadev.cz\/de\/produkt\/sedaci-pytel-bean-bag-bilocerny-strizeny\/\",\"name\":\"Sedac\u00ed pytel - bean bag - b\u00edlo\u010dern\u00fd, st\u0159i\u017een\u00fd - Scandesign - Ko\u017ee\u0161iny pro V\u00e1\u0161 domov\",\"isPartOf\":{\"@id\":\"https:\/\/scandesign-old.yashicadev.cz\/de\/#website\"},\"primaryImageOfPage\":{\"@id\":\"https:\/\/scandesign-old.yashicadev.cz\/de\/produkt\/sedaci-pytel-bean-bag-bilocerny-strizeny\/#primaryimage\"},\"image\":{\"@id\":\"https:\/\/scandesign-old.yashicadev.cz\/de\/produkt\/sedaci-pytel-bean-bag-bilocerny-strizeny\/#primaryimage\"},\"thumbnailUrl\":\"https:\/\/scandesign-old.yashicadev.cz\/wp-content\/uploads\/2019\/05\/b\u00edlo\u010dern\u00fd_kr\u00e1tk\u00fd.jpg\",\"datePublished\":\"2019-05-21T18:01:19+00:00\",\"dateModified\":\"2024-10-20T17:38:59+00:00\",\"breadcrumb\":{\"@id\":\"https:\/\/scandesign-old.yashicadev.cz\/de\/produkt\/sedaci-pytel-bean-bag-bilocerny-strizeny\/#breadcrumb\"},\"inLanguage\":\"de\",\"potentialAction\":[{\"@type\":\"ReadAction\",\"target\":[\"https:\/\/scandesign-old.yashicadev.cz\/de\/produkt\/sedaci-pytel-bean-bag-bilocerny-strizeny\/\"]}]},{\"@type\":\"ImageObject\",\"inLanguage\":\"de\",\"@id\":\"https:\/\/scandesign-old.yashicadev.cz\/de\/produkt\/sedaci-pytel-bean-bag-bilocerny-strizeny\/#primaryimage\",\"url\":\"https:\/\/scandesign-old.yashicadev.cz\/wp-content\/uploads\/2019\/05\/b\u00edlo\u010dern\u00fd_kr\u00e1tk\u00fd.jpg\",\"contentUrl\":\"https:\/\/scandesign-old.yashicadev.cz\/wp-content\/uploads\/2019\/05\/b\u00edlo\u010dern\u00fd_kr\u00e1tk\u00fd.jpg\",\"width\":1200,\"height\":797},{\"@type\":\"BreadcrumbList\",\"@id\":\"https:\/\/scandesign-old.yashicadev.cz\/de\/produkt\/sedaci-pytel-bean-bag-bilocerny-strizeny\/#breadcrumb\",\"itemListElement\":[{\"@type\":\"ListItem\",\"position\":1,\"name\":\"Home\",\"item\":\"https:\/\/scandesign-old.yashicadev.cz\/\"},{\"@type\":\"ListItem\",\"position\":2,\"name\":\"Obchod\",\"item\":\"https:\/\/scandesign-old.yashicadev.cz\/obchod\/\"},{\"@type\":\"ListItem\",\"position\":3,\"name\":\"Sedac\u00ed pytel &#8211; bean bag &#8211; b\u00edlo\u010dern\u00fd, st\u0159i\u017een\u00fd\"}]},{\"@type\":\"WebSite\",\"@id\":\"https:\/\/scandesign-old.yashicadev.cz\/de\/#website\",\"url\":\"https:\/\/scandesign-old.yashicadev.cz\/de\/\",\"name\":\"Scandesign - Ko\u017ee\u0161iny pro V\u00e1\u0161 domov\",\"description\":\"Bytov\u00e9 dopl\u0148ky z hov\u011bz\u00ed a ov\u010d\u00ed k\u016f\u017ee\",\"publisher\":{\"@id\":\"https:\/\/scandesign-old.yashicadev.cz\/de\/#organization\"},\"potentialAction\":[{\"@type\":\"SearchAction\",\"target\":{\"@type\":\"EntryPoint\",\"urlTemplate\":\"https:\/\/scandesign-old.yashicadev.cz\/de\/?s={search_term_string}\"},\"query-input\":{\"@type\":\"PropertyValueSpecification\",\"valueRequired\":true,\"valueName\":\"search_term_string\"}}],\"inLanguage\":\"de\"},{\"@type\":\"Organization\",\"@id\":\"https:\/\/scandesign-old.yashicadev.cz\/de\/#organization\",\"name\":\"Scandesign\",\"url\":\"https:\/\/scandesign-old.yashicadev.cz\/de\/\",\"logo\":{\"@type\":\"ImageObject\",\"inLanguage\":\"de\",\"@id\":\"https:\/\/scandesign-old.yashicadev.cz\/de\/#\/schema\/logo\/image\/\",\"url\":\"https:\/\/scandesign-old.yashicadev.cz\/wp-content\/uploads\/2019\/06\/logo.jpg\",\"contentUrl\":\"https:\/\/scandesign-old.yashicadev.cz\/wp-content\/uploads\/2019\/06\/logo.jpg\",\"width\":439,\"height\":79,\"caption\":\"Scandesign\"},\"image\":{\"@id\":\"https:\/\/scandesign-old.yashicadev.cz\/de\/#\/schema\/logo\/image\/\"}}]}<\/script>\n<!-- \/ Yoast SEO plugin. -->","yoast_head_json":{"title":"Sedac\u00ed pytel - bean bag - b\u00edlo\u010dern\u00fd, st\u0159i\u017een\u00fd - Scandesign - Ko\u017ee\u0161iny pro V\u00e1\u0161 domov","robots":{"index":"index","follow":"follow","max-snippet":"max-snippet:-1","max-image-preview":"max-image-preview:large","max-video-preview":"max-video-preview:-1"},"canonical":"https:\/\/scandesign-old.yashicadev.cz\/de\/produkt\/sedaci-pytel-bean-bag-bilocerny-strizeny\/","og_locale":"de_DE","og_type":"article","og_title":"Sedac\u00ed pytel - bean bag - b\u00edlo\u010dern\u00fd, st\u0159i\u017een\u00fd - Scandesign - Ko\u017ee\u0161iny pro V\u00e1\u0161 domov","og_description":"Sedac\u00ed pytel ze st\u0159i\u017een\u00e9 islandsk\u00e9 jehn\u011b\u010d\u00ed k\u016f\u017ee. V\u00fdpl\u0148 z polystyr\u00e9nov\u00fdch kuli\u010dek Styrofoam. Jedine\u010dn\u00fd, luxusn\u00ed v\u00fdrobek z t\u00e9 nejjemn\u011bj\u0161\u00ed ov\u010d\u00ed k\u016f\u017ee, kter\u00fd V\u00e1s bude opravdu h\u00fd\u010dkat. D\u00edky ide\u00e1ln\u00edmu rozm\u011bru se do pytle pohodln\u011b posad\u00edte a kdy\u017e jej nebudete pou\u017e\u00edvat, nebude p\u0159ek\u00e1\u017eet. Rozm\u011bry v z\u00e1vislosti na natvarov\u00e1n\u00ed.  Chlup o d\u00e9lce 5 cm.","og_url":"https:\/\/scandesign-old.yashicadev.cz\/de\/produkt\/sedaci-pytel-bean-bag-bilocerny-strizeny\/","og_site_name":"Scandesign - Ko\u017ee\u0161iny pro V\u00e1\u0161 domov","article_modified_time":"2024-10-20T17:38:59+00:00","og_image":[{"width":1200,"height":797,"url":"https:\/\/scandesign-old.yashicadev.cz\/wp-content\/uploads\/2019\/05\/b\u00edlo\u010dern\u00fd_kr\u00e1tk\u00fd.jpg","type":"image\/jpeg"}],"twitter_card":"summary_large_image","twitter_misc":{"Gesch\u00e4tzte Lesezeit":"1\u00a0Minute"},"schema":{"@context":"https:\/\/schema.org","@graph":[{"@type":"WebPage","@id":"https:\/\/scandesign-old.yashicadev.cz\/de\/produkt\/sedaci-pytel-bean-bag-bilocerny-strizeny\/","url":"https:\/\/scandesign-old.yashicadev.cz\/de\/produkt\/sedaci-pytel-bean-bag-bilocerny-strizeny\/","name":"Sedac\u00ed pytel - bean bag - b\u00edlo\u010dern\u00fd, st\u0159i\u017een\u00fd - Scandesign - Ko\u017ee\u0161iny pro V\u00e1\u0161 domov","isPartOf":{"@id":"https:\/\/scandesign-old.yashicadev.cz\/de\/#website"},"primaryImageOfPage":{"@id":"https:\/\/scandesign-old.yashicadev.cz\/de\/produkt\/sedaci-pytel-bean-bag-bilocerny-strizeny\/#primaryimage"},"image":{"@id":"https:\/\/scandesign-old.yashicadev.cz\/de\/produkt\/sedaci-pytel-bean-bag-bilocerny-strizeny\/#primaryimage"},"thumbnailUrl":"https:\/\/scandesign-old.yashicadev.cz\/wp-content\/uploads\/2019\/05\/b\u00edlo\u010dern\u00fd_kr\u00e1tk\u00fd.jpg","datePublished":"2019-05-21T18:01:19+00:00","dateModified":"2024-10-20T17:38:59+00:00","breadcrumb":{"@id":"https:\/\/scandesign-old.yashicadev.cz\/de\/produkt\/sedaci-pytel-bean-bag-bilocerny-strizeny\/#breadcrumb"},"inLanguage":"de","potentialAction":[{"@type":"ReadAction","target":["https:\/\/scandesign-old.yashicadev.cz\/de\/produkt\/sedaci-pytel-bean-bag-bilocerny-strizeny\/"]}]},{"@type":"ImageObject","inLanguage":"de","@id":"https:\/\/scandesign-old.yashicadev.cz\/de\/produkt\/sedaci-pytel-bean-bag-bilocerny-strizeny\/#primaryimage","url":"https:\/\/scandesign-old.yashicadev.cz\/wp-content\/uploads\/2019\/05\/b\u00edlo\u010dern\u00fd_kr\u00e1tk\u00fd.jpg","contentUrl":"https:\/\/scandesign-old.yashicadev.cz\/wp-content\/uploads\/2019\/05\/b\u00edlo\u010dern\u00fd_kr\u00e1tk\u00fd.jpg","width":1200,"height":797},{"@type":"BreadcrumbList","@id":"https:\/\/scandesign-old.yashicadev.cz\/de\/produkt\/sedaci-pytel-bean-bag-bilocerny-strizeny\/#breadcrumb","itemListElement":[{"@type":"ListItem","position":1,"name":"Home","item":"https:\/\/scandesign-old.yashicadev.cz\/"},{"@type":"ListItem","position":2,"name":"Obchod","item":"https:\/\/scandesign-old.yashicadev.cz\/obchod\/"},{"@type":"ListItem","position":3,"name":"Sedac\u00ed pytel &#8211; bean bag &#8211; b\u00edlo\u010dern\u00fd, st\u0159i\u017een\u00fd"}]},{"@type":"WebSite","@id":"https:\/\/scandesign-old.yashicadev.cz\/de\/#website","url":"https:\/\/scandesign-old.yashicadev.cz\/de\/","name":"Scandesign - Ko\u017ee\u0161iny pro V\u00e1\u0161 domov","description":"Bytov\u00e9 dopl\u0148ky z hov\u011bz\u00ed a ov\u010d\u00ed k\u016f\u017ee","publisher":{"@id":"https:\/\/scandesign-old.yashicadev.cz\/de\/#organization"},"potentialAction":[{"@type":"SearchAction","target":{"@type":"EntryPoint","urlTemplate":"https:\/\/scandesign-old.yashicadev.cz\/de\/?s={search_term_string}"},"query-input":{"@type":"PropertyValueSpecification","valueRequired":true,"valueName":"search_term_string"}}],"inLanguage":"de"},{"@type":"Organization","@id":"https:\/\/scandesign-old.yashicadev.cz\/de\/#organization","name":"Scandesign","url":"https:\/\/scandesign-old.yashicadev.cz\/de\/","logo":{"@type":"ImageObject","inLanguage":"de","@id":"https:\/\/scandesign-old.yashicadev.cz\/de\/#\/schema\/logo\/image\/","url":"https:\/\/scandesign-old.yashicadev.cz\/wp-content\/uploads\/2019\/06\/logo.jpg","contentUrl":"https:\/\/scandesign-old.yashicadev.cz\/wp-content\/uploads\/2019\/06\/logo.jpg","width":439,"height":79,"caption":"Scandesign"},"image":{"@id":"https:\/\/scandesign-old.yashicadev.cz\/de\/#\/schema\/logo\/image\/"}}]}},"_links":{"self":[{"href":"https:\/\/scandesign-old.yashicadev.cz\/de\/wp-json\/wp\/v2\/product\/988"}],"collection":[{"href":"https:\/\/scandesign-old.yashicadev.cz\/de\/wp-json\/wp\/v2\/product"}],"about":[{"href":"https:\/\/scandesign-old.yashicadev.cz\/de\/wp-json\/wp\/v2\/types\/product"}],"wp:featuredmedia":[{"embeddable":true,"href":"https:\/\/scandesign-old.yashicadev.cz\/de\/wp-json\/wp\/v2\/media\/989"}],"wp:attachment":[{"href":"https:\/\/scandesign-old.yashicadev.cz\/de\/wp-json\/wp\/v2\/media?parent=988"}],"wp:term":[{"taxonomy":"product_brand","embeddable":true,"href":"https:\/\/scandesign-old.yashicadev.cz\/de\/wp-json\/wp\/v2\/product_brand?post=988"},{"taxonomy":"product_cat","embeddable":true,"href":"https:\/\/scandesign-old.yashicadev.cz\/de\/wp-json\/wp\/v2\/product_cat?post=988"},{"taxonomy":"product_tag","embeddable":true,"href":"https:\/\/scandesign-old.yashicadev.cz\/de\/wp-json\/wp\/v2\/product_tag?post=988"}],"curies":[{"name":"wp","href":"https:\/\/api.w.org\/{rel}","templated":true}]}}