{"id":14587,"date":"2024-10-20T14:40:07","date_gmt":"2024-10-20T13:40:07","guid":{"rendered":"https:\/\/scandesign-old.yashicadev.cz\/?post_type=product&#038;p=14587"},"modified":"2025-03-03T21:14:05","modified_gmt":"2025-03-03T20:14:05","slug":"kozeny-koberec-aros-odstiny-hnede-s-1","status":"publish","type":"product","link":"https:\/\/scandesign-old.yashicadev.cz\/en\/produkt\/kozeny-koberec-aros-odstiny-hnede-s-1\/","title":{"rendered":"Ko\u017een\u00fd koberec AROS odst\u00edny hn\u011bd\u00e9 S&nbsp;1"},"content":{"rendered":"","protected":false},"excerpt":{"rendered":"<p>Koberec u\u0161it\u00fd z&nbsp;nejlep\u0161\u00ed k\u016f\u017ee. D\u00edlce s&nbsp;hust\u00fdm chlupem cca 1 cm o velikosti 30 x 30 cm. Foto konkr\u00e9tn\u00edho kusu.<\/p>\n","protected":false},"featured_media":14588,"template":"","meta":{"_acf_changed":false},"product_brand":[],"product_cat":[18],"product_tag":[],"class_list":{"0":"post-14587","1":"product","2":"type-product","3":"status-publish","4":"has-post-thumbnail","6":"product_cat-koberce","8":"first","9":"instock","10":"sale","11":"taxable","12":"shipping-taxable","13":"purchasable","14":"product-type-simple"},"acf":[],"yoast_head":"<!-- This site is optimized with the Yoast SEO plugin v24.6 - https:\/\/yoast.com\/wordpress\/plugins\/seo\/ -->\n<title>Ko\u017een\u00fd koberec AROS odst\u00edny hn\u011bd\u00e9 S 1 - Scandesign - Ko\u017ee\u0161iny pro V\u00e1\u0161 domov<\/title>\n<meta name=\"robots\" content=\"index, follow, max-snippet:-1, max-image-preview:large, max-video-preview:-1\" \/>\n<link rel=\"canonical\" href=\"https:\/\/scandesign-old.yashicadev.cz\/en\/produkt\/kozeny-koberec-aros-odstiny-hnede-s-1\/\" \/>\n<meta property=\"og:locale\" content=\"en_US\" \/>\n<meta property=\"og:type\" content=\"article\" \/>\n<meta property=\"og:title\" content=\"Ko\u017een\u00fd koberec AROS odst\u00edny hn\u011bd\u00e9 S 1 - Scandesign - Ko\u017ee\u0161iny pro V\u00e1\u0161 domov\" \/>\n<meta property=\"og:description\" content=\"Koberec u\u0161it\u00fd z nejlep\u0161\u00ed k\u016f\u017ee. D\u00edlce s hust\u00fdm chlupem cca 1 cm o velikosti 30 x 30 cm. Foto konkr\u00e9tn\u00edho kusu.\" \/>\n<meta property=\"og:url\" content=\"https:\/\/scandesign-old.yashicadev.cz\/en\/produkt\/kozeny-koberec-aros-odstiny-hnede-s-1\/\" \/>\n<meta property=\"og:site_name\" content=\"Scandesign - Ko\u017ee\u0161iny pro V\u00e1\u0161 domov\" \/>\n<meta property=\"article:modified_time\" content=\"2025-03-03T20:14:05+00:00\" \/>\n<meta property=\"og:image\" content=\"https:\/\/scandesign-old.yashicadev.cz\/wp-content\/uploads\/2024\/10\/IMG_3977.jpg\" \/>\n\t<meta property=\"og:image:width\" content=\"1200\" \/>\n\t<meta property=\"og:image:height\" content=\"900\" \/>\n\t<meta property=\"og:image:type\" content=\"image\/jpeg\" \/>\n<meta name=\"twitter:card\" content=\"summary_large_image\" \/>\n<meta name=\"twitter:label1\" content=\"Est. reading time\" \/>\n\t<meta name=\"twitter:data1\" content=\"1 minute\" \/>\n<script type=\"application\/ld+json\" class=\"yoast-schema-graph\">{\"@context\":\"https:\/\/schema.org\",\"@graph\":[{\"@type\":\"WebPage\",\"@id\":\"https:\/\/scandesign-old.yashicadev.cz\/en\/produkt\/kozeny-koberec-aros-odstiny-hnede-s-1\/\",\"url\":\"https:\/\/scandesign-old.yashicadev.cz\/en\/produkt\/kozeny-koberec-aros-odstiny-hnede-s-1\/\",\"name\":\"Ko\u017een\u00fd koberec AROS odst\u00edny hn\u011bd\u00e9 S 1 - Scandesign - Ko\u017ee\u0161iny pro V\u00e1\u0161 domov\",\"isPartOf\":{\"@id\":\"https:\/\/scandesign-old.yashicadev.cz\/en\/#website\"},\"primaryImageOfPage\":{\"@id\":\"https:\/\/scandesign-old.yashicadev.cz\/en\/produkt\/kozeny-koberec-aros-odstiny-hnede-s-1\/#primaryimage\"},\"image\":{\"@id\":\"https:\/\/scandesign-old.yashicadev.cz\/en\/produkt\/kozeny-koberec-aros-odstiny-hnede-s-1\/#primaryimage\"},\"thumbnailUrl\":\"https:\/\/scandesign-old.yashicadev.cz\/wp-content\/uploads\/2024\/10\/IMG_3977.jpg\",\"datePublished\":\"2024-10-20T13:40:07+00:00\",\"dateModified\":\"2025-03-03T20:14:05+00:00\",\"breadcrumb\":{\"@id\":\"https:\/\/scandesign-old.yashicadev.cz\/en\/produkt\/kozeny-koberec-aros-odstiny-hnede-s-1\/#breadcrumb\"},\"inLanguage\":\"en-US\",\"potentialAction\":[{\"@type\":\"ReadAction\",\"target\":[\"https:\/\/scandesign-old.yashicadev.cz\/en\/produkt\/kozeny-koberec-aros-odstiny-hnede-s-1\/\"]}]},{\"@type\":\"ImageObject\",\"inLanguage\":\"en-US\",\"@id\":\"https:\/\/scandesign-old.yashicadev.cz\/en\/produkt\/kozeny-koberec-aros-odstiny-hnede-s-1\/#primaryimage\",\"url\":\"https:\/\/scandesign-old.yashicadev.cz\/wp-content\/uploads\/2024\/10\/IMG_3977.jpg\",\"contentUrl\":\"https:\/\/scandesign-old.yashicadev.cz\/wp-content\/uploads\/2024\/10\/IMG_3977.jpg\",\"width\":1200,\"height\":900},{\"@type\":\"BreadcrumbList\",\"@id\":\"https:\/\/scandesign-old.yashicadev.cz\/en\/produkt\/kozeny-koberec-aros-odstiny-hnede-s-1\/#breadcrumb\",\"itemListElement\":[{\"@type\":\"ListItem\",\"position\":1,\"name\":\"Home\",\"item\":\"https:\/\/scandesign-old.yashicadev.cz\/en\/\"},{\"@type\":\"ListItem\",\"position\":2,\"name\":\"Obchod\",\"item\":\"https:\/\/scandesign-old.yashicadev.cz\/obchod\/\"},{\"@type\":\"ListItem\",\"position\":3,\"name\":\"Ko\u017een\u00fd koberec AROS odst\u00edny hn\u011bd\u00e9 S&nbsp;1\"}]},{\"@type\":\"WebSite\",\"@id\":\"https:\/\/scandesign-old.yashicadev.cz\/en\/#website\",\"url\":\"https:\/\/scandesign-old.yashicadev.cz\/en\/\",\"name\":\"Scandesign - Ko\u017ee\u0161iny pro V\u00e1\u0161 domov\",\"description\":\"Bytov\u00e9 dopl\u0148ky z hov\u011bz\u00ed a ov\u010d\u00ed k\u016f\u017ee\",\"publisher\":{\"@id\":\"https:\/\/scandesign-old.yashicadev.cz\/en\/#organization\"},\"potentialAction\":[{\"@type\":\"SearchAction\",\"target\":{\"@type\":\"EntryPoint\",\"urlTemplate\":\"https:\/\/scandesign-old.yashicadev.cz\/en\/?s={search_term_string}\"},\"query-input\":{\"@type\":\"PropertyValueSpecification\",\"valueRequired\":true,\"valueName\":\"search_term_string\"}}],\"inLanguage\":\"en-US\"},{\"@type\":\"Organization\",\"@id\":\"https:\/\/scandesign-old.yashicadev.cz\/en\/#organization\",\"name\":\"Scandesign\",\"url\":\"https:\/\/scandesign-old.yashicadev.cz\/en\/\",\"logo\":{\"@type\":\"ImageObject\",\"inLanguage\":\"en-US\",\"@id\":\"https:\/\/scandesign-old.yashicadev.cz\/en\/#\/schema\/logo\/image\/\",\"url\":\"https:\/\/scandesign-old.yashicadev.cz\/wp-content\/uploads\/2019\/06\/logo.jpg\",\"contentUrl\":\"https:\/\/scandesign-old.yashicadev.cz\/wp-content\/uploads\/2019\/06\/logo.jpg\",\"width\":439,\"height\":79,\"caption\":\"Scandesign\"},\"image\":{\"@id\":\"https:\/\/scandesign-old.yashicadev.cz\/en\/#\/schema\/logo\/image\/\"}}]}<\/script>\n<!-- \/ Yoast SEO plugin. -->","yoast_head_json":{"title":"Ko\u017een\u00fd koberec AROS odst\u00edny hn\u011bd\u00e9 S 1 - Scandesign - Ko\u017ee\u0161iny pro V\u00e1\u0161 domov","robots":{"index":"index","follow":"follow","max-snippet":"max-snippet:-1","max-image-preview":"max-image-preview:large","max-video-preview":"max-video-preview:-1"},"canonical":"https:\/\/scandesign-old.yashicadev.cz\/en\/produkt\/kozeny-koberec-aros-odstiny-hnede-s-1\/","og_locale":"en_US","og_type":"article","og_title":"Ko\u017een\u00fd koberec AROS odst\u00edny hn\u011bd\u00e9 S 1 - Scandesign - Ko\u017ee\u0161iny pro V\u00e1\u0161 domov","og_description":"Koberec u\u0161it\u00fd z nejlep\u0161\u00ed k\u016f\u017ee. D\u00edlce s hust\u00fdm chlupem cca 1 cm o velikosti 30 x 30 cm. Foto konkr\u00e9tn\u00edho kusu.","og_url":"https:\/\/scandesign-old.yashicadev.cz\/en\/produkt\/kozeny-koberec-aros-odstiny-hnede-s-1\/","og_site_name":"Scandesign - Ko\u017ee\u0161iny pro V\u00e1\u0161 domov","article_modified_time":"2025-03-03T20:14:05+00:00","og_image":[{"width":1200,"height":900,"url":"https:\/\/scandesign-old.yashicadev.cz\/wp-content\/uploads\/2024\/10\/IMG_3977.jpg","type":"image\/jpeg"}],"twitter_card":"summary_large_image","twitter_misc":{"Est. reading time":"1 minute"},"schema":{"@context":"https:\/\/schema.org","@graph":[{"@type":"WebPage","@id":"https:\/\/scandesign-old.yashicadev.cz\/en\/produkt\/kozeny-koberec-aros-odstiny-hnede-s-1\/","url":"https:\/\/scandesign-old.yashicadev.cz\/en\/produkt\/kozeny-koberec-aros-odstiny-hnede-s-1\/","name":"Ko\u017een\u00fd koberec AROS odst\u00edny hn\u011bd\u00e9 S 1 - Scandesign - Ko\u017ee\u0161iny pro V\u00e1\u0161 domov","isPartOf":{"@id":"https:\/\/scandesign-old.yashicadev.cz\/en\/#website"},"primaryImageOfPage":{"@id":"https:\/\/scandesign-old.yashicadev.cz\/en\/produkt\/kozeny-koberec-aros-odstiny-hnede-s-1\/#primaryimage"},"image":{"@id":"https:\/\/scandesign-old.yashicadev.cz\/en\/produkt\/kozeny-koberec-aros-odstiny-hnede-s-1\/#primaryimage"},"thumbnailUrl":"https:\/\/scandesign-old.yashicadev.cz\/wp-content\/uploads\/2024\/10\/IMG_3977.jpg","datePublished":"2024-10-20T13:40:07+00:00","dateModified":"2025-03-03T20:14:05+00:00","breadcrumb":{"@id":"https:\/\/scandesign-old.yashicadev.cz\/en\/produkt\/kozeny-koberec-aros-odstiny-hnede-s-1\/#breadcrumb"},"inLanguage":"en-US","potentialAction":[{"@type":"ReadAction","target":["https:\/\/scandesign-old.yashicadev.cz\/en\/produkt\/kozeny-koberec-aros-odstiny-hnede-s-1\/"]}]},{"@type":"ImageObject","inLanguage":"en-US","@id":"https:\/\/scandesign-old.yashicadev.cz\/en\/produkt\/kozeny-koberec-aros-odstiny-hnede-s-1\/#primaryimage","url":"https:\/\/scandesign-old.yashicadev.cz\/wp-content\/uploads\/2024\/10\/IMG_3977.jpg","contentUrl":"https:\/\/scandesign-old.yashicadev.cz\/wp-content\/uploads\/2024\/10\/IMG_3977.jpg","width":1200,"height":900},{"@type":"BreadcrumbList","@id":"https:\/\/scandesign-old.yashicadev.cz\/en\/produkt\/kozeny-koberec-aros-odstiny-hnede-s-1\/#breadcrumb","itemListElement":[{"@type":"ListItem","position":1,"name":"Home","item":"https:\/\/scandesign-old.yashicadev.cz\/en\/"},{"@type":"ListItem","position":2,"name":"Obchod","item":"https:\/\/scandesign-old.yashicadev.cz\/obchod\/"},{"@type":"ListItem","position":3,"name":"Ko\u017een\u00fd koberec AROS odst\u00edny hn\u011bd\u00e9 S&nbsp;1"}]},{"@type":"WebSite","@id":"https:\/\/scandesign-old.yashicadev.cz\/en\/#website","url":"https:\/\/scandesign-old.yashicadev.cz\/en\/","name":"Scandesign - Ko\u017ee\u0161iny pro V\u00e1\u0161 domov","description":"Bytov\u00e9 dopl\u0148ky z hov\u011bz\u00ed a ov\u010d\u00ed k\u016f\u017ee","publisher":{"@id":"https:\/\/scandesign-old.yashicadev.cz\/en\/#organization"},"potentialAction":[{"@type":"SearchAction","target":{"@type":"EntryPoint","urlTemplate":"https:\/\/scandesign-old.yashicadev.cz\/en\/?s={search_term_string}"},"query-input":{"@type":"PropertyValueSpecification","valueRequired":true,"valueName":"search_term_string"}}],"inLanguage":"en-US"},{"@type":"Organization","@id":"https:\/\/scandesign-old.yashicadev.cz\/en\/#organization","name":"Scandesign","url":"https:\/\/scandesign-old.yashicadev.cz\/en\/","logo":{"@type":"ImageObject","inLanguage":"en-US","@id":"https:\/\/scandesign-old.yashicadev.cz\/en\/#\/schema\/logo\/image\/","url":"https:\/\/scandesign-old.yashicadev.cz\/wp-content\/uploads\/2019\/06\/logo.jpg","contentUrl":"https:\/\/scandesign-old.yashicadev.cz\/wp-content\/uploads\/2019\/06\/logo.jpg","width":439,"height":79,"caption":"Scandesign"},"image":{"@id":"https:\/\/scandesign-old.yashicadev.cz\/en\/#\/schema\/logo\/image\/"}}]}},"_links":{"self":[{"href":"https:\/\/scandesign-old.yashicadev.cz\/en\/wp-json\/wp\/v2\/product\/14587"}],"collection":[{"href":"https:\/\/scandesign-old.yashicadev.cz\/en\/wp-json\/wp\/v2\/product"}],"about":[{"href":"https:\/\/scandesign-old.yashicadev.cz\/en\/wp-json\/wp\/v2\/types\/product"}],"wp:featuredmedia":[{"embeddable":true,"href":"https:\/\/scandesign-old.yashicadev.cz\/en\/wp-json\/wp\/v2\/media\/14588"}],"wp:attachment":[{"href":"https:\/\/scandesign-old.yashicadev.cz\/en\/wp-json\/wp\/v2\/media?parent=14587"}],"wp:term":[{"taxonomy":"product_brand","embeddable":true,"href":"https:\/\/scandesign-old.yashicadev.cz\/en\/wp-json\/wp\/v2\/product_brand?post=14587"},{"taxonomy":"product_cat","embeddable":true,"href":"https:\/\/scandesign-old.yashicadev.cz\/en\/wp-json\/wp\/v2\/product_cat?post=14587"},{"taxonomy":"product_tag","embeddable":true,"href":"https:\/\/scandesign-old.yashicadev.cz\/en\/wp-json\/wp\/v2\/product_tag?post=14587"}],"curies":[{"name":"wp","href":"https:\/\/api.w.org\/{rel}","templated":true}]}}