{"id":5152,"date":"2020-05-21T17:43:35","date_gmt":"2020-05-21T16:43:35","guid":{"rendered":"https:\/\/scandesign-old.yashicadev.cz\/?post_type=product&#038;p=5152"},"modified":"2025-01-05T10:10:03","modified_gmt":"2025-01-05T09:10:03","slug":"kozeny-koberec-predlozka-sedy","status":"publish","type":"product","link":"https:\/\/scandesign-old.yashicadev.cz\/en\/produkt\/kozeny-koberec-predlozka-sedy\/","title":{"rendered":"Ko\u017een\u00fd koberec, p\u0159edlo\u017eka, \u010dernob\u00edl\u00e1 s&nbsp;\u0161edou"},"content":{"rendered":"","protected":false},"excerpt":{"rendered":"<p>Kobere\u010dek z&nbsp;hov\u011bz\u00ed k\u016f\u017ee se st\u0159edn\u011b dlouh\u00fdm &#8211; do 2 cm &#8211; , m\u011bkk\u00fdm chlupem. Vhodn\u00fd jako p\u0159edlo\u017eka k&nbsp;posteli nebo kobere\u010dek do chodby \u010di p\u0159eds\u00edn\u011b.<\/p>\n","protected":false},"featured_media":12502,"template":"","meta":{"_acf_changed":false},"product_brand":[],"product_cat":[18],"product_tag":[],"class_list":{"0":"post-5152","1":"product","2":"type-product","3":"status-publish","4":"has-post-thumbnail","6":"product_cat-koberce","8":"first","9":"instock","10":"sale","11":"taxable","12":"shipping-taxable","13":"purchasable","14":"product-type-simple"},"acf":[],"yoast_head":"<!-- This site is optimized with the Yoast SEO plugin v24.6 - https:\/\/yoast.com\/wordpress\/plugins\/seo\/ -->\n<title>Ko\u017een\u00fd koberec, p\u0159edlo\u017eka, \u010dernob\u00edl\u00e1 s \u0161edou - Scandesign - Ko\u017ee\u0161iny pro V\u00e1\u0161 domov<\/title>\n<meta name=\"robots\" content=\"index, follow, max-snippet:-1, max-image-preview:large, max-video-preview:-1\" \/>\n<link rel=\"canonical\" href=\"https:\/\/scandesign-old.yashicadev.cz\/en\/produkt\/kozeny-koberec-predlozka-sedy\/\" \/>\n<meta property=\"og:locale\" content=\"en_US\" \/>\n<meta property=\"og:type\" content=\"article\" \/>\n<meta property=\"og:title\" content=\"Ko\u017een\u00fd koberec, p\u0159edlo\u017eka, \u010dernob\u00edl\u00e1 s \u0161edou - Scandesign - Ko\u017ee\u0161iny pro V\u00e1\u0161 domov\" \/>\n<meta property=\"og:description\" content=\"Kobere\u010dek z hov\u011bz\u00ed k\u016f\u017ee se st\u0159edn\u011b dlouh\u00fdm - do 2 cm - , m\u011bkk\u00fdm chlupem. Vhodn\u00fd jako p\u0159edlo\u017eka k posteli nebo kobere\u010dek do chodby \u010di p\u0159eds\u00edn\u011b.\" \/>\n<meta property=\"og:url\" content=\"https:\/\/scandesign-old.yashicadev.cz\/en\/produkt\/kozeny-koberec-predlozka-sedy\/\" \/>\n<meta property=\"og:site_name\" content=\"Scandesign - Ko\u017ee\u0161iny pro V\u00e1\u0161 domov\" \/>\n<meta property=\"article:modified_time\" content=\"2025-01-05T09:10:03+00:00\" \/>\n<meta property=\"og:image\" content=\"https:\/\/scandesign-old.yashicadev.cz\/wp-content\/uploads\/2020\/05\/IMG_2209.jpg\" \/>\n\t<meta property=\"og:image:width\" content=\"1200\" \/>\n\t<meta property=\"og:image:height\" content=\"900\" \/>\n\t<meta property=\"og:image:type\" content=\"image\/jpeg\" \/>\n<meta name=\"twitter:card\" content=\"summary_large_image\" \/>\n<meta name=\"twitter:label1\" content=\"Est. reading time\" \/>\n\t<meta name=\"twitter:data1\" content=\"1 minute\" \/>\n<script type=\"application\/ld+json\" class=\"yoast-schema-graph\">{\"@context\":\"https:\/\/schema.org\",\"@graph\":[{\"@type\":\"WebPage\",\"@id\":\"https:\/\/scandesign-old.yashicadev.cz\/en\/produkt\/kozeny-koberec-predlozka-sedy\/\",\"url\":\"https:\/\/scandesign-old.yashicadev.cz\/en\/produkt\/kozeny-koberec-predlozka-sedy\/\",\"name\":\"Ko\u017een\u00fd koberec, p\u0159edlo\u017eka, \u010dernob\u00edl\u00e1 s \u0161edou - Scandesign - Ko\u017ee\u0161iny pro V\u00e1\u0161 domov\",\"isPartOf\":{\"@id\":\"https:\/\/scandesign-old.yashicadev.cz\/en\/#website\"},\"primaryImageOfPage\":{\"@id\":\"https:\/\/scandesign-old.yashicadev.cz\/en\/produkt\/kozeny-koberec-predlozka-sedy\/#primaryimage\"},\"image\":{\"@id\":\"https:\/\/scandesign-old.yashicadev.cz\/en\/produkt\/kozeny-koberec-predlozka-sedy\/#primaryimage\"},\"thumbnailUrl\":\"https:\/\/scandesign-old.yashicadev.cz\/wp-content\/uploads\/2020\/05\/IMG_2209.jpg\",\"datePublished\":\"2020-05-21T16:43:35+00:00\",\"dateModified\":\"2025-01-05T09:10:03+00:00\",\"breadcrumb\":{\"@id\":\"https:\/\/scandesign-old.yashicadev.cz\/en\/produkt\/kozeny-koberec-predlozka-sedy\/#breadcrumb\"},\"inLanguage\":\"en-US\",\"potentialAction\":[{\"@type\":\"ReadAction\",\"target\":[\"https:\/\/scandesign-old.yashicadev.cz\/en\/produkt\/kozeny-koberec-predlozka-sedy\/\"]}]},{\"@type\":\"ImageObject\",\"inLanguage\":\"en-US\",\"@id\":\"https:\/\/scandesign-old.yashicadev.cz\/en\/produkt\/kozeny-koberec-predlozka-sedy\/#primaryimage\",\"url\":\"https:\/\/scandesign-old.yashicadev.cz\/wp-content\/uploads\/2020\/05\/IMG_2209.jpg\",\"contentUrl\":\"https:\/\/scandesign-old.yashicadev.cz\/wp-content\/uploads\/2020\/05\/IMG_2209.jpg\",\"width\":1200,\"height\":900},{\"@type\":\"BreadcrumbList\",\"@id\":\"https:\/\/scandesign-old.yashicadev.cz\/en\/produkt\/kozeny-koberec-predlozka-sedy\/#breadcrumb\",\"itemListElement\":[{\"@type\":\"ListItem\",\"position\":1,\"name\":\"Home\",\"item\":\"https:\/\/scandesign-old.yashicadev.cz\/en\/\"},{\"@type\":\"ListItem\",\"position\":2,\"name\":\"Obchod\",\"item\":\"https:\/\/scandesign-old.yashicadev.cz\/obchod\/\"},{\"@type\":\"ListItem\",\"position\":3,\"name\":\"Ko\u017een\u00fd koberec, p\u0159edlo\u017eka, \u010dernob\u00edl\u00e1 s&nbsp;\u0161edou\"}]},{\"@type\":\"WebSite\",\"@id\":\"https:\/\/scandesign-old.yashicadev.cz\/en\/#website\",\"url\":\"https:\/\/scandesign-old.yashicadev.cz\/en\/\",\"name\":\"Scandesign - Ko\u017ee\u0161iny pro V\u00e1\u0161 domov\",\"description\":\"Bytov\u00e9 dopl\u0148ky z hov\u011bz\u00ed a ov\u010d\u00ed k\u016f\u017ee\",\"publisher\":{\"@id\":\"https:\/\/scandesign-old.yashicadev.cz\/en\/#organization\"},\"potentialAction\":[{\"@type\":\"SearchAction\",\"target\":{\"@type\":\"EntryPoint\",\"urlTemplate\":\"https:\/\/scandesign-old.yashicadev.cz\/en\/?s={search_term_string}\"},\"query-input\":{\"@type\":\"PropertyValueSpecification\",\"valueRequired\":true,\"valueName\":\"search_term_string\"}}],\"inLanguage\":\"en-US\"},{\"@type\":\"Organization\",\"@id\":\"https:\/\/scandesign-old.yashicadev.cz\/en\/#organization\",\"name\":\"Scandesign\",\"url\":\"https:\/\/scandesign-old.yashicadev.cz\/en\/\",\"logo\":{\"@type\":\"ImageObject\",\"inLanguage\":\"en-US\",\"@id\":\"https:\/\/scandesign-old.yashicadev.cz\/en\/#\/schema\/logo\/image\/\",\"url\":\"https:\/\/scandesign-old.yashicadev.cz\/wp-content\/uploads\/2019\/06\/logo.jpg\",\"contentUrl\":\"https:\/\/scandesign-old.yashicadev.cz\/wp-content\/uploads\/2019\/06\/logo.jpg\",\"width\":439,\"height\":79,\"caption\":\"Scandesign\"},\"image\":{\"@id\":\"https:\/\/scandesign-old.yashicadev.cz\/en\/#\/schema\/logo\/image\/\"}}]}<\/script>\n<!-- \/ Yoast SEO plugin. -->","yoast_head_json":{"title":"Ko\u017een\u00fd koberec, p\u0159edlo\u017eka, \u010dernob\u00edl\u00e1 s \u0161edou - Scandesign - Ko\u017ee\u0161iny pro V\u00e1\u0161 domov","robots":{"index":"index","follow":"follow","max-snippet":"max-snippet:-1","max-image-preview":"max-image-preview:large","max-video-preview":"max-video-preview:-1"},"canonical":"https:\/\/scandesign-old.yashicadev.cz\/en\/produkt\/kozeny-koberec-predlozka-sedy\/","og_locale":"en_US","og_type":"article","og_title":"Ko\u017een\u00fd koberec, p\u0159edlo\u017eka, \u010dernob\u00edl\u00e1 s \u0161edou - Scandesign - Ko\u017ee\u0161iny pro V\u00e1\u0161 domov","og_description":"Kobere\u010dek z hov\u011bz\u00ed k\u016f\u017ee se st\u0159edn\u011b dlouh\u00fdm - do 2 cm - , m\u011bkk\u00fdm chlupem. Vhodn\u00fd jako p\u0159edlo\u017eka k posteli nebo kobere\u010dek do chodby \u010di p\u0159eds\u00edn\u011b.","og_url":"https:\/\/scandesign-old.yashicadev.cz\/en\/produkt\/kozeny-koberec-predlozka-sedy\/","og_site_name":"Scandesign - Ko\u017ee\u0161iny pro V\u00e1\u0161 domov","article_modified_time":"2025-01-05T09:10:03+00:00","og_image":[{"width":1200,"height":900,"url":"https:\/\/scandesign-old.yashicadev.cz\/wp-content\/uploads\/2020\/05\/IMG_2209.jpg","type":"image\/jpeg"}],"twitter_card":"summary_large_image","twitter_misc":{"Est. reading time":"1 minute"},"schema":{"@context":"https:\/\/schema.org","@graph":[{"@type":"WebPage","@id":"https:\/\/scandesign-old.yashicadev.cz\/en\/produkt\/kozeny-koberec-predlozka-sedy\/","url":"https:\/\/scandesign-old.yashicadev.cz\/en\/produkt\/kozeny-koberec-predlozka-sedy\/","name":"Ko\u017een\u00fd koberec, p\u0159edlo\u017eka, \u010dernob\u00edl\u00e1 s \u0161edou - Scandesign - Ko\u017ee\u0161iny pro V\u00e1\u0161 domov","isPartOf":{"@id":"https:\/\/scandesign-old.yashicadev.cz\/en\/#website"},"primaryImageOfPage":{"@id":"https:\/\/scandesign-old.yashicadev.cz\/en\/produkt\/kozeny-koberec-predlozka-sedy\/#primaryimage"},"image":{"@id":"https:\/\/scandesign-old.yashicadev.cz\/en\/produkt\/kozeny-koberec-predlozka-sedy\/#primaryimage"},"thumbnailUrl":"https:\/\/scandesign-old.yashicadev.cz\/wp-content\/uploads\/2020\/05\/IMG_2209.jpg","datePublished":"2020-05-21T16:43:35+00:00","dateModified":"2025-01-05T09:10:03+00:00","breadcrumb":{"@id":"https:\/\/scandesign-old.yashicadev.cz\/en\/produkt\/kozeny-koberec-predlozka-sedy\/#breadcrumb"},"inLanguage":"en-US","potentialAction":[{"@type":"ReadAction","target":["https:\/\/scandesign-old.yashicadev.cz\/en\/produkt\/kozeny-koberec-predlozka-sedy\/"]}]},{"@type":"ImageObject","inLanguage":"en-US","@id":"https:\/\/scandesign-old.yashicadev.cz\/en\/produkt\/kozeny-koberec-predlozka-sedy\/#primaryimage","url":"https:\/\/scandesign-old.yashicadev.cz\/wp-content\/uploads\/2020\/05\/IMG_2209.jpg","contentUrl":"https:\/\/scandesign-old.yashicadev.cz\/wp-content\/uploads\/2020\/05\/IMG_2209.jpg","width":1200,"height":900},{"@type":"BreadcrumbList","@id":"https:\/\/scandesign-old.yashicadev.cz\/en\/produkt\/kozeny-koberec-predlozka-sedy\/#breadcrumb","itemListElement":[{"@type":"ListItem","position":1,"name":"Home","item":"https:\/\/scandesign-old.yashicadev.cz\/en\/"},{"@type":"ListItem","position":2,"name":"Obchod","item":"https:\/\/scandesign-old.yashicadev.cz\/obchod\/"},{"@type":"ListItem","position":3,"name":"Ko\u017een\u00fd koberec, p\u0159edlo\u017eka, \u010dernob\u00edl\u00e1 s&nbsp;\u0161edou"}]},{"@type":"WebSite","@id":"https:\/\/scandesign-old.yashicadev.cz\/en\/#website","url":"https:\/\/scandesign-old.yashicadev.cz\/en\/","name":"Scandesign - Ko\u017ee\u0161iny pro V\u00e1\u0161 domov","description":"Bytov\u00e9 dopl\u0148ky z hov\u011bz\u00ed a ov\u010d\u00ed k\u016f\u017ee","publisher":{"@id":"https:\/\/scandesign-old.yashicadev.cz\/en\/#organization"},"potentialAction":[{"@type":"SearchAction","target":{"@type":"EntryPoint","urlTemplate":"https:\/\/scandesign-old.yashicadev.cz\/en\/?s={search_term_string}"},"query-input":{"@type":"PropertyValueSpecification","valueRequired":true,"valueName":"search_term_string"}}],"inLanguage":"en-US"},{"@type":"Organization","@id":"https:\/\/scandesign-old.yashicadev.cz\/en\/#organization","name":"Scandesign","url":"https:\/\/scandesign-old.yashicadev.cz\/en\/","logo":{"@type":"ImageObject","inLanguage":"en-US","@id":"https:\/\/scandesign-old.yashicadev.cz\/en\/#\/schema\/logo\/image\/","url":"https:\/\/scandesign-old.yashicadev.cz\/wp-content\/uploads\/2019\/06\/logo.jpg","contentUrl":"https:\/\/scandesign-old.yashicadev.cz\/wp-content\/uploads\/2019\/06\/logo.jpg","width":439,"height":79,"caption":"Scandesign"},"image":{"@id":"https:\/\/scandesign-old.yashicadev.cz\/en\/#\/schema\/logo\/image\/"}}]}},"_links":{"self":[{"href":"https:\/\/scandesign-old.yashicadev.cz\/en\/wp-json\/wp\/v2\/product\/5152"}],"collection":[{"href":"https:\/\/scandesign-old.yashicadev.cz\/en\/wp-json\/wp\/v2\/product"}],"about":[{"href":"https:\/\/scandesign-old.yashicadev.cz\/en\/wp-json\/wp\/v2\/types\/product"}],"wp:featuredmedia":[{"embeddable":true,"href":"https:\/\/scandesign-old.yashicadev.cz\/en\/wp-json\/wp\/v2\/media\/12502"}],"wp:attachment":[{"href":"https:\/\/scandesign-old.yashicadev.cz\/en\/wp-json\/wp\/v2\/media?parent=5152"}],"wp:term":[{"taxonomy":"product_brand","embeddable":true,"href":"https:\/\/scandesign-old.yashicadev.cz\/en\/wp-json\/wp\/v2\/product_brand?post=5152"},{"taxonomy":"product_cat","embeddable":true,"href":"https:\/\/scandesign-old.yashicadev.cz\/en\/wp-json\/wp\/v2\/product_cat?post=5152"},{"taxonomy":"product_tag","embeddable":true,"href":"https:\/\/scandesign-old.yashicadev.cz\/en\/wp-json\/wp\/v2\/product_tag?post=5152"}],"curies":[{"name":"wp","href":"https:\/\/api.w.org\/{rel}","templated":true}]}}