{"id":8102,"date":"2021-09-23T21:41:00","date_gmt":"2021-09-23T20:41:00","guid":{"rendered":"https:\/\/scandesign-old.yashicadev.cz\/?post_type=product&#038;p=8102"},"modified":"2025-01-01T13:27:40","modified_gmt":"2025-01-01T12:27:40","slug":"dekoracni-hovezi-kuze-35-m2-taupe-204","status":"publish","type":"product","link":"https:\/\/scandesign-old.yashicadev.cz\/en\/produkt\/dekoracni-hovezi-kuze-35-m2-taupe-204\/","title":{"rendered":"Dekora\u010dn\u00ed hov\u011bz\u00ed k\u016f\u017ee 3,5 m2  \u0161edohn\u011bd\u00e1 251"},"content":{"rendered":"","protected":false},"excerpt":{"rendered":"<p>Kr\u00e1sn\u00e1, st\u0159edn\u011b velk\u00e1 k\u016f\u017ee. M\u00e1 hust\u00fd, m\u011bkk\u00fd chlup, dlouh\u00fd cca 3-4 cm. \u0160edohn\u011bd\u00e1 barva &#8211; taupe. TOP kousek.<\/p>\n","protected":false},"featured_media":13373,"template":"","meta":{"_acf_changed":false},"product_brand":[],"product_cat":[19],"product_tag":[],"class_list":{"0":"post-8102","1":"product","2":"type-product","3":"status-publish","4":"has-post-thumbnail","6":"product_cat-dekoracni-kuze","8":"first","9":"instock","10":"sold-individually","11":"taxable","12":"shipping-taxable","13":"purchasable","14":"product-type-simple"},"acf":[],"yoast_head":"<!-- This site is optimized with the Yoast SEO plugin v24.6 - https:\/\/yoast.com\/wordpress\/plugins\/seo\/ -->\n<title>Dekora\u010dn\u00ed hov\u011bz\u00ed k\u016f\u017ee 3,5 m2 \u0161edohn\u011bd\u00e1 251 - Scandesign - Ko\u017ee\u0161iny pro V\u00e1\u0161 domov<\/title>\n<meta name=\"robots\" content=\"index, follow, max-snippet:-1, max-image-preview:large, max-video-preview:-1\" \/>\n<link rel=\"canonical\" href=\"https:\/\/scandesign-old.yashicadev.cz\/en\/produkt\/dekoracni-hovezi-kuze-35-m2-taupe-204\/\" \/>\n<meta property=\"og:locale\" content=\"en_US\" \/>\n<meta property=\"og:type\" content=\"article\" \/>\n<meta property=\"og:title\" content=\"Dekora\u010dn\u00ed hov\u011bz\u00ed k\u016f\u017ee 3,5 m2 \u0161edohn\u011bd\u00e1 251 - Scandesign - Ko\u017ee\u0161iny pro V\u00e1\u0161 domov\" \/>\n<meta property=\"og:description\" content=\"Kr\u00e1sn\u00e1, st\u0159edn\u011b velk\u00e1 k\u016f\u017ee. M\u00e1 hust\u00fd, m\u011bkk\u00fd chlup, dlouh\u00fd cca 3-4 cm. \u0160edohn\u011bd\u00e1 barva - taupe. TOP kousek.\" \/>\n<meta property=\"og:url\" content=\"https:\/\/scandesign-old.yashicadev.cz\/en\/produkt\/dekoracni-hovezi-kuze-35-m2-taupe-204\/\" \/>\n<meta property=\"og:site_name\" content=\"Scandesign - Ko\u017ee\u0161iny pro V\u00e1\u0161 domov\" \/>\n<meta property=\"article:modified_time\" content=\"2025-01-01T12:27:40+00:00\" \/>\n<meta property=\"og:image\" content=\"https:\/\/scandesign-old.yashicadev.cz\/wp-content\/uploads\/2021\/09\/IMG_3053.jpg\" \/>\n\t<meta property=\"og:image:width\" content=\"1200\" \/>\n\t<meta property=\"og:image:height\" content=\"900\" \/>\n\t<meta property=\"og:image:type\" content=\"image\/jpeg\" \/>\n<meta name=\"twitter:card\" content=\"summary_large_image\" \/>\n<meta name=\"twitter:label1\" content=\"Est. reading time\" \/>\n\t<meta name=\"twitter:data1\" content=\"1 minute\" \/>\n<script type=\"application\/ld+json\" class=\"yoast-schema-graph\">{\"@context\":\"https:\/\/schema.org\",\"@graph\":[{\"@type\":\"WebPage\",\"@id\":\"https:\/\/scandesign-old.yashicadev.cz\/en\/produkt\/dekoracni-hovezi-kuze-35-m2-taupe-204\/\",\"url\":\"https:\/\/scandesign-old.yashicadev.cz\/en\/produkt\/dekoracni-hovezi-kuze-35-m2-taupe-204\/\",\"name\":\"Dekora\u010dn\u00ed hov\u011bz\u00ed k\u016f\u017ee 3,5 m2 \u0161edohn\u011bd\u00e1 251 - Scandesign - Ko\u017ee\u0161iny pro V\u00e1\u0161 domov\",\"isPartOf\":{\"@id\":\"https:\/\/scandesign-old.yashicadev.cz\/en\/#website\"},\"primaryImageOfPage\":{\"@id\":\"https:\/\/scandesign-old.yashicadev.cz\/en\/produkt\/dekoracni-hovezi-kuze-35-m2-taupe-204\/#primaryimage\"},\"image\":{\"@id\":\"https:\/\/scandesign-old.yashicadev.cz\/en\/produkt\/dekoracni-hovezi-kuze-35-m2-taupe-204\/#primaryimage\"},\"thumbnailUrl\":\"https:\/\/scandesign-old.yashicadev.cz\/wp-content\/uploads\/2021\/09\/IMG_3053.jpg\",\"datePublished\":\"2021-09-23T20:41:00+00:00\",\"dateModified\":\"2025-01-01T12:27:40+00:00\",\"breadcrumb\":{\"@id\":\"https:\/\/scandesign-old.yashicadev.cz\/en\/produkt\/dekoracni-hovezi-kuze-35-m2-taupe-204\/#breadcrumb\"},\"inLanguage\":\"en-US\",\"potentialAction\":[{\"@type\":\"ReadAction\",\"target\":[\"https:\/\/scandesign-old.yashicadev.cz\/en\/produkt\/dekoracni-hovezi-kuze-35-m2-taupe-204\/\"]}]},{\"@type\":\"ImageObject\",\"inLanguage\":\"en-US\",\"@id\":\"https:\/\/scandesign-old.yashicadev.cz\/en\/produkt\/dekoracni-hovezi-kuze-35-m2-taupe-204\/#primaryimage\",\"url\":\"https:\/\/scandesign-old.yashicadev.cz\/wp-content\/uploads\/2021\/09\/IMG_3053.jpg\",\"contentUrl\":\"https:\/\/scandesign-old.yashicadev.cz\/wp-content\/uploads\/2021\/09\/IMG_3053.jpg\",\"width\":1200,\"height\":900},{\"@type\":\"BreadcrumbList\",\"@id\":\"https:\/\/scandesign-old.yashicadev.cz\/en\/produkt\/dekoracni-hovezi-kuze-35-m2-taupe-204\/#breadcrumb\",\"itemListElement\":[{\"@type\":\"ListItem\",\"position\":1,\"name\":\"Home\",\"item\":\"https:\/\/scandesign-old.yashicadev.cz\/en\/\"},{\"@type\":\"ListItem\",\"position\":2,\"name\":\"Obchod\",\"item\":\"https:\/\/scandesign-old.yashicadev.cz\/obchod\/\"},{\"@type\":\"ListItem\",\"position\":3,\"name\":\"Dekora\u010dn\u00ed hov\u011bz\u00ed k\u016f\u017ee 3,5 m2 \u0161edohn\u011bd\u00e1 251\"}]},{\"@type\":\"WebSite\",\"@id\":\"https:\/\/scandesign-old.yashicadev.cz\/en\/#website\",\"url\":\"https:\/\/scandesign-old.yashicadev.cz\/en\/\",\"name\":\"Scandesign - Ko\u017ee\u0161iny pro V\u00e1\u0161 domov\",\"description\":\"Bytov\u00e9 dopl\u0148ky z hov\u011bz\u00ed a ov\u010d\u00ed k\u016f\u017ee\",\"publisher\":{\"@id\":\"https:\/\/scandesign-old.yashicadev.cz\/en\/#organization\"},\"potentialAction\":[{\"@type\":\"SearchAction\",\"target\":{\"@type\":\"EntryPoint\",\"urlTemplate\":\"https:\/\/scandesign-old.yashicadev.cz\/en\/?s={search_term_string}\"},\"query-input\":{\"@type\":\"PropertyValueSpecification\",\"valueRequired\":true,\"valueName\":\"search_term_string\"}}],\"inLanguage\":\"en-US\"},{\"@type\":\"Organization\",\"@id\":\"https:\/\/scandesign-old.yashicadev.cz\/en\/#organization\",\"name\":\"Scandesign\",\"url\":\"https:\/\/scandesign-old.yashicadev.cz\/en\/\",\"logo\":{\"@type\":\"ImageObject\",\"inLanguage\":\"en-US\",\"@id\":\"https:\/\/scandesign-old.yashicadev.cz\/en\/#\/schema\/logo\/image\/\",\"url\":\"https:\/\/scandesign-old.yashicadev.cz\/wp-content\/uploads\/2019\/06\/logo.jpg\",\"contentUrl\":\"https:\/\/scandesign-old.yashicadev.cz\/wp-content\/uploads\/2019\/06\/logo.jpg\",\"width\":439,\"height\":79,\"caption\":\"Scandesign\"},\"image\":{\"@id\":\"https:\/\/scandesign-old.yashicadev.cz\/en\/#\/schema\/logo\/image\/\"}}]}<\/script>\n<!-- \/ Yoast SEO plugin. -->","yoast_head_json":{"title":"Dekora\u010dn\u00ed hov\u011bz\u00ed k\u016f\u017ee 3,5 m2 \u0161edohn\u011bd\u00e1 251 - Scandesign - Ko\u017ee\u0161iny pro V\u00e1\u0161 domov","robots":{"index":"index","follow":"follow","max-snippet":"max-snippet:-1","max-image-preview":"max-image-preview:large","max-video-preview":"max-video-preview:-1"},"canonical":"https:\/\/scandesign-old.yashicadev.cz\/en\/produkt\/dekoracni-hovezi-kuze-35-m2-taupe-204\/","og_locale":"en_US","og_type":"article","og_title":"Dekora\u010dn\u00ed hov\u011bz\u00ed k\u016f\u017ee 3,5 m2 \u0161edohn\u011bd\u00e1 251 - Scandesign - Ko\u017ee\u0161iny pro V\u00e1\u0161 domov","og_description":"Kr\u00e1sn\u00e1, st\u0159edn\u011b velk\u00e1 k\u016f\u017ee. M\u00e1 hust\u00fd, m\u011bkk\u00fd chlup, dlouh\u00fd cca 3-4 cm. \u0160edohn\u011bd\u00e1 barva - taupe. TOP kousek.","og_url":"https:\/\/scandesign-old.yashicadev.cz\/en\/produkt\/dekoracni-hovezi-kuze-35-m2-taupe-204\/","og_site_name":"Scandesign - Ko\u017ee\u0161iny pro V\u00e1\u0161 domov","article_modified_time":"2025-01-01T12:27:40+00:00","og_image":[{"width":1200,"height":900,"url":"https:\/\/scandesign-old.yashicadev.cz\/wp-content\/uploads\/2021\/09\/IMG_3053.jpg","type":"image\/jpeg"}],"twitter_card":"summary_large_image","twitter_misc":{"Est. reading time":"1 minute"},"schema":{"@context":"https:\/\/schema.org","@graph":[{"@type":"WebPage","@id":"https:\/\/scandesign-old.yashicadev.cz\/en\/produkt\/dekoracni-hovezi-kuze-35-m2-taupe-204\/","url":"https:\/\/scandesign-old.yashicadev.cz\/en\/produkt\/dekoracni-hovezi-kuze-35-m2-taupe-204\/","name":"Dekora\u010dn\u00ed hov\u011bz\u00ed k\u016f\u017ee 3,5 m2 \u0161edohn\u011bd\u00e1 251 - Scandesign - Ko\u017ee\u0161iny pro V\u00e1\u0161 domov","isPartOf":{"@id":"https:\/\/scandesign-old.yashicadev.cz\/en\/#website"},"primaryImageOfPage":{"@id":"https:\/\/scandesign-old.yashicadev.cz\/en\/produkt\/dekoracni-hovezi-kuze-35-m2-taupe-204\/#primaryimage"},"image":{"@id":"https:\/\/scandesign-old.yashicadev.cz\/en\/produkt\/dekoracni-hovezi-kuze-35-m2-taupe-204\/#primaryimage"},"thumbnailUrl":"https:\/\/scandesign-old.yashicadev.cz\/wp-content\/uploads\/2021\/09\/IMG_3053.jpg","datePublished":"2021-09-23T20:41:00+00:00","dateModified":"2025-01-01T12:27:40+00:00","breadcrumb":{"@id":"https:\/\/scandesign-old.yashicadev.cz\/en\/produkt\/dekoracni-hovezi-kuze-35-m2-taupe-204\/#breadcrumb"},"inLanguage":"en-US","potentialAction":[{"@type":"ReadAction","target":["https:\/\/scandesign-old.yashicadev.cz\/en\/produkt\/dekoracni-hovezi-kuze-35-m2-taupe-204\/"]}]},{"@type":"ImageObject","inLanguage":"en-US","@id":"https:\/\/scandesign-old.yashicadev.cz\/en\/produkt\/dekoracni-hovezi-kuze-35-m2-taupe-204\/#primaryimage","url":"https:\/\/scandesign-old.yashicadev.cz\/wp-content\/uploads\/2021\/09\/IMG_3053.jpg","contentUrl":"https:\/\/scandesign-old.yashicadev.cz\/wp-content\/uploads\/2021\/09\/IMG_3053.jpg","width":1200,"height":900},{"@type":"BreadcrumbList","@id":"https:\/\/scandesign-old.yashicadev.cz\/en\/produkt\/dekoracni-hovezi-kuze-35-m2-taupe-204\/#breadcrumb","itemListElement":[{"@type":"ListItem","position":1,"name":"Home","item":"https:\/\/scandesign-old.yashicadev.cz\/en\/"},{"@type":"ListItem","position":2,"name":"Obchod","item":"https:\/\/scandesign-old.yashicadev.cz\/obchod\/"},{"@type":"ListItem","position":3,"name":"Dekora\u010dn\u00ed hov\u011bz\u00ed k\u016f\u017ee 3,5 m2 \u0161edohn\u011bd\u00e1 251"}]},{"@type":"WebSite","@id":"https:\/\/scandesign-old.yashicadev.cz\/en\/#website","url":"https:\/\/scandesign-old.yashicadev.cz\/en\/","name":"Scandesign - Ko\u017ee\u0161iny pro V\u00e1\u0161 domov","description":"Bytov\u00e9 dopl\u0148ky z hov\u011bz\u00ed a ov\u010d\u00ed k\u016f\u017ee","publisher":{"@id":"https:\/\/scandesign-old.yashicadev.cz\/en\/#organization"},"potentialAction":[{"@type":"SearchAction","target":{"@type":"EntryPoint","urlTemplate":"https:\/\/scandesign-old.yashicadev.cz\/en\/?s={search_term_string}"},"query-input":{"@type":"PropertyValueSpecification","valueRequired":true,"valueName":"search_term_string"}}],"inLanguage":"en-US"},{"@type":"Organization","@id":"https:\/\/scandesign-old.yashicadev.cz\/en\/#organization","name":"Scandesign","url":"https:\/\/scandesign-old.yashicadev.cz\/en\/","logo":{"@type":"ImageObject","inLanguage":"en-US","@id":"https:\/\/scandesign-old.yashicadev.cz\/en\/#\/schema\/logo\/image\/","url":"https:\/\/scandesign-old.yashicadev.cz\/wp-content\/uploads\/2019\/06\/logo.jpg","contentUrl":"https:\/\/scandesign-old.yashicadev.cz\/wp-content\/uploads\/2019\/06\/logo.jpg","width":439,"height":79,"caption":"Scandesign"},"image":{"@id":"https:\/\/scandesign-old.yashicadev.cz\/en\/#\/schema\/logo\/image\/"}}]}},"_links":{"self":[{"href":"https:\/\/scandesign-old.yashicadev.cz\/en\/wp-json\/wp\/v2\/product\/8102"}],"collection":[{"href":"https:\/\/scandesign-old.yashicadev.cz\/en\/wp-json\/wp\/v2\/product"}],"about":[{"href":"https:\/\/scandesign-old.yashicadev.cz\/en\/wp-json\/wp\/v2\/types\/product"}],"wp:featuredmedia":[{"embeddable":true,"href":"https:\/\/scandesign-old.yashicadev.cz\/en\/wp-json\/wp\/v2\/media\/13373"}],"wp:attachment":[{"href":"https:\/\/scandesign-old.yashicadev.cz\/en\/wp-json\/wp\/v2\/media?parent=8102"}],"wp:term":[{"taxonomy":"product_brand","embeddable":true,"href":"https:\/\/scandesign-old.yashicadev.cz\/en\/wp-json\/wp\/v2\/product_brand?post=8102"},{"taxonomy":"product_cat","embeddable":true,"href":"https:\/\/scandesign-old.yashicadev.cz\/en\/wp-json\/wp\/v2\/product_cat?post=8102"},{"taxonomy":"product_tag","embeddable":true,"href":"https:\/\/scandesign-old.yashicadev.cz\/en\/wp-json\/wp\/v2\/product_tag?post=8102"}],"curies":[{"name":"wp","href":"https:\/\/api.w.org\/{rel}","templated":true}]}}