{"id":1537,"date":"2019-06-04T21:50:47","date_gmt":"2019-06-04T20:50:47","guid":{"rendered":"https:\/\/scandesign-old.yashicadev.cz\/?post_type=product&#038;p=1537"},"modified":"2024-05-03T18:26:28","modified_gmt":"2024-05-03T17:26:28","slug":"polstarek-z-ovci-kuze-strizeny-chlup-oboustranny-sedy","status":"publish","type":"product","link":"https:\/\/scandesign-old.yashicadev.cz\/sk\/produkt\/polstarek-z-ovci-kuze-strizeny-chlup-oboustranny-sedy\/","title":{"rendered":"Pol\u0161t\u00e1\u0159ek z&nbsp;ov\u010d\u00ed k\u016f\u017ee &#8211; st\u0159i\u017een\u00fd chlup, oboustrann\u00fd 50&#215;50, \u0161ed\u00fd"},"content":{"rendered":"<div class=\"wp-menu-arrow\"><\/div>\n<div class=\"wp-menu-name\"><\/div>\n<p>&nbsp;<\/p>\n","protected":false},"excerpt":{"rendered":"<p>Luxusn\u00ed pol\u0161t\u00e1\u0159ek z&nbsp;ov\u010d\u00ed k\u016f\u017ee. St\u0159i\u017een\u00fd, kr\u00e1sn\u011b jemn\u00fd chlup po obou stran\u00e1ch. Barven\u00e1 k\u016f\u017ee &#8211; \u0161ed\u00e1.<br \/>\nStylov\u00fd bytov\u00fd dopln\u011bk, kter\u00fd z\u00fatuln\u00ed ka\u017ed\u00fd interi\u00e9r. Von\u00ed.<\/p>\n<p>D\u00e9lka chlupu 5 cm.<\/p>\n","protected":false},"featured_media":11739,"template":"","meta":{"_acf_changed":false},"product_brand":[],"product_cat":[25],"product_tag":[],"class_list":{"0":"post-1537","1":"product","2":"type-product","3":"status-publish","4":"has-post-thumbnail","6":"product_cat-polstare-ovci-kuze","8":"first","9":"instock","10":"taxable","11":"shipping-taxable","12":"purchasable","13":"product-type-simple"},"acf":[],"yoast_head":"<!-- This site is optimized with the Yoast SEO plugin v24.6 - https:\/\/yoast.com\/wordpress\/plugins\/seo\/ -->\n<title>Pol\u0161t\u00e1\u0159ek z ov\u010d\u00ed k\u016f\u017ee - st\u0159i\u017een\u00fd chlup, oboustrann\u00fd 50x50, \u0161ed\u00fd - Scandesign - Ko\u017ee\u0161iny pro V\u00e1\u0161 domov<\/title>\n<meta name=\"robots\" content=\"index, follow, max-snippet:-1, max-image-preview:large, max-video-preview:-1\" \/>\n<link rel=\"canonical\" href=\"https:\/\/scandesign-old.yashicadev.cz\/sk\/produkt\/polstarek-z-ovci-kuze-strizeny-chlup-oboustranny-sedy\/\" \/>\n<meta property=\"og:locale\" content=\"sk_SK\" \/>\n<meta property=\"og:type\" content=\"article\" \/>\n<meta property=\"og:title\" content=\"Pol\u0161t\u00e1\u0159ek z ov\u010d\u00ed k\u016f\u017ee - st\u0159i\u017een\u00fd chlup, oboustrann\u00fd 50x50, \u0161ed\u00fd - Scandesign - Ko\u017ee\u0161iny pro V\u00e1\u0161 domov\" \/>\n<meta property=\"og:description\" content=\"Luxusn\u00ed pol\u0161t\u00e1\u0159ek z ov\u010d\u00ed k\u016f\u017ee. St\u0159i\u017een\u00fd, kr\u00e1sn\u011b jemn\u00fd chlup po obou stran\u00e1ch. Barven\u00e1 k\u016f\u017ee - \u0161ed\u00e1. Stylov\u00fd bytov\u00fd dopln\u011bk, kter\u00fd z\u00fatuln\u00ed ka\u017ed\u00fd interi\u00e9r. Von\u00ed.  D\u00e9lka chlupu 5 cm.\" \/>\n<meta property=\"og:url\" content=\"https:\/\/scandesign-old.yashicadev.cz\/sk\/produkt\/polstarek-z-ovci-kuze-strizeny-chlup-oboustranny-sedy\/\" \/>\n<meta property=\"og:site_name\" content=\"Scandesign - Ko\u017ee\u0161iny pro V\u00e1\u0161 domov\" \/>\n<meta property=\"article:modified_time\" content=\"2024-05-03T17:26:28+00:00\" \/>\n<meta property=\"og:image\" content=\"https:\/\/scandesign-old.yashicadev.cz\/wp-content\/uploads\/2019\/06\/IMG_1407-1.jpg\" \/>\n\t<meta property=\"og:image:width\" content=\"1200\" \/>\n\t<meta property=\"og:image:height\" content=\"900\" \/>\n\t<meta property=\"og:image:type\" content=\"image\/jpeg\" \/>\n<meta name=\"twitter:card\" content=\"summary_large_image\" \/>\n<meta name=\"twitter:label1\" content=\"Predpokladan\u00fd \u010das \u010d\u00edtania\" \/>\n\t<meta name=\"twitter:data1\" content=\"1 min\u00fata\" \/>\n<script type=\"application\/ld+json\" class=\"yoast-schema-graph\">{\"@context\":\"https:\/\/schema.org\",\"@graph\":[{\"@type\":\"WebPage\",\"@id\":\"https:\/\/scandesign-old.yashicadev.cz\/sk\/produkt\/polstarek-z-ovci-kuze-strizeny-chlup-oboustranny-sedy\/\",\"url\":\"https:\/\/scandesign-old.yashicadev.cz\/sk\/produkt\/polstarek-z-ovci-kuze-strizeny-chlup-oboustranny-sedy\/\",\"name\":\"Pol\u0161t\u00e1\u0159ek z ov\u010d\u00ed k\u016f\u017ee - st\u0159i\u017een\u00fd chlup, oboustrann\u00fd 50x50, \u0161ed\u00fd - Scandesign - Ko\u017ee\u0161iny pro V\u00e1\u0161 domov\",\"isPartOf\":{\"@id\":\"https:\/\/scandesign-old.yashicadev.cz\/sk\/#website\"},\"primaryImageOfPage\":{\"@id\":\"https:\/\/scandesign-old.yashicadev.cz\/sk\/produkt\/polstarek-z-ovci-kuze-strizeny-chlup-oboustranny-sedy\/#primaryimage\"},\"image\":{\"@id\":\"https:\/\/scandesign-old.yashicadev.cz\/sk\/produkt\/polstarek-z-ovci-kuze-strizeny-chlup-oboustranny-sedy\/#primaryimage\"},\"thumbnailUrl\":\"https:\/\/scandesign-old.yashicadev.cz\/wp-content\/uploads\/2019\/06\/IMG_1407-1.jpg\",\"datePublished\":\"2019-06-04T20:50:47+00:00\",\"dateModified\":\"2024-05-03T17:26:28+00:00\",\"breadcrumb\":{\"@id\":\"https:\/\/scandesign-old.yashicadev.cz\/sk\/produkt\/polstarek-z-ovci-kuze-strizeny-chlup-oboustranny-sedy\/#breadcrumb\"},\"inLanguage\":\"sk-SK\",\"potentialAction\":[{\"@type\":\"ReadAction\",\"target\":[\"https:\/\/scandesign-old.yashicadev.cz\/sk\/produkt\/polstarek-z-ovci-kuze-strizeny-chlup-oboustranny-sedy\/\"]}]},{\"@type\":\"ImageObject\",\"inLanguage\":\"sk-SK\",\"@id\":\"https:\/\/scandesign-old.yashicadev.cz\/sk\/produkt\/polstarek-z-ovci-kuze-strizeny-chlup-oboustranny-sedy\/#primaryimage\",\"url\":\"https:\/\/scandesign-old.yashicadev.cz\/wp-content\/uploads\/2019\/06\/IMG_1407-1.jpg\",\"contentUrl\":\"https:\/\/scandesign-old.yashicadev.cz\/wp-content\/uploads\/2019\/06\/IMG_1407-1.jpg\",\"width\":1200,\"height\":900},{\"@type\":\"BreadcrumbList\",\"@id\":\"https:\/\/scandesign-old.yashicadev.cz\/sk\/produkt\/polstarek-z-ovci-kuze-strizeny-chlup-oboustranny-sedy\/#breadcrumb\",\"itemListElement\":[{\"@type\":\"ListItem\",\"position\":1,\"name\":\"Home\",\"item\":\"https:\/\/scandesign-old.yashicadev.cz\/\"},{\"@type\":\"ListItem\",\"position\":2,\"name\":\"Shop\",\"item\":\"https:\/\/scandesign-old.yashicadev.cz\/sk\/shop\/\"},{\"@type\":\"ListItem\",\"position\":3,\"name\":\"Pol\u0161t\u00e1\u0159ek z&nbsp;ov\u010d\u00ed k\u016f\u017ee &#8211; st\u0159i\u017een\u00fd chlup, oboustrann\u00fd 50&#215;50, \u0161ed\u00fd\"}]},{\"@type\":\"WebSite\",\"@id\":\"https:\/\/scandesign-old.yashicadev.cz\/sk\/#website\",\"url\":\"https:\/\/scandesign-old.yashicadev.cz\/sk\/\",\"name\":\"Scandesign - Ko\u017ee\u0161iny pro V\u00e1\u0161 domov\",\"description\":\"Bytov\u00e9 dopl\u0148ky z hov\u011bz\u00ed a ov\u010d\u00ed k\u016f\u017ee\",\"publisher\":{\"@id\":\"https:\/\/scandesign-old.yashicadev.cz\/sk\/#organization\"},\"potentialAction\":[{\"@type\":\"SearchAction\",\"target\":{\"@type\":\"EntryPoint\",\"urlTemplate\":\"https:\/\/scandesign-old.yashicadev.cz\/sk\/?s={search_term_string}\"},\"query-input\":{\"@type\":\"PropertyValueSpecification\",\"valueRequired\":true,\"valueName\":\"search_term_string\"}}],\"inLanguage\":\"sk-SK\"},{\"@type\":\"Organization\",\"@id\":\"https:\/\/scandesign-old.yashicadev.cz\/sk\/#organization\",\"name\":\"Scandesign\",\"url\":\"https:\/\/scandesign-old.yashicadev.cz\/sk\/\",\"logo\":{\"@type\":\"ImageObject\",\"inLanguage\":\"sk-SK\",\"@id\":\"https:\/\/scandesign-old.yashicadev.cz\/sk\/#\/schema\/logo\/image\/\",\"url\":\"https:\/\/scandesign-old.yashicadev.cz\/wp-content\/uploads\/2019\/06\/logo.jpg\",\"contentUrl\":\"https:\/\/scandesign-old.yashicadev.cz\/wp-content\/uploads\/2019\/06\/logo.jpg\",\"width\":439,\"height\":79,\"caption\":\"Scandesign\"},\"image\":{\"@id\":\"https:\/\/scandesign-old.yashicadev.cz\/sk\/#\/schema\/logo\/image\/\"}}]}<\/script>\n<!-- \/ Yoast SEO plugin. -->","yoast_head_json":{"title":"Pol\u0161t\u00e1\u0159ek z ov\u010d\u00ed k\u016f\u017ee - st\u0159i\u017een\u00fd chlup, oboustrann\u00fd 50x50, \u0161ed\u00fd - Scandesign - Ko\u017ee\u0161iny pro V\u00e1\u0161 domov","robots":{"index":"index","follow":"follow","max-snippet":"max-snippet:-1","max-image-preview":"max-image-preview:large","max-video-preview":"max-video-preview:-1"},"canonical":"https:\/\/scandesign-old.yashicadev.cz\/sk\/produkt\/polstarek-z-ovci-kuze-strizeny-chlup-oboustranny-sedy\/","og_locale":"sk_SK","og_type":"article","og_title":"Pol\u0161t\u00e1\u0159ek z ov\u010d\u00ed k\u016f\u017ee - st\u0159i\u017een\u00fd chlup, oboustrann\u00fd 50x50, \u0161ed\u00fd - Scandesign - Ko\u017ee\u0161iny pro V\u00e1\u0161 domov","og_description":"Luxusn\u00ed pol\u0161t\u00e1\u0159ek z ov\u010d\u00ed k\u016f\u017ee. St\u0159i\u017een\u00fd, kr\u00e1sn\u011b jemn\u00fd chlup po obou stran\u00e1ch. Barven\u00e1 k\u016f\u017ee - \u0161ed\u00e1. Stylov\u00fd bytov\u00fd dopln\u011bk, kter\u00fd z\u00fatuln\u00ed ka\u017ed\u00fd interi\u00e9r. Von\u00ed.  D\u00e9lka chlupu 5 cm.","og_url":"https:\/\/scandesign-old.yashicadev.cz\/sk\/produkt\/polstarek-z-ovci-kuze-strizeny-chlup-oboustranny-sedy\/","og_site_name":"Scandesign - Ko\u017ee\u0161iny pro V\u00e1\u0161 domov","article_modified_time":"2024-05-03T17:26:28+00:00","og_image":[{"width":1200,"height":900,"url":"https:\/\/scandesign-old.yashicadev.cz\/wp-content\/uploads\/2019\/06\/IMG_1407-1.jpg","type":"image\/jpeg"}],"twitter_card":"summary_large_image","twitter_misc":{"Predpokladan\u00fd \u010das \u010d\u00edtania":"1 min\u00fata"},"schema":{"@context":"https:\/\/schema.org","@graph":[{"@type":"WebPage","@id":"https:\/\/scandesign-old.yashicadev.cz\/sk\/produkt\/polstarek-z-ovci-kuze-strizeny-chlup-oboustranny-sedy\/","url":"https:\/\/scandesign-old.yashicadev.cz\/sk\/produkt\/polstarek-z-ovci-kuze-strizeny-chlup-oboustranny-sedy\/","name":"Pol\u0161t\u00e1\u0159ek z ov\u010d\u00ed k\u016f\u017ee - st\u0159i\u017een\u00fd chlup, oboustrann\u00fd 50x50, \u0161ed\u00fd - Scandesign - Ko\u017ee\u0161iny pro V\u00e1\u0161 domov","isPartOf":{"@id":"https:\/\/scandesign-old.yashicadev.cz\/sk\/#website"},"primaryImageOfPage":{"@id":"https:\/\/scandesign-old.yashicadev.cz\/sk\/produkt\/polstarek-z-ovci-kuze-strizeny-chlup-oboustranny-sedy\/#primaryimage"},"image":{"@id":"https:\/\/scandesign-old.yashicadev.cz\/sk\/produkt\/polstarek-z-ovci-kuze-strizeny-chlup-oboustranny-sedy\/#primaryimage"},"thumbnailUrl":"https:\/\/scandesign-old.yashicadev.cz\/wp-content\/uploads\/2019\/06\/IMG_1407-1.jpg","datePublished":"2019-06-04T20:50:47+00:00","dateModified":"2024-05-03T17:26:28+00:00","breadcrumb":{"@id":"https:\/\/scandesign-old.yashicadev.cz\/sk\/produkt\/polstarek-z-ovci-kuze-strizeny-chlup-oboustranny-sedy\/#breadcrumb"},"inLanguage":"sk-SK","potentialAction":[{"@type":"ReadAction","target":["https:\/\/scandesign-old.yashicadev.cz\/sk\/produkt\/polstarek-z-ovci-kuze-strizeny-chlup-oboustranny-sedy\/"]}]},{"@type":"ImageObject","inLanguage":"sk-SK","@id":"https:\/\/scandesign-old.yashicadev.cz\/sk\/produkt\/polstarek-z-ovci-kuze-strizeny-chlup-oboustranny-sedy\/#primaryimage","url":"https:\/\/scandesign-old.yashicadev.cz\/wp-content\/uploads\/2019\/06\/IMG_1407-1.jpg","contentUrl":"https:\/\/scandesign-old.yashicadev.cz\/wp-content\/uploads\/2019\/06\/IMG_1407-1.jpg","width":1200,"height":900},{"@type":"BreadcrumbList","@id":"https:\/\/scandesign-old.yashicadev.cz\/sk\/produkt\/polstarek-z-ovci-kuze-strizeny-chlup-oboustranny-sedy\/#breadcrumb","itemListElement":[{"@type":"ListItem","position":1,"name":"Home","item":"https:\/\/scandesign-old.yashicadev.cz\/"},{"@type":"ListItem","position":2,"name":"Shop","item":"https:\/\/scandesign-old.yashicadev.cz\/sk\/shop\/"},{"@type":"ListItem","position":3,"name":"Pol\u0161t\u00e1\u0159ek z&nbsp;ov\u010d\u00ed k\u016f\u017ee &#8211; st\u0159i\u017een\u00fd chlup, oboustrann\u00fd 50&#215;50, \u0161ed\u00fd"}]},{"@type":"WebSite","@id":"https:\/\/scandesign-old.yashicadev.cz\/sk\/#website","url":"https:\/\/scandesign-old.yashicadev.cz\/sk\/","name":"Scandesign - Ko\u017ee\u0161iny pro V\u00e1\u0161 domov","description":"Bytov\u00e9 dopl\u0148ky z hov\u011bz\u00ed a ov\u010d\u00ed k\u016f\u017ee","publisher":{"@id":"https:\/\/scandesign-old.yashicadev.cz\/sk\/#organization"},"potentialAction":[{"@type":"SearchAction","target":{"@type":"EntryPoint","urlTemplate":"https:\/\/scandesign-old.yashicadev.cz\/sk\/?s={search_term_string}"},"query-input":{"@type":"PropertyValueSpecification","valueRequired":true,"valueName":"search_term_string"}}],"inLanguage":"sk-SK"},{"@type":"Organization","@id":"https:\/\/scandesign-old.yashicadev.cz\/sk\/#organization","name":"Scandesign","url":"https:\/\/scandesign-old.yashicadev.cz\/sk\/","logo":{"@type":"ImageObject","inLanguage":"sk-SK","@id":"https:\/\/scandesign-old.yashicadev.cz\/sk\/#\/schema\/logo\/image\/","url":"https:\/\/scandesign-old.yashicadev.cz\/wp-content\/uploads\/2019\/06\/logo.jpg","contentUrl":"https:\/\/scandesign-old.yashicadev.cz\/wp-content\/uploads\/2019\/06\/logo.jpg","width":439,"height":79,"caption":"Scandesign"},"image":{"@id":"https:\/\/scandesign-old.yashicadev.cz\/sk\/#\/schema\/logo\/image\/"}}]}},"_links":{"self":[{"href":"https:\/\/scandesign-old.yashicadev.cz\/sk\/wp-json\/wp\/v2\/product\/1537"}],"collection":[{"href":"https:\/\/scandesign-old.yashicadev.cz\/sk\/wp-json\/wp\/v2\/product"}],"about":[{"href":"https:\/\/scandesign-old.yashicadev.cz\/sk\/wp-json\/wp\/v2\/types\/product"}],"wp:featuredmedia":[{"embeddable":true,"href":"https:\/\/scandesign-old.yashicadev.cz\/sk\/wp-json\/wp\/v2\/media\/11739"}],"wp:attachment":[{"href":"https:\/\/scandesign-old.yashicadev.cz\/sk\/wp-json\/wp\/v2\/media?parent=1537"}],"wp:term":[{"taxonomy":"product_brand","embeddable":true,"href":"https:\/\/scandesign-old.yashicadev.cz\/sk\/wp-json\/wp\/v2\/product_brand?post=1537"},{"taxonomy":"product_cat","embeddable":true,"href":"https:\/\/scandesign-old.yashicadev.cz\/sk\/wp-json\/wp\/v2\/product_cat?post=1537"},{"taxonomy":"product_tag","embeddable":true,"href":"https:\/\/scandesign-old.yashicadev.cz\/sk\/wp-json\/wp\/v2\/product_tag?post=1537"}],"curies":[{"name":"wp","href":"https:\/\/api.w.org\/{rel}","templated":true}]}}