{"id":16365,"date":"2025-02-15T11:43:46","date_gmt":"2025-02-15T10:43:46","guid":{"rendered":"https:\/\/scandesign-old.yashicadev.cz\/?post_type=product&#038;p=16365"},"modified":"2025-02-15T11:50:34","modified_gmt":"2025-02-15T10:50:34","slug":"kozeny-polstar-cerny-45x45-patch","status":"publish","type":"product","link":"https:\/\/scandesign-old.yashicadev.cz\/sk\/produkt\/kozeny-polstar-cerny-45x45-patch\/","title":{"rendered":"Ko\u017een\u00fd pol\u0161t\u00e1\u0159 &#8211; \u010dern\u00fd 45&#215;45 patch"},"content":{"rendered":"","protected":false},"excerpt":{"rendered":"<p>Dekora\u010dn\u00ed ko\u017een\u00fd pol\u0161t\u00e1\u0159ek. \u010celn\u00ed strana se\u0161ita ze 4 d\u00edlc\u016f k\u016f\u017ee s&nbsp;chlupem. Zadn\u00ed strana je tvo\u0159ena 1 d\u00edlcem z&nbsp;prav\u00e9 hov\u011bz\u00ed \u010dern\u00e9 k\u016f\u017ee bez chlupu. Pol\u0161t\u00e1\u0159ky jsou vyrobeny z&nbsp;nejlep\u0161\u00ed \u00a0k\u016f\u017ee s&nbsp;m\u011bkk\u00fdm chlupem, dlouh\u00fdm cca 1-2 cm. V\u00fdpl\u0148 z&nbsp;polyesteru &#8211; dut\u00e9 vl\u00e1kno.<\/p>\n","protected":false},"featured_media":16366,"template":"","meta":{"_acf_changed":false},"product_brand":[],"product_cat":[21],"product_tag":[],"class_list":{"0":"post-16365","1":"product","2":"type-product","3":"status-publish","4":"has-post-thumbnail","6":"product_cat-polstare","8":"first","9":"instock","10":"taxable","11":"shipping-taxable","12":"purchasable","13":"product-type-simple"},"acf":[],"yoast_head":"<!-- This site is optimized with the Yoast SEO plugin v24.6 - https:\/\/yoast.com\/wordpress\/plugins\/seo\/ -->\n<title>Ko\u017een\u00fd pol\u0161t\u00e1\u0159 - \u010dern\u00fd 45x45 patch - Scandesign - Ko\u017ee\u0161iny pro V\u00e1\u0161 domov<\/title>\n<meta name=\"robots\" content=\"index, follow, max-snippet:-1, max-image-preview:large, max-video-preview:-1\" \/>\n<link rel=\"canonical\" href=\"https:\/\/scandesign-old.yashicadev.cz\/sk\/produkt\/kozeny-polstar-cerny-45x45-patch\/\" \/>\n<meta property=\"og:locale\" content=\"sk_SK\" \/>\n<meta property=\"og:type\" content=\"article\" \/>\n<meta property=\"og:title\" content=\"Ko\u017een\u00fd pol\u0161t\u00e1\u0159 - \u010dern\u00fd 45x45 patch - Scandesign - Ko\u017ee\u0161iny pro V\u00e1\u0161 domov\" \/>\n<meta property=\"og:description\" content=\"Dekora\u010dn\u00ed ko\u017een\u00fd pol\u0161t\u00e1\u0159ek. \u010celn\u00ed strana se\u0161ita ze 4 d\u00edlc\u016f k\u016f\u017ee s chlupem. Zadn\u00ed strana je tvo\u0159ena 1 d\u00edlcem z prav\u00e9 hov\u011bz\u00ed \u010dern\u00e9 k\u016f\u017ee bez chlupu. Pol\u0161t\u00e1\u0159ky jsou vyrobeny z nejlep\u0161\u00ed \u00a0k\u016f\u017ee s m\u011bkk\u00fdm chlupem, dlouh\u00fdm cca 1-2 cm. V\u00fdpl\u0148 z polyesteru - dut\u00e9 vl\u00e1kno.\" \/>\n<meta property=\"og:url\" content=\"https:\/\/scandesign-old.yashicadev.cz\/sk\/produkt\/kozeny-polstar-cerny-45x45-patch\/\" \/>\n<meta property=\"og:site_name\" content=\"Scandesign - Ko\u017ee\u0161iny pro V\u00e1\u0161 domov\" \/>\n<meta property=\"article:modified_time\" content=\"2025-02-15T10:50:34+00:00\" \/>\n<meta property=\"og:image\" content=\"https:\/\/scandesign-old.yashicadev.cz\/wp-content\/uploads\/2025\/02\/IMG_5146.png\" \/>\n\t<meta property=\"og:image:width\" content=\"1200\" \/>\n\t<meta property=\"og:image:height\" content=\"900\" \/>\n\t<meta property=\"og:image:type\" content=\"image\/png\" \/>\n<meta name=\"twitter:card\" content=\"summary_large_image\" \/>\n<meta name=\"twitter:label1\" content=\"Predpokladan\u00fd \u010das \u010d\u00edtania\" \/>\n\t<meta name=\"twitter:data1\" content=\"1 min\u00fata\" \/>\n<script type=\"application\/ld+json\" class=\"yoast-schema-graph\">{\"@context\":\"https:\/\/schema.org\",\"@graph\":[{\"@type\":\"WebPage\",\"@id\":\"https:\/\/scandesign-old.yashicadev.cz\/sk\/produkt\/kozeny-polstar-cerny-45x45-patch\/\",\"url\":\"https:\/\/scandesign-old.yashicadev.cz\/sk\/produkt\/kozeny-polstar-cerny-45x45-patch\/\",\"name\":\"Ko\u017een\u00fd pol\u0161t\u00e1\u0159 - \u010dern\u00fd 45x45 patch - Scandesign - Ko\u017ee\u0161iny pro V\u00e1\u0161 domov\",\"isPartOf\":{\"@id\":\"https:\/\/scandesign-old.yashicadev.cz\/sk\/#website\"},\"primaryImageOfPage\":{\"@id\":\"https:\/\/scandesign-old.yashicadev.cz\/sk\/produkt\/kozeny-polstar-cerny-45x45-patch\/#primaryimage\"},\"image\":{\"@id\":\"https:\/\/scandesign-old.yashicadev.cz\/sk\/produkt\/kozeny-polstar-cerny-45x45-patch\/#primaryimage\"},\"thumbnailUrl\":\"https:\/\/scandesign-old.yashicadev.cz\/wp-content\/uploads\/2025\/02\/IMG_5146.png\",\"datePublished\":\"2025-02-15T10:43:46+00:00\",\"dateModified\":\"2025-02-15T10:50:34+00:00\",\"breadcrumb\":{\"@id\":\"https:\/\/scandesign-old.yashicadev.cz\/sk\/produkt\/kozeny-polstar-cerny-45x45-patch\/#breadcrumb\"},\"inLanguage\":\"sk-SK\",\"potentialAction\":[{\"@type\":\"ReadAction\",\"target\":[\"https:\/\/scandesign-old.yashicadev.cz\/sk\/produkt\/kozeny-polstar-cerny-45x45-patch\/\"]}]},{\"@type\":\"ImageObject\",\"inLanguage\":\"sk-SK\",\"@id\":\"https:\/\/scandesign-old.yashicadev.cz\/sk\/produkt\/kozeny-polstar-cerny-45x45-patch\/#primaryimage\",\"url\":\"https:\/\/scandesign-old.yashicadev.cz\/wp-content\/uploads\/2025\/02\/IMG_5146.png\",\"contentUrl\":\"https:\/\/scandesign-old.yashicadev.cz\/wp-content\/uploads\/2025\/02\/IMG_5146.png\",\"width\":1200,\"height\":900},{\"@type\":\"BreadcrumbList\",\"@id\":\"https:\/\/scandesign-old.yashicadev.cz\/sk\/produkt\/kozeny-polstar-cerny-45x45-patch\/#breadcrumb\",\"itemListElement\":[{\"@type\":\"ListItem\",\"position\":1,\"name\":\"Home\",\"item\":\"https:\/\/scandesign-old.yashicadev.cz\/\"},{\"@type\":\"ListItem\",\"position\":2,\"name\":\"Shop\",\"item\":\"https:\/\/scandesign-old.yashicadev.cz\/sk\/shop\/\"},{\"@type\":\"ListItem\",\"position\":3,\"name\":\"Ko\u017een\u00fd pol\u0161t\u00e1\u0159 &#8211; \u010dern\u00fd 45&#215;45 patch\"}]},{\"@type\":\"WebSite\",\"@id\":\"https:\/\/scandesign-old.yashicadev.cz\/sk\/#website\",\"url\":\"https:\/\/scandesign-old.yashicadev.cz\/sk\/\",\"name\":\"Scandesign - Ko\u017ee\u0161iny pro V\u00e1\u0161 domov\",\"description\":\"Bytov\u00e9 dopl\u0148ky z hov\u011bz\u00ed a ov\u010d\u00ed k\u016f\u017ee\",\"publisher\":{\"@id\":\"https:\/\/scandesign-old.yashicadev.cz\/sk\/#organization\"},\"potentialAction\":[{\"@type\":\"SearchAction\",\"target\":{\"@type\":\"EntryPoint\",\"urlTemplate\":\"https:\/\/scandesign-old.yashicadev.cz\/sk\/?s={search_term_string}\"},\"query-input\":{\"@type\":\"PropertyValueSpecification\",\"valueRequired\":true,\"valueName\":\"search_term_string\"}}],\"inLanguage\":\"sk-SK\"},{\"@type\":\"Organization\",\"@id\":\"https:\/\/scandesign-old.yashicadev.cz\/sk\/#organization\",\"name\":\"Scandesign\",\"url\":\"https:\/\/scandesign-old.yashicadev.cz\/sk\/\",\"logo\":{\"@type\":\"ImageObject\",\"inLanguage\":\"sk-SK\",\"@id\":\"https:\/\/scandesign-old.yashicadev.cz\/sk\/#\/schema\/logo\/image\/\",\"url\":\"https:\/\/scandesign-old.yashicadev.cz\/wp-content\/uploads\/2019\/06\/logo.jpg\",\"contentUrl\":\"https:\/\/scandesign-old.yashicadev.cz\/wp-content\/uploads\/2019\/06\/logo.jpg\",\"width\":439,\"height\":79,\"caption\":\"Scandesign\"},\"image\":{\"@id\":\"https:\/\/scandesign-old.yashicadev.cz\/sk\/#\/schema\/logo\/image\/\"}}]}<\/script>\n<!-- \/ Yoast SEO plugin. -->","yoast_head_json":{"title":"Ko\u017een\u00fd pol\u0161t\u00e1\u0159 - \u010dern\u00fd 45x45 patch - Scandesign - Ko\u017ee\u0161iny pro V\u00e1\u0161 domov","robots":{"index":"index","follow":"follow","max-snippet":"max-snippet:-1","max-image-preview":"max-image-preview:large","max-video-preview":"max-video-preview:-1"},"canonical":"https:\/\/scandesign-old.yashicadev.cz\/sk\/produkt\/kozeny-polstar-cerny-45x45-patch\/","og_locale":"sk_SK","og_type":"article","og_title":"Ko\u017een\u00fd pol\u0161t\u00e1\u0159 - \u010dern\u00fd 45x45 patch - Scandesign - Ko\u017ee\u0161iny pro V\u00e1\u0161 domov","og_description":"Dekora\u010dn\u00ed ko\u017een\u00fd pol\u0161t\u00e1\u0159ek. \u010celn\u00ed strana se\u0161ita ze 4 d\u00edlc\u016f k\u016f\u017ee s chlupem. Zadn\u00ed strana je tvo\u0159ena 1 d\u00edlcem z prav\u00e9 hov\u011bz\u00ed \u010dern\u00e9 k\u016f\u017ee bez chlupu. Pol\u0161t\u00e1\u0159ky jsou vyrobeny z nejlep\u0161\u00ed \u00a0k\u016f\u017ee s m\u011bkk\u00fdm chlupem, dlouh\u00fdm cca 1-2 cm. V\u00fdpl\u0148 z polyesteru - dut\u00e9 vl\u00e1kno.","og_url":"https:\/\/scandesign-old.yashicadev.cz\/sk\/produkt\/kozeny-polstar-cerny-45x45-patch\/","og_site_name":"Scandesign - Ko\u017ee\u0161iny pro V\u00e1\u0161 domov","article_modified_time":"2025-02-15T10:50:34+00:00","og_image":[{"width":1200,"height":900,"url":"https:\/\/scandesign-old.yashicadev.cz\/wp-content\/uploads\/2025\/02\/IMG_5146.png","type":"image\/png"}],"twitter_card":"summary_large_image","twitter_misc":{"Predpokladan\u00fd \u010das \u010d\u00edtania":"1 min\u00fata"},"schema":{"@context":"https:\/\/schema.org","@graph":[{"@type":"WebPage","@id":"https:\/\/scandesign-old.yashicadev.cz\/sk\/produkt\/kozeny-polstar-cerny-45x45-patch\/","url":"https:\/\/scandesign-old.yashicadev.cz\/sk\/produkt\/kozeny-polstar-cerny-45x45-patch\/","name":"Ko\u017een\u00fd pol\u0161t\u00e1\u0159 - \u010dern\u00fd 45x45 patch - Scandesign - Ko\u017ee\u0161iny pro V\u00e1\u0161 domov","isPartOf":{"@id":"https:\/\/scandesign-old.yashicadev.cz\/sk\/#website"},"primaryImageOfPage":{"@id":"https:\/\/scandesign-old.yashicadev.cz\/sk\/produkt\/kozeny-polstar-cerny-45x45-patch\/#primaryimage"},"image":{"@id":"https:\/\/scandesign-old.yashicadev.cz\/sk\/produkt\/kozeny-polstar-cerny-45x45-patch\/#primaryimage"},"thumbnailUrl":"https:\/\/scandesign-old.yashicadev.cz\/wp-content\/uploads\/2025\/02\/IMG_5146.png","datePublished":"2025-02-15T10:43:46+00:00","dateModified":"2025-02-15T10:50:34+00:00","breadcrumb":{"@id":"https:\/\/scandesign-old.yashicadev.cz\/sk\/produkt\/kozeny-polstar-cerny-45x45-patch\/#breadcrumb"},"inLanguage":"sk-SK","potentialAction":[{"@type":"ReadAction","target":["https:\/\/scandesign-old.yashicadev.cz\/sk\/produkt\/kozeny-polstar-cerny-45x45-patch\/"]}]},{"@type":"ImageObject","inLanguage":"sk-SK","@id":"https:\/\/scandesign-old.yashicadev.cz\/sk\/produkt\/kozeny-polstar-cerny-45x45-patch\/#primaryimage","url":"https:\/\/scandesign-old.yashicadev.cz\/wp-content\/uploads\/2025\/02\/IMG_5146.png","contentUrl":"https:\/\/scandesign-old.yashicadev.cz\/wp-content\/uploads\/2025\/02\/IMG_5146.png","width":1200,"height":900},{"@type":"BreadcrumbList","@id":"https:\/\/scandesign-old.yashicadev.cz\/sk\/produkt\/kozeny-polstar-cerny-45x45-patch\/#breadcrumb","itemListElement":[{"@type":"ListItem","position":1,"name":"Home","item":"https:\/\/scandesign-old.yashicadev.cz\/"},{"@type":"ListItem","position":2,"name":"Shop","item":"https:\/\/scandesign-old.yashicadev.cz\/sk\/shop\/"},{"@type":"ListItem","position":3,"name":"Ko\u017een\u00fd pol\u0161t\u00e1\u0159 &#8211; \u010dern\u00fd 45&#215;45 patch"}]},{"@type":"WebSite","@id":"https:\/\/scandesign-old.yashicadev.cz\/sk\/#website","url":"https:\/\/scandesign-old.yashicadev.cz\/sk\/","name":"Scandesign - Ko\u017ee\u0161iny pro V\u00e1\u0161 domov","description":"Bytov\u00e9 dopl\u0148ky z hov\u011bz\u00ed a ov\u010d\u00ed k\u016f\u017ee","publisher":{"@id":"https:\/\/scandesign-old.yashicadev.cz\/sk\/#organization"},"potentialAction":[{"@type":"SearchAction","target":{"@type":"EntryPoint","urlTemplate":"https:\/\/scandesign-old.yashicadev.cz\/sk\/?s={search_term_string}"},"query-input":{"@type":"PropertyValueSpecification","valueRequired":true,"valueName":"search_term_string"}}],"inLanguage":"sk-SK"},{"@type":"Organization","@id":"https:\/\/scandesign-old.yashicadev.cz\/sk\/#organization","name":"Scandesign","url":"https:\/\/scandesign-old.yashicadev.cz\/sk\/","logo":{"@type":"ImageObject","inLanguage":"sk-SK","@id":"https:\/\/scandesign-old.yashicadev.cz\/sk\/#\/schema\/logo\/image\/","url":"https:\/\/scandesign-old.yashicadev.cz\/wp-content\/uploads\/2019\/06\/logo.jpg","contentUrl":"https:\/\/scandesign-old.yashicadev.cz\/wp-content\/uploads\/2019\/06\/logo.jpg","width":439,"height":79,"caption":"Scandesign"},"image":{"@id":"https:\/\/scandesign-old.yashicadev.cz\/sk\/#\/schema\/logo\/image\/"}}]}},"_links":{"self":[{"href":"https:\/\/scandesign-old.yashicadev.cz\/sk\/wp-json\/wp\/v2\/product\/16365"}],"collection":[{"href":"https:\/\/scandesign-old.yashicadev.cz\/sk\/wp-json\/wp\/v2\/product"}],"about":[{"href":"https:\/\/scandesign-old.yashicadev.cz\/sk\/wp-json\/wp\/v2\/types\/product"}],"wp:featuredmedia":[{"embeddable":true,"href":"https:\/\/scandesign-old.yashicadev.cz\/sk\/wp-json\/wp\/v2\/media\/16366"}],"wp:attachment":[{"href":"https:\/\/scandesign-old.yashicadev.cz\/sk\/wp-json\/wp\/v2\/media?parent=16365"}],"wp:term":[{"taxonomy":"product_brand","embeddable":true,"href":"https:\/\/scandesign-old.yashicadev.cz\/sk\/wp-json\/wp\/v2\/product_brand?post=16365"},{"taxonomy":"product_cat","embeddable":true,"href":"https:\/\/scandesign-old.yashicadev.cz\/sk\/wp-json\/wp\/v2\/product_cat?post=16365"},{"taxonomy":"product_tag","embeddable":true,"href":"https:\/\/scandesign-old.yashicadev.cz\/sk\/wp-json\/wp\/v2\/product_tag?post=16365"}],"curies":[{"name":"wp","href":"https:\/\/api.w.org\/{rel}","templated":true}]}}