{"id":6264,"date":"2020-11-29T17:04:18","date_gmt":"2020-11-29T16:04:18","guid":{"rendered":"https:\/\/scandesign-old.yashicadev.cz\/?post_type=product&#038;p=6264"},"modified":"2025-02-02T23:20:24","modified_gmt":"2025-02-02T22:20:24","slug":"predlozka-z-kozi-kuze-19","status":"publish","type":"product","link":"https:\/\/scandesign-old.yashicadev.cz\/sk\/produkt\/predlozka-z-kozi-kuze-19\/","title":{"rendered":"P\u0159edlo\u017eka z&nbsp;koz\u00ed k\u016f\u017ee 20"},"content":{"rendered":"","protected":false},"excerpt":{"rendered":"<p>Koz\u00ed k\u016f\u017ee, m\u011bkce \u010din\u011bn\u00e1 s&nbsp;jemn\u00fdm, na dotek p\u0159\u00edjemn\u00fdm chlupem. Foto konkr\u00e9tn\u00edho kusu.<\/p>\n","protected":false},"featured_media":6265,"template":"","meta":{"_acf_changed":false},"product_brand":[],"product_cat":[115],"product_tag":[],"class_list":{"0":"post-6264","1":"product","2":"type-product","3":"status-publish","4":"has-post-thumbnail","6":"product_cat-kozi-kuze","8":"first","9":"instock","10":"sale","11":"taxable","12":"shipping-taxable","13":"purchasable","14":"product-type-simple"},"acf":[],"yoast_head":"<!-- This site is optimized with the Yoast SEO plugin v24.6 - https:\/\/yoast.com\/wordpress\/plugins\/seo\/ -->\n<title>P\u0159edlo\u017eka z koz\u00ed k\u016f\u017ee 20 - Scandesign - Ko\u017ee\u0161iny pro V\u00e1\u0161 domov<\/title>\n<meta name=\"robots\" content=\"index, follow, max-snippet:-1, max-image-preview:large, max-video-preview:-1\" \/>\n<link rel=\"canonical\" href=\"https:\/\/scandesign-old.yashicadev.cz\/sk\/produkt\/predlozka-z-kozi-kuze-19\/\" \/>\n<meta property=\"og:locale\" content=\"sk_SK\" \/>\n<meta property=\"og:type\" content=\"article\" \/>\n<meta property=\"og:title\" content=\"P\u0159edlo\u017eka z koz\u00ed k\u016f\u017ee 20 - Scandesign - Ko\u017ee\u0161iny pro V\u00e1\u0161 domov\" \/>\n<meta property=\"og:description\" content=\"Koz\u00ed k\u016f\u017ee, m\u011bkce \u010din\u011bn\u00e1 s jemn\u00fdm, na dotek p\u0159\u00edjemn\u00fdm chlupem. Foto konkr\u00e9tn\u00edho kusu.\" \/>\n<meta property=\"og:url\" content=\"https:\/\/scandesign-old.yashicadev.cz\/sk\/produkt\/predlozka-z-kozi-kuze-19\/\" \/>\n<meta property=\"og:site_name\" content=\"Scandesign - Ko\u017ee\u0161iny pro V\u00e1\u0161 domov\" \/>\n<meta property=\"article:modified_time\" content=\"2025-02-02T22:20:24+00:00\" \/>\n<meta property=\"og:image\" content=\"https:\/\/scandesign-old.yashicadev.cz\/wp-content\/uploads\/2020\/11\/IMG_9288_cut.jpg\" \/>\n\t<meta property=\"og:image:width\" content=\"1200\" \/>\n\t<meta property=\"og:image:height\" content=\"800\" \/>\n\t<meta property=\"og:image:type\" content=\"image\/jpeg\" \/>\n<meta name=\"twitter:card\" content=\"summary_large_image\" \/>\n<meta name=\"twitter:label1\" content=\"Predpokladan\u00fd \u010das \u010d\u00edtania\" \/>\n\t<meta name=\"twitter:data1\" content=\"1 min\u00fata\" \/>\n<script type=\"application\/ld+json\" class=\"yoast-schema-graph\">{\"@context\":\"https:\/\/schema.org\",\"@graph\":[{\"@type\":\"WebPage\",\"@id\":\"https:\/\/scandesign-old.yashicadev.cz\/sk\/produkt\/predlozka-z-kozi-kuze-19\/\",\"url\":\"https:\/\/scandesign-old.yashicadev.cz\/sk\/produkt\/predlozka-z-kozi-kuze-19\/\",\"name\":\"P\u0159edlo\u017eka z koz\u00ed k\u016f\u017ee 20 - Scandesign - Ko\u017ee\u0161iny pro V\u00e1\u0161 domov\",\"isPartOf\":{\"@id\":\"https:\/\/scandesign-old.yashicadev.cz\/sk\/#website\"},\"primaryImageOfPage\":{\"@id\":\"https:\/\/scandesign-old.yashicadev.cz\/sk\/produkt\/predlozka-z-kozi-kuze-19\/#primaryimage\"},\"image\":{\"@id\":\"https:\/\/scandesign-old.yashicadev.cz\/sk\/produkt\/predlozka-z-kozi-kuze-19\/#primaryimage\"},\"thumbnailUrl\":\"https:\/\/scandesign-old.yashicadev.cz\/wp-content\/uploads\/2020\/11\/IMG_9288_cut.jpg\",\"datePublished\":\"2020-11-29T16:04:18+00:00\",\"dateModified\":\"2025-02-02T22:20:24+00:00\",\"breadcrumb\":{\"@id\":\"https:\/\/scandesign-old.yashicadev.cz\/sk\/produkt\/predlozka-z-kozi-kuze-19\/#breadcrumb\"},\"inLanguage\":\"sk-SK\",\"potentialAction\":[{\"@type\":\"ReadAction\",\"target\":[\"https:\/\/scandesign-old.yashicadev.cz\/sk\/produkt\/predlozka-z-kozi-kuze-19\/\"]}]},{\"@type\":\"ImageObject\",\"inLanguage\":\"sk-SK\",\"@id\":\"https:\/\/scandesign-old.yashicadev.cz\/sk\/produkt\/predlozka-z-kozi-kuze-19\/#primaryimage\",\"url\":\"https:\/\/scandesign-old.yashicadev.cz\/wp-content\/uploads\/2020\/11\/IMG_9288_cut.jpg\",\"contentUrl\":\"https:\/\/scandesign-old.yashicadev.cz\/wp-content\/uploads\/2020\/11\/IMG_9288_cut.jpg\",\"width\":1200,\"height\":800},{\"@type\":\"BreadcrumbList\",\"@id\":\"https:\/\/scandesign-old.yashicadev.cz\/sk\/produkt\/predlozka-z-kozi-kuze-19\/#breadcrumb\",\"itemListElement\":[{\"@type\":\"ListItem\",\"position\":1,\"name\":\"Home\",\"item\":\"https:\/\/scandesign-old.yashicadev.cz\/\"},{\"@type\":\"ListItem\",\"position\":2,\"name\":\"Shop\",\"item\":\"https:\/\/scandesign-old.yashicadev.cz\/sk\/shop\/\"},{\"@type\":\"ListItem\",\"position\":3,\"name\":\"P\u0159edlo\u017eka z&nbsp;koz\u00ed k\u016f\u017ee 20\"}]},{\"@type\":\"WebSite\",\"@id\":\"https:\/\/scandesign-old.yashicadev.cz\/sk\/#website\",\"url\":\"https:\/\/scandesign-old.yashicadev.cz\/sk\/\",\"name\":\"Scandesign - Ko\u017ee\u0161iny pro V\u00e1\u0161 domov\",\"description\":\"Bytov\u00e9 dopl\u0148ky z hov\u011bz\u00ed a ov\u010d\u00ed k\u016f\u017ee\",\"publisher\":{\"@id\":\"https:\/\/scandesign-old.yashicadev.cz\/sk\/#organization\"},\"potentialAction\":[{\"@type\":\"SearchAction\",\"target\":{\"@type\":\"EntryPoint\",\"urlTemplate\":\"https:\/\/scandesign-old.yashicadev.cz\/sk\/?s={search_term_string}\"},\"query-input\":{\"@type\":\"PropertyValueSpecification\",\"valueRequired\":true,\"valueName\":\"search_term_string\"}}],\"inLanguage\":\"sk-SK\"},{\"@type\":\"Organization\",\"@id\":\"https:\/\/scandesign-old.yashicadev.cz\/sk\/#organization\",\"name\":\"Scandesign\",\"url\":\"https:\/\/scandesign-old.yashicadev.cz\/sk\/\",\"logo\":{\"@type\":\"ImageObject\",\"inLanguage\":\"sk-SK\",\"@id\":\"https:\/\/scandesign-old.yashicadev.cz\/sk\/#\/schema\/logo\/image\/\",\"url\":\"https:\/\/scandesign-old.yashicadev.cz\/wp-content\/uploads\/2019\/06\/logo.jpg\",\"contentUrl\":\"https:\/\/scandesign-old.yashicadev.cz\/wp-content\/uploads\/2019\/06\/logo.jpg\",\"width\":439,\"height\":79,\"caption\":\"Scandesign\"},\"image\":{\"@id\":\"https:\/\/scandesign-old.yashicadev.cz\/sk\/#\/schema\/logo\/image\/\"}}]}<\/script>\n<!-- \/ Yoast SEO plugin. -->","yoast_head_json":{"title":"P\u0159edlo\u017eka z koz\u00ed k\u016f\u017ee 20 - Scandesign - Ko\u017ee\u0161iny pro V\u00e1\u0161 domov","robots":{"index":"index","follow":"follow","max-snippet":"max-snippet:-1","max-image-preview":"max-image-preview:large","max-video-preview":"max-video-preview:-1"},"canonical":"https:\/\/scandesign-old.yashicadev.cz\/sk\/produkt\/predlozka-z-kozi-kuze-19\/","og_locale":"sk_SK","og_type":"article","og_title":"P\u0159edlo\u017eka z koz\u00ed k\u016f\u017ee 20 - Scandesign - Ko\u017ee\u0161iny pro V\u00e1\u0161 domov","og_description":"Koz\u00ed k\u016f\u017ee, m\u011bkce \u010din\u011bn\u00e1 s jemn\u00fdm, na dotek p\u0159\u00edjemn\u00fdm chlupem. Foto konkr\u00e9tn\u00edho kusu.","og_url":"https:\/\/scandesign-old.yashicadev.cz\/sk\/produkt\/predlozka-z-kozi-kuze-19\/","og_site_name":"Scandesign - Ko\u017ee\u0161iny pro V\u00e1\u0161 domov","article_modified_time":"2025-02-02T22:20:24+00:00","og_image":[{"width":1200,"height":800,"url":"https:\/\/scandesign-old.yashicadev.cz\/wp-content\/uploads\/2020\/11\/IMG_9288_cut.jpg","type":"image\/jpeg"}],"twitter_card":"summary_large_image","twitter_misc":{"Predpokladan\u00fd \u010das \u010d\u00edtania":"1 min\u00fata"},"schema":{"@context":"https:\/\/schema.org","@graph":[{"@type":"WebPage","@id":"https:\/\/scandesign-old.yashicadev.cz\/sk\/produkt\/predlozka-z-kozi-kuze-19\/","url":"https:\/\/scandesign-old.yashicadev.cz\/sk\/produkt\/predlozka-z-kozi-kuze-19\/","name":"P\u0159edlo\u017eka z koz\u00ed k\u016f\u017ee 20 - Scandesign - Ko\u017ee\u0161iny pro V\u00e1\u0161 domov","isPartOf":{"@id":"https:\/\/scandesign-old.yashicadev.cz\/sk\/#website"},"primaryImageOfPage":{"@id":"https:\/\/scandesign-old.yashicadev.cz\/sk\/produkt\/predlozka-z-kozi-kuze-19\/#primaryimage"},"image":{"@id":"https:\/\/scandesign-old.yashicadev.cz\/sk\/produkt\/predlozka-z-kozi-kuze-19\/#primaryimage"},"thumbnailUrl":"https:\/\/scandesign-old.yashicadev.cz\/wp-content\/uploads\/2020\/11\/IMG_9288_cut.jpg","datePublished":"2020-11-29T16:04:18+00:00","dateModified":"2025-02-02T22:20:24+00:00","breadcrumb":{"@id":"https:\/\/scandesign-old.yashicadev.cz\/sk\/produkt\/predlozka-z-kozi-kuze-19\/#breadcrumb"},"inLanguage":"sk-SK","potentialAction":[{"@type":"ReadAction","target":["https:\/\/scandesign-old.yashicadev.cz\/sk\/produkt\/predlozka-z-kozi-kuze-19\/"]}]},{"@type":"ImageObject","inLanguage":"sk-SK","@id":"https:\/\/scandesign-old.yashicadev.cz\/sk\/produkt\/predlozka-z-kozi-kuze-19\/#primaryimage","url":"https:\/\/scandesign-old.yashicadev.cz\/wp-content\/uploads\/2020\/11\/IMG_9288_cut.jpg","contentUrl":"https:\/\/scandesign-old.yashicadev.cz\/wp-content\/uploads\/2020\/11\/IMG_9288_cut.jpg","width":1200,"height":800},{"@type":"BreadcrumbList","@id":"https:\/\/scandesign-old.yashicadev.cz\/sk\/produkt\/predlozka-z-kozi-kuze-19\/#breadcrumb","itemListElement":[{"@type":"ListItem","position":1,"name":"Home","item":"https:\/\/scandesign-old.yashicadev.cz\/"},{"@type":"ListItem","position":2,"name":"Shop","item":"https:\/\/scandesign-old.yashicadev.cz\/sk\/shop\/"},{"@type":"ListItem","position":3,"name":"P\u0159edlo\u017eka z&nbsp;koz\u00ed k\u016f\u017ee 20"}]},{"@type":"WebSite","@id":"https:\/\/scandesign-old.yashicadev.cz\/sk\/#website","url":"https:\/\/scandesign-old.yashicadev.cz\/sk\/","name":"Scandesign - Ko\u017ee\u0161iny pro V\u00e1\u0161 domov","description":"Bytov\u00e9 dopl\u0148ky z hov\u011bz\u00ed a ov\u010d\u00ed k\u016f\u017ee","publisher":{"@id":"https:\/\/scandesign-old.yashicadev.cz\/sk\/#organization"},"potentialAction":[{"@type":"SearchAction","target":{"@type":"EntryPoint","urlTemplate":"https:\/\/scandesign-old.yashicadev.cz\/sk\/?s={search_term_string}"},"query-input":{"@type":"PropertyValueSpecification","valueRequired":true,"valueName":"search_term_string"}}],"inLanguage":"sk-SK"},{"@type":"Organization","@id":"https:\/\/scandesign-old.yashicadev.cz\/sk\/#organization","name":"Scandesign","url":"https:\/\/scandesign-old.yashicadev.cz\/sk\/","logo":{"@type":"ImageObject","inLanguage":"sk-SK","@id":"https:\/\/scandesign-old.yashicadev.cz\/sk\/#\/schema\/logo\/image\/","url":"https:\/\/scandesign-old.yashicadev.cz\/wp-content\/uploads\/2019\/06\/logo.jpg","contentUrl":"https:\/\/scandesign-old.yashicadev.cz\/wp-content\/uploads\/2019\/06\/logo.jpg","width":439,"height":79,"caption":"Scandesign"},"image":{"@id":"https:\/\/scandesign-old.yashicadev.cz\/sk\/#\/schema\/logo\/image\/"}}]}},"_links":{"self":[{"href":"https:\/\/scandesign-old.yashicadev.cz\/sk\/wp-json\/wp\/v2\/product\/6264"}],"collection":[{"href":"https:\/\/scandesign-old.yashicadev.cz\/sk\/wp-json\/wp\/v2\/product"}],"about":[{"href":"https:\/\/scandesign-old.yashicadev.cz\/sk\/wp-json\/wp\/v2\/types\/product"}],"wp:featuredmedia":[{"embeddable":true,"href":"https:\/\/scandesign-old.yashicadev.cz\/sk\/wp-json\/wp\/v2\/media\/6265"}],"wp:attachment":[{"href":"https:\/\/scandesign-old.yashicadev.cz\/sk\/wp-json\/wp\/v2\/media?parent=6264"}],"wp:term":[{"taxonomy":"product_brand","embeddable":true,"href":"https:\/\/scandesign-old.yashicadev.cz\/sk\/wp-json\/wp\/v2\/product_brand?post=6264"},{"taxonomy":"product_cat","embeddable":true,"href":"https:\/\/scandesign-old.yashicadev.cz\/sk\/wp-json\/wp\/v2\/product_cat?post=6264"},{"taxonomy":"product_tag","embeddable":true,"href":"https:\/\/scandesign-old.yashicadev.cz\/sk\/wp-json\/wp\/v2\/product_tag?post=6264"}],"curies":[{"name":"wp","href":"https:\/\/api.w.org\/{rel}","templated":true}]}}