{"id":8511,"date":"2021-11-21T21:55:24","date_gmt":"2021-11-21T20:55:24","guid":{"rendered":"https:\/\/scandesign-old.yashicadev.cz\/?post_type=product&#038;p=8511"},"modified":"2024-04-24T07:23:34","modified_gmt":"2024-04-24T06:23:34","slug":"dekoracni-hovezi-kuze-30-m2-hneda-609","status":"publish","type":"product","link":"https:\/\/scandesign-old.yashicadev.cz\/sk\/produkt\/dekoracni-hovezi-kuze-30-m2-hneda-609\/","title":{"rendered":"Dekora\u010dn\u00ed hov\u011bz\u00ed k\u016f\u017ee 3,7 m2  hn\u011bd\u00e1 609"},"content":{"rendered":"","protected":false},"excerpt":{"rendered":"<p>Kr\u00e1sn\u00e1, velk\u00e1 k\u016f\u017ee. M\u00e1 hust\u00fd, m\u011bkk\u00fd chlup, dlouh\u00fd cca 2-3 cm.<\/p>\n","protected":false},"featured_media":12766,"template":"","meta":{"_acf_changed":false},"product_brand":[],"product_cat":[19],"product_tag":[],"class_list":{"0":"post-8511","1":"product","2":"type-product","3":"status-publish","4":"has-post-thumbnail","6":"product_cat-dekoracni-kuze","8":"first","9":"instock","10":"sold-individually","11":"taxable","12":"shipping-taxable","13":"purchasable","14":"product-type-simple"},"acf":[],"yoast_head":"<!-- This site is optimized with the Yoast SEO plugin v24.6 - https:\/\/yoast.com\/wordpress\/plugins\/seo\/ -->\n<title>Dekora\u010dn\u00ed hov\u011bz\u00ed k\u016f\u017ee 3,7 m2 hn\u011bd\u00e1 609 - Scandesign - Ko\u017ee\u0161iny pro V\u00e1\u0161 domov<\/title>\n<meta name=\"robots\" content=\"index, follow, max-snippet:-1, max-image-preview:large, max-video-preview:-1\" \/>\n<link rel=\"canonical\" href=\"https:\/\/scandesign-old.yashicadev.cz\/sk\/produkt\/dekoracni-hovezi-kuze-30-m2-hneda-609\/\" \/>\n<meta property=\"og:locale\" content=\"sk_SK\" \/>\n<meta property=\"og:type\" content=\"article\" \/>\n<meta property=\"og:title\" content=\"Dekora\u010dn\u00ed hov\u011bz\u00ed k\u016f\u017ee 3,7 m2 hn\u011bd\u00e1 609 - Scandesign - Ko\u017ee\u0161iny pro V\u00e1\u0161 domov\" \/>\n<meta property=\"og:description\" content=\"Kr\u00e1sn\u00e1, velk\u00e1 k\u016f\u017ee. M\u00e1 hust\u00fd, m\u011bkk\u00fd chlup, dlouh\u00fd cca 2-3 cm.\" \/>\n<meta property=\"og:url\" content=\"https:\/\/scandesign-old.yashicadev.cz\/sk\/produkt\/dekoracni-hovezi-kuze-30-m2-hneda-609\/\" \/>\n<meta property=\"og:site_name\" content=\"Scandesign - Ko\u017ee\u0161iny pro V\u00e1\u0161 domov\" \/>\n<meta property=\"article:modified_time\" content=\"2024-04-24T06:23:34+00:00\" \/>\n<meta property=\"og:image\" content=\"https:\/\/scandesign-old.yashicadev.cz\/wp-content\/uploads\/2021\/11\/IMG_2488.jpg\" \/>\n\t<meta property=\"og:image:width\" content=\"1200\" \/>\n\t<meta property=\"og:image:height\" content=\"900\" \/>\n\t<meta property=\"og:image:type\" content=\"image\/jpeg\" \/>\n<meta name=\"twitter:card\" content=\"summary_large_image\" \/>\n<meta name=\"twitter:label1\" content=\"Predpokladan\u00fd \u010das \u010d\u00edtania\" \/>\n\t<meta name=\"twitter:data1\" content=\"1 min\u00fata\" \/>\n<script type=\"application\/ld+json\" class=\"yoast-schema-graph\">{\"@context\":\"https:\/\/schema.org\",\"@graph\":[{\"@type\":\"WebPage\",\"@id\":\"https:\/\/scandesign-old.yashicadev.cz\/sk\/produkt\/dekoracni-hovezi-kuze-30-m2-hneda-609\/\",\"url\":\"https:\/\/scandesign-old.yashicadev.cz\/sk\/produkt\/dekoracni-hovezi-kuze-30-m2-hneda-609\/\",\"name\":\"Dekora\u010dn\u00ed hov\u011bz\u00ed k\u016f\u017ee 3,7 m2 hn\u011bd\u00e1 609 - Scandesign - Ko\u017ee\u0161iny pro V\u00e1\u0161 domov\",\"isPartOf\":{\"@id\":\"https:\/\/scandesign-old.yashicadev.cz\/sk\/#website\"},\"primaryImageOfPage\":{\"@id\":\"https:\/\/scandesign-old.yashicadev.cz\/sk\/produkt\/dekoracni-hovezi-kuze-30-m2-hneda-609\/#primaryimage\"},\"image\":{\"@id\":\"https:\/\/scandesign-old.yashicadev.cz\/sk\/produkt\/dekoracni-hovezi-kuze-30-m2-hneda-609\/#primaryimage\"},\"thumbnailUrl\":\"https:\/\/scandesign-old.yashicadev.cz\/wp-content\/uploads\/2021\/11\/IMG_2488.jpg\",\"datePublished\":\"2021-11-21T20:55:24+00:00\",\"dateModified\":\"2024-04-24T06:23:34+00:00\",\"breadcrumb\":{\"@id\":\"https:\/\/scandesign-old.yashicadev.cz\/sk\/produkt\/dekoracni-hovezi-kuze-30-m2-hneda-609\/#breadcrumb\"},\"inLanguage\":\"sk-SK\",\"potentialAction\":[{\"@type\":\"ReadAction\",\"target\":[\"https:\/\/scandesign-old.yashicadev.cz\/sk\/produkt\/dekoracni-hovezi-kuze-30-m2-hneda-609\/\"]}]},{\"@type\":\"ImageObject\",\"inLanguage\":\"sk-SK\",\"@id\":\"https:\/\/scandesign-old.yashicadev.cz\/sk\/produkt\/dekoracni-hovezi-kuze-30-m2-hneda-609\/#primaryimage\",\"url\":\"https:\/\/scandesign-old.yashicadev.cz\/wp-content\/uploads\/2021\/11\/IMG_2488.jpg\",\"contentUrl\":\"https:\/\/scandesign-old.yashicadev.cz\/wp-content\/uploads\/2021\/11\/IMG_2488.jpg\",\"width\":1200,\"height\":900},{\"@type\":\"BreadcrumbList\",\"@id\":\"https:\/\/scandesign-old.yashicadev.cz\/sk\/produkt\/dekoracni-hovezi-kuze-30-m2-hneda-609\/#breadcrumb\",\"itemListElement\":[{\"@type\":\"ListItem\",\"position\":1,\"name\":\"Home\",\"item\":\"https:\/\/scandesign-old.yashicadev.cz\/\"},{\"@type\":\"ListItem\",\"position\":2,\"name\":\"Shop\",\"item\":\"https:\/\/scandesign-old.yashicadev.cz\/sk\/shop\/\"},{\"@type\":\"ListItem\",\"position\":3,\"name\":\"Dekora\u010dn\u00ed hov\u011bz\u00ed k\u016f\u017ee 3,7 m2 hn\u011bd\u00e1 609\"}]},{\"@type\":\"WebSite\",\"@id\":\"https:\/\/scandesign-old.yashicadev.cz\/sk\/#website\",\"url\":\"https:\/\/scandesign-old.yashicadev.cz\/sk\/\",\"name\":\"Scandesign - Ko\u017ee\u0161iny pro V\u00e1\u0161 domov\",\"description\":\"Bytov\u00e9 dopl\u0148ky z hov\u011bz\u00ed a ov\u010d\u00ed k\u016f\u017ee\",\"publisher\":{\"@id\":\"https:\/\/scandesign-old.yashicadev.cz\/sk\/#organization\"},\"potentialAction\":[{\"@type\":\"SearchAction\",\"target\":{\"@type\":\"EntryPoint\",\"urlTemplate\":\"https:\/\/scandesign-old.yashicadev.cz\/sk\/?s={search_term_string}\"},\"query-input\":{\"@type\":\"PropertyValueSpecification\",\"valueRequired\":true,\"valueName\":\"search_term_string\"}}],\"inLanguage\":\"sk-SK\"},{\"@type\":\"Organization\",\"@id\":\"https:\/\/scandesign-old.yashicadev.cz\/sk\/#organization\",\"name\":\"Scandesign\",\"url\":\"https:\/\/scandesign-old.yashicadev.cz\/sk\/\",\"logo\":{\"@type\":\"ImageObject\",\"inLanguage\":\"sk-SK\",\"@id\":\"https:\/\/scandesign-old.yashicadev.cz\/sk\/#\/schema\/logo\/image\/\",\"url\":\"https:\/\/scandesign-old.yashicadev.cz\/wp-content\/uploads\/2019\/06\/logo.jpg\",\"contentUrl\":\"https:\/\/scandesign-old.yashicadev.cz\/wp-content\/uploads\/2019\/06\/logo.jpg\",\"width\":439,\"height\":79,\"caption\":\"Scandesign\"},\"image\":{\"@id\":\"https:\/\/scandesign-old.yashicadev.cz\/sk\/#\/schema\/logo\/image\/\"}}]}<\/script>\n<!-- \/ Yoast SEO plugin. -->","yoast_head_json":{"title":"Dekora\u010dn\u00ed hov\u011bz\u00ed k\u016f\u017ee 3,7 m2 hn\u011bd\u00e1 609 - Scandesign - Ko\u017ee\u0161iny pro V\u00e1\u0161 domov","robots":{"index":"index","follow":"follow","max-snippet":"max-snippet:-1","max-image-preview":"max-image-preview:large","max-video-preview":"max-video-preview:-1"},"canonical":"https:\/\/scandesign-old.yashicadev.cz\/sk\/produkt\/dekoracni-hovezi-kuze-30-m2-hneda-609\/","og_locale":"sk_SK","og_type":"article","og_title":"Dekora\u010dn\u00ed hov\u011bz\u00ed k\u016f\u017ee 3,7 m2 hn\u011bd\u00e1 609 - Scandesign - Ko\u017ee\u0161iny pro V\u00e1\u0161 domov","og_description":"Kr\u00e1sn\u00e1, velk\u00e1 k\u016f\u017ee. M\u00e1 hust\u00fd, m\u011bkk\u00fd chlup, dlouh\u00fd cca 2-3 cm.","og_url":"https:\/\/scandesign-old.yashicadev.cz\/sk\/produkt\/dekoracni-hovezi-kuze-30-m2-hneda-609\/","og_site_name":"Scandesign - Ko\u017ee\u0161iny pro V\u00e1\u0161 domov","article_modified_time":"2024-04-24T06:23:34+00:00","og_image":[{"width":1200,"height":900,"url":"https:\/\/scandesign-old.yashicadev.cz\/wp-content\/uploads\/2021\/11\/IMG_2488.jpg","type":"image\/jpeg"}],"twitter_card":"summary_large_image","twitter_misc":{"Predpokladan\u00fd \u010das \u010d\u00edtania":"1 min\u00fata"},"schema":{"@context":"https:\/\/schema.org","@graph":[{"@type":"WebPage","@id":"https:\/\/scandesign-old.yashicadev.cz\/sk\/produkt\/dekoracni-hovezi-kuze-30-m2-hneda-609\/","url":"https:\/\/scandesign-old.yashicadev.cz\/sk\/produkt\/dekoracni-hovezi-kuze-30-m2-hneda-609\/","name":"Dekora\u010dn\u00ed hov\u011bz\u00ed k\u016f\u017ee 3,7 m2 hn\u011bd\u00e1 609 - Scandesign - Ko\u017ee\u0161iny pro V\u00e1\u0161 domov","isPartOf":{"@id":"https:\/\/scandesign-old.yashicadev.cz\/sk\/#website"},"primaryImageOfPage":{"@id":"https:\/\/scandesign-old.yashicadev.cz\/sk\/produkt\/dekoracni-hovezi-kuze-30-m2-hneda-609\/#primaryimage"},"image":{"@id":"https:\/\/scandesign-old.yashicadev.cz\/sk\/produkt\/dekoracni-hovezi-kuze-30-m2-hneda-609\/#primaryimage"},"thumbnailUrl":"https:\/\/scandesign-old.yashicadev.cz\/wp-content\/uploads\/2021\/11\/IMG_2488.jpg","datePublished":"2021-11-21T20:55:24+00:00","dateModified":"2024-04-24T06:23:34+00:00","breadcrumb":{"@id":"https:\/\/scandesign-old.yashicadev.cz\/sk\/produkt\/dekoracni-hovezi-kuze-30-m2-hneda-609\/#breadcrumb"},"inLanguage":"sk-SK","potentialAction":[{"@type":"ReadAction","target":["https:\/\/scandesign-old.yashicadev.cz\/sk\/produkt\/dekoracni-hovezi-kuze-30-m2-hneda-609\/"]}]},{"@type":"ImageObject","inLanguage":"sk-SK","@id":"https:\/\/scandesign-old.yashicadev.cz\/sk\/produkt\/dekoracni-hovezi-kuze-30-m2-hneda-609\/#primaryimage","url":"https:\/\/scandesign-old.yashicadev.cz\/wp-content\/uploads\/2021\/11\/IMG_2488.jpg","contentUrl":"https:\/\/scandesign-old.yashicadev.cz\/wp-content\/uploads\/2021\/11\/IMG_2488.jpg","width":1200,"height":900},{"@type":"BreadcrumbList","@id":"https:\/\/scandesign-old.yashicadev.cz\/sk\/produkt\/dekoracni-hovezi-kuze-30-m2-hneda-609\/#breadcrumb","itemListElement":[{"@type":"ListItem","position":1,"name":"Home","item":"https:\/\/scandesign-old.yashicadev.cz\/"},{"@type":"ListItem","position":2,"name":"Shop","item":"https:\/\/scandesign-old.yashicadev.cz\/sk\/shop\/"},{"@type":"ListItem","position":3,"name":"Dekora\u010dn\u00ed hov\u011bz\u00ed k\u016f\u017ee 3,7 m2 hn\u011bd\u00e1 609"}]},{"@type":"WebSite","@id":"https:\/\/scandesign-old.yashicadev.cz\/sk\/#website","url":"https:\/\/scandesign-old.yashicadev.cz\/sk\/","name":"Scandesign - Ko\u017ee\u0161iny pro V\u00e1\u0161 domov","description":"Bytov\u00e9 dopl\u0148ky z hov\u011bz\u00ed a ov\u010d\u00ed k\u016f\u017ee","publisher":{"@id":"https:\/\/scandesign-old.yashicadev.cz\/sk\/#organization"},"potentialAction":[{"@type":"SearchAction","target":{"@type":"EntryPoint","urlTemplate":"https:\/\/scandesign-old.yashicadev.cz\/sk\/?s={search_term_string}"},"query-input":{"@type":"PropertyValueSpecification","valueRequired":true,"valueName":"search_term_string"}}],"inLanguage":"sk-SK"},{"@type":"Organization","@id":"https:\/\/scandesign-old.yashicadev.cz\/sk\/#organization","name":"Scandesign","url":"https:\/\/scandesign-old.yashicadev.cz\/sk\/","logo":{"@type":"ImageObject","inLanguage":"sk-SK","@id":"https:\/\/scandesign-old.yashicadev.cz\/sk\/#\/schema\/logo\/image\/","url":"https:\/\/scandesign-old.yashicadev.cz\/wp-content\/uploads\/2019\/06\/logo.jpg","contentUrl":"https:\/\/scandesign-old.yashicadev.cz\/wp-content\/uploads\/2019\/06\/logo.jpg","width":439,"height":79,"caption":"Scandesign"},"image":{"@id":"https:\/\/scandesign-old.yashicadev.cz\/sk\/#\/schema\/logo\/image\/"}}]}},"_links":{"self":[{"href":"https:\/\/scandesign-old.yashicadev.cz\/sk\/wp-json\/wp\/v2\/product\/8511"}],"collection":[{"href":"https:\/\/scandesign-old.yashicadev.cz\/sk\/wp-json\/wp\/v2\/product"}],"about":[{"href":"https:\/\/scandesign-old.yashicadev.cz\/sk\/wp-json\/wp\/v2\/types\/product"}],"wp:featuredmedia":[{"embeddable":true,"href":"https:\/\/scandesign-old.yashicadev.cz\/sk\/wp-json\/wp\/v2\/media\/12766"}],"wp:attachment":[{"href":"https:\/\/scandesign-old.yashicadev.cz\/sk\/wp-json\/wp\/v2\/media?parent=8511"}],"wp:term":[{"taxonomy":"product_brand","embeddable":true,"href":"https:\/\/scandesign-old.yashicadev.cz\/sk\/wp-json\/wp\/v2\/product_brand?post=8511"},{"taxonomy":"product_cat","embeddable":true,"href":"https:\/\/scandesign-old.yashicadev.cz\/sk\/wp-json\/wp\/v2\/product_cat?post=8511"},{"taxonomy":"product_tag","embeddable":true,"href":"https:\/\/scandesign-old.yashicadev.cz\/sk\/wp-json\/wp\/v2\/product_tag?post=8511"}],"curies":[{"name":"wp","href":"https:\/\/api.w.org\/{rel}","templated":true}]}}