{"id":9741,"date":"2022-10-14T21:25:25","date_gmt":"2022-10-14T20:25:25","guid":{"rendered":"https:\/\/scandesign-old.yashicadev.cz\/?post_type=product&#038;p=9741"},"modified":"2024-01-12T08:29:38","modified_gmt":"2024-01-12T07:29:38","slug":"koberec-kusovy-hovezi-kuze-37-m2-sul-a-pepr-266","status":"publish","type":"product","link":"https:\/\/scandesign-old.yashicadev.cz\/sk\/produkt\/koberec-kusovy-hovezi-kuze-37-m2-sul-a-pepr-266\/","title":{"rendered":"Koberec kusov\u00fd hov\u011bz\u00ed k\u016f\u017ee 3,7 m2, s\u016fl a pep\u0159 266"},"content":{"rendered":"","protected":false},"excerpt":{"rendered":"<p>\u010cernob\u00edl\u00e1 k\u016f\u017ee s&nbsp;kr\u00e1sn\u00fdm vybarven\u00edm. M\u011bkk\u00fd chlup o d\u00e9lce cca 0,5 -1 cm. M\u011bkk\u00e9 \u010din\u011bn\u00ed.<\/p>\n","protected":false},"featured_media":12045,"template":"","meta":{"_acf_changed":false},"product_brand":[],"product_cat":[19],"product_tag":[],"class_list":{"0":"post-9741","1":"product","2":"type-product","3":"status-publish","4":"has-post-thumbnail","6":"product_cat-dekoracni-kuze","8":"first","9":"instock","10":"taxable","11":"shipping-taxable","12":"purchasable","13":"product-type-simple"},"acf":[],"yoast_head":"<!-- This site is optimized with the Yoast SEO plugin v24.6 - https:\/\/yoast.com\/wordpress\/plugins\/seo\/ -->\n<title>Koberec kusov\u00fd hov\u011bz\u00ed k\u016f\u017ee 3,7 m2, s\u016fl a pep\u0159 266 - Scandesign - Ko\u017ee\u0161iny pro V\u00e1\u0161 domov<\/title>\n<meta name=\"robots\" content=\"index, follow, max-snippet:-1, max-image-preview:large, max-video-preview:-1\" \/>\n<link rel=\"canonical\" href=\"https:\/\/scandesign-old.yashicadev.cz\/sk\/produkt\/koberec-kusovy-hovezi-kuze-37-m2-sul-a-pepr-266\/\" \/>\n<meta property=\"og:locale\" content=\"sk_SK\" \/>\n<meta property=\"og:type\" content=\"article\" \/>\n<meta property=\"og:title\" content=\"Koberec kusov\u00fd hov\u011bz\u00ed k\u016f\u017ee 3,7 m2, s\u016fl a pep\u0159 266 - Scandesign - Ko\u017ee\u0161iny pro V\u00e1\u0161 domov\" \/>\n<meta property=\"og:description\" content=\"\u010cernob\u00edl\u00e1 k\u016f\u017ee s kr\u00e1sn\u00fdm vybarven\u00edm. M\u011bkk\u00fd chlup o d\u00e9lce cca 0,5 -1 cm. M\u011bkk\u00e9 \u010din\u011bn\u00ed.\" \/>\n<meta property=\"og:url\" content=\"https:\/\/scandesign-old.yashicadev.cz\/sk\/produkt\/koberec-kusovy-hovezi-kuze-37-m2-sul-a-pepr-266\/\" \/>\n<meta property=\"og:site_name\" content=\"Scandesign - Ko\u017ee\u0161iny pro V\u00e1\u0161 domov\" \/>\n<meta property=\"article:modified_time\" content=\"2024-01-12T07:29:38+00:00\" \/>\n<meta property=\"og:image\" content=\"https:\/\/scandesign-old.yashicadev.cz\/wp-content\/uploads\/2022\/10\/IMG_1736.jpg\" \/>\n\t<meta property=\"og:image:width\" content=\"1200\" \/>\n\t<meta property=\"og:image:height\" content=\"900\" \/>\n\t<meta property=\"og:image:type\" content=\"image\/jpeg\" \/>\n<meta name=\"twitter:card\" content=\"summary_large_image\" \/>\n<meta name=\"twitter:label1\" content=\"Predpokladan\u00fd \u010das \u010d\u00edtania\" \/>\n\t<meta name=\"twitter:data1\" content=\"1 min\u00fata\" \/>\n<script type=\"application\/ld+json\" class=\"yoast-schema-graph\">{\"@context\":\"https:\/\/schema.org\",\"@graph\":[{\"@type\":\"WebPage\",\"@id\":\"https:\/\/scandesign-old.yashicadev.cz\/sk\/produkt\/koberec-kusovy-hovezi-kuze-37-m2-sul-a-pepr-266\/\",\"url\":\"https:\/\/scandesign-old.yashicadev.cz\/sk\/produkt\/koberec-kusovy-hovezi-kuze-37-m2-sul-a-pepr-266\/\",\"name\":\"Koberec kusov\u00fd hov\u011bz\u00ed k\u016f\u017ee 3,7 m2, s\u016fl a pep\u0159 266 - Scandesign - Ko\u017ee\u0161iny pro V\u00e1\u0161 domov\",\"isPartOf\":{\"@id\":\"https:\/\/scandesign-old.yashicadev.cz\/sk\/#website\"},\"primaryImageOfPage\":{\"@id\":\"https:\/\/scandesign-old.yashicadev.cz\/sk\/produkt\/koberec-kusovy-hovezi-kuze-37-m2-sul-a-pepr-266\/#primaryimage\"},\"image\":{\"@id\":\"https:\/\/scandesign-old.yashicadev.cz\/sk\/produkt\/koberec-kusovy-hovezi-kuze-37-m2-sul-a-pepr-266\/#primaryimage\"},\"thumbnailUrl\":\"https:\/\/scandesign-old.yashicadev.cz\/wp-content\/uploads\/2022\/10\/IMG_1736.jpg\",\"datePublished\":\"2022-10-14T20:25:25+00:00\",\"dateModified\":\"2024-01-12T07:29:38+00:00\",\"breadcrumb\":{\"@id\":\"https:\/\/scandesign-old.yashicadev.cz\/sk\/produkt\/koberec-kusovy-hovezi-kuze-37-m2-sul-a-pepr-266\/#breadcrumb\"},\"inLanguage\":\"sk-SK\",\"potentialAction\":[{\"@type\":\"ReadAction\",\"target\":[\"https:\/\/scandesign-old.yashicadev.cz\/sk\/produkt\/koberec-kusovy-hovezi-kuze-37-m2-sul-a-pepr-266\/\"]}]},{\"@type\":\"ImageObject\",\"inLanguage\":\"sk-SK\",\"@id\":\"https:\/\/scandesign-old.yashicadev.cz\/sk\/produkt\/koberec-kusovy-hovezi-kuze-37-m2-sul-a-pepr-266\/#primaryimage\",\"url\":\"https:\/\/scandesign-old.yashicadev.cz\/wp-content\/uploads\/2022\/10\/IMG_1736.jpg\",\"contentUrl\":\"https:\/\/scandesign-old.yashicadev.cz\/wp-content\/uploads\/2022\/10\/IMG_1736.jpg\",\"width\":1200,\"height\":900},{\"@type\":\"BreadcrumbList\",\"@id\":\"https:\/\/scandesign-old.yashicadev.cz\/sk\/produkt\/koberec-kusovy-hovezi-kuze-37-m2-sul-a-pepr-266\/#breadcrumb\",\"itemListElement\":[{\"@type\":\"ListItem\",\"position\":1,\"name\":\"Home\",\"item\":\"https:\/\/scandesign-old.yashicadev.cz\/\"},{\"@type\":\"ListItem\",\"position\":2,\"name\":\"Shop\",\"item\":\"https:\/\/scandesign-old.yashicadev.cz\/sk\/shop\/\"},{\"@type\":\"ListItem\",\"position\":3,\"name\":\"Koberec kusov\u00fd hov\u011bz\u00ed k\u016f\u017ee 3,7 m2, s\u016fl a pep\u0159 266\"}]},{\"@type\":\"WebSite\",\"@id\":\"https:\/\/scandesign-old.yashicadev.cz\/sk\/#website\",\"url\":\"https:\/\/scandesign-old.yashicadev.cz\/sk\/\",\"name\":\"Scandesign - Ko\u017ee\u0161iny pro V\u00e1\u0161 domov\",\"description\":\"Bytov\u00e9 dopl\u0148ky z hov\u011bz\u00ed a ov\u010d\u00ed k\u016f\u017ee\",\"publisher\":{\"@id\":\"https:\/\/scandesign-old.yashicadev.cz\/sk\/#organization\"},\"potentialAction\":[{\"@type\":\"SearchAction\",\"target\":{\"@type\":\"EntryPoint\",\"urlTemplate\":\"https:\/\/scandesign-old.yashicadev.cz\/sk\/?s={search_term_string}\"},\"query-input\":{\"@type\":\"PropertyValueSpecification\",\"valueRequired\":true,\"valueName\":\"search_term_string\"}}],\"inLanguage\":\"sk-SK\"},{\"@type\":\"Organization\",\"@id\":\"https:\/\/scandesign-old.yashicadev.cz\/sk\/#organization\",\"name\":\"Scandesign\",\"url\":\"https:\/\/scandesign-old.yashicadev.cz\/sk\/\",\"logo\":{\"@type\":\"ImageObject\",\"inLanguage\":\"sk-SK\",\"@id\":\"https:\/\/scandesign-old.yashicadev.cz\/sk\/#\/schema\/logo\/image\/\",\"url\":\"https:\/\/scandesign-old.yashicadev.cz\/wp-content\/uploads\/2019\/06\/logo.jpg\",\"contentUrl\":\"https:\/\/scandesign-old.yashicadev.cz\/wp-content\/uploads\/2019\/06\/logo.jpg\",\"width\":439,\"height\":79,\"caption\":\"Scandesign\"},\"image\":{\"@id\":\"https:\/\/scandesign-old.yashicadev.cz\/sk\/#\/schema\/logo\/image\/\"}}]}<\/script>\n<!-- \/ Yoast SEO plugin. -->","yoast_head_json":{"title":"Koberec kusov\u00fd hov\u011bz\u00ed k\u016f\u017ee 3,7 m2, s\u016fl a pep\u0159 266 - Scandesign - Ko\u017ee\u0161iny pro V\u00e1\u0161 domov","robots":{"index":"index","follow":"follow","max-snippet":"max-snippet:-1","max-image-preview":"max-image-preview:large","max-video-preview":"max-video-preview:-1"},"canonical":"https:\/\/scandesign-old.yashicadev.cz\/sk\/produkt\/koberec-kusovy-hovezi-kuze-37-m2-sul-a-pepr-266\/","og_locale":"sk_SK","og_type":"article","og_title":"Koberec kusov\u00fd hov\u011bz\u00ed k\u016f\u017ee 3,7 m2, s\u016fl a pep\u0159 266 - Scandesign - Ko\u017ee\u0161iny pro V\u00e1\u0161 domov","og_description":"\u010cernob\u00edl\u00e1 k\u016f\u017ee s kr\u00e1sn\u00fdm vybarven\u00edm. M\u011bkk\u00fd chlup o d\u00e9lce cca 0,5 -1 cm. M\u011bkk\u00e9 \u010din\u011bn\u00ed.","og_url":"https:\/\/scandesign-old.yashicadev.cz\/sk\/produkt\/koberec-kusovy-hovezi-kuze-37-m2-sul-a-pepr-266\/","og_site_name":"Scandesign - Ko\u017ee\u0161iny pro V\u00e1\u0161 domov","article_modified_time":"2024-01-12T07:29:38+00:00","og_image":[{"width":1200,"height":900,"url":"https:\/\/scandesign-old.yashicadev.cz\/wp-content\/uploads\/2022\/10\/IMG_1736.jpg","type":"image\/jpeg"}],"twitter_card":"summary_large_image","twitter_misc":{"Predpokladan\u00fd \u010das \u010d\u00edtania":"1 min\u00fata"},"schema":{"@context":"https:\/\/schema.org","@graph":[{"@type":"WebPage","@id":"https:\/\/scandesign-old.yashicadev.cz\/sk\/produkt\/koberec-kusovy-hovezi-kuze-37-m2-sul-a-pepr-266\/","url":"https:\/\/scandesign-old.yashicadev.cz\/sk\/produkt\/koberec-kusovy-hovezi-kuze-37-m2-sul-a-pepr-266\/","name":"Koberec kusov\u00fd hov\u011bz\u00ed k\u016f\u017ee 3,7 m2, s\u016fl a pep\u0159 266 - Scandesign - Ko\u017ee\u0161iny pro V\u00e1\u0161 domov","isPartOf":{"@id":"https:\/\/scandesign-old.yashicadev.cz\/sk\/#website"},"primaryImageOfPage":{"@id":"https:\/\/scandesign-old.yashicadev.cz\/sk\/produkt\/koberec-kusovy-hovezi-kuze-37-m2-sul-a-pepr-266\/#primaryimage"},"image":{"@id":"https:\/\/scandesign-old.yashicadev.cz\/sk\/produkt\/koberec-kusovy-hovezi-kuze-37-m2-sul-a-pepr-266\/#primaryimage"},"thumbnailUrl":"https:\/\/scandesign-old.yashicadev.cz\/wp-content\/uploads\/2022\/10\/IMG_1736.jpg","datePublished":"2022-10-14T20:25:25+00:00","dateModified":"2024-01-12T07:29:38+00:00","breadcrumb":{"@id":"https:\/\/scandesign-old.yashicadev.cz\/sk\/produkt\/koberec-kusovy-hovezi-kuze-37-m2-sul-a-pepr-266\/#breadcrumb"},"inLanguage":"sk-SK","potentialAction":[{"@type":"ReadAction","target":["https:\/\/scandesign-old.yashicadev.cz\/sk\/produkt\/koberec-kusovy-hovezi-kuze-37-m2-sul-a-pepr-266\/"]}]},{"@type":"ImageObject","inLanguage":"sk-SK","@id":"https:\/\/scandesign-old.yashicadev.cz\/sk\/produkt\/koberec-kusovy-hovezi-kuze-37-m2-sul-a-pepr-266\/#primaryimage","url":"https:\/\/scandesign-old.yashicadev.cz\/wp-content\/uploads\/2022\/10\/IMG_1736.jpg","contentUrl":"https:\/\/scandesign-old.yashicadev.cz\/wp-content\/uploads\/2022\/10\/IMG_1736.jpg","width":1200,"height":900},{"@type":"BreadcrumbList","@id":"https:\/\/scandesign-old.yashicadev.cz\/sk\/produkt\/koberec-kusovy-hovezi-kuze-37-m2-sul-a-pepr-266\/#breadcrumb","itemListElement":[{"@type":"ListItem","position":1,"name":"Home","item":"https:\/\/scandesign-old.yashicadev.cz\/"},{"@type":"ListItem","position":2,"name":"Shop","item":"https:\/\/scandesign-old.yashicadev.cz\/sk\/shop\/"},{"@type":"ListItem","position":3,"name":"Koberec kusov\u00fd hov\u011bz\u00ed k\u016f\u017ee 3,7 m2, s\u016fl a pep\u0159 266"}]},{"@type":"WebSite","@id":"https:\/\/scandesign-old.yashicadev.cz\/sk\/#website","url":"https:\/\/scandesign-old.yashicadev.cz\/sk\/","name":"Scandesign - Ko\u017ee\u0161iny pro V\u00e1\u0161 domov","description":"Bytov\u00e9 dopl\u0148ky z hov\u011bz\u00ed a ov\u010d\u00ed k\u016f\u017ee","publisher":{"@id":"https:\/\/scandesign-old.yashicadev.cz\/sk\/#organization"},"potentialAction":[{"@type":"SearchAction","target":{"@type":"EntryPoint","urlTemplate":"https:\/\/scandesign-old.yashicadev.cz\/sk\/?s={search_term_string}"},"query-input":{"@type":"PropertyValueSpecification","valueRequired":true,"valueName":"search_term_string"}}],"inLanguage":"sk-SK"},{"@type":"Organization","@id":"https:\/\/scandesign-old.yashicadev.cz\/sk\/#organization","name":"Scandesign","url":"https:\/\/scandesign-old.yashicadev.cz\/sk\/","logo":{"@type":"ImageObject","inLanguage":"sk-SK","@id":"https:\/\/scandesign-old.yashicadev.cz\/sk\/#\/schema\/logo\/image\/","url":"https:\/\/scandesign-old.yashicadev.cz\/wp-content\/uploads\/2019\/06\/logo.jpg","contentUrl":"https:\/\/scandesign-old.yashicadev.cz\/wp-content\/uploads\/2019\/06\/logo.jpg","width":439,"height":79,"caption":"Scandesign"},"image":{"@id":"https:\/\/scandesign-old.yashicadev.cz\/sk\/#\/schema\/logo\/image\/"}}]}},"_links":{"self":[{"href":"https:\/\/scandesign-old.yashicadev.cz\/sk\/wp-json\/wp\/v2\/product\/9741"}],"collection":[{"href":"https:\/\/scandesign-old.yashicadev.cz\/sk\/wp-json\/wp\/v2\/product"}],"about":[{"href":"https:\/\/scandesign-old.yashicadev.cz\/sk\/wp-json\/wp\/v2\/types\/product"}],"wp:featuredmedia":[{"embeddable":true,"href":"https:\/\/scandesign-old.yashicadev.cz\/sk\/wp-json\/wp\/v2\/media\/12045"}],"wp:attachment":[{"href":"https:\/\/scandesign-old.yashicadev.cz\/sk\/wp-json\/wp\/v2\/media?parent=9741"}],"wp:term":[{"taxonomy":"product_brand","embeddable":true,"href":"https:\/\/scandesign-old.yashicadev.cz\/sk\/wp-json\/wp\/v2\/product_brand?post=9741"},{"taxonomy":"product_cat","embeddable":true,"href":"https:\/\/scandesign-old.yashicadev.cz\/sk\/wp-json\/wp\/v2\/product_cat?post=9741"},{"taxonomy":"product_tag","embeddable":true,"href":"https:\/\/scandesign-old.yashicadev.cz\/sk\/wp-json\/wp\/v2\/product_tag?post=9741"}],"curies":[{"name":"wp","href":"https:\/\/api.w.org\/{rel}","templated":true}]}}